{"id":2002,"date":"2025-07-02T00:12:50","date_gmt":"2025-07-01T16:12:50","guid":{"rendered":"https:\/\/www.jinpinlub.net\/?post_type=product&#038;p=2002"},"modified":"2026-04-22T08:51:16","modified_gmt":"2026-04-22T00:51:16","slug":"tokyo-keiki-single-pump-vane-pump-sqp2-series-industrial-hydraulic-oil-pump","status":"publish","type":"product","link":"https:\/\/www.jinpinlub.net\/vi\/product\/tokyo-keiki-single-pump-vane-pump-sqp2-series-industrial-hydraulic-oil-pump\/","title":{"rendered":"B\u01a1m d\u1ea7u th\u1ee7y l\u1ef1c c\u00f4ng nghi\u1ec7p Tokyo Keiki b\u01a1m c\u00e1nh g\u1ea1t \u0111\u01a1n SQP2 series"},"content":{"rendered":"<h2>T\u00ednh n\u0103ng<\/h2>\n<p>B\u01a1m c\u00e1nh g\u1ea1t \u0111\u01a1n d\u00f2ng SQP2 c\u1ee7a Tokyo Keiki l\u00e0 b\u01a1m th\u1ec3 t\u00edch \u0111\u01b0\u1ee3c thi\u1ebft k\u1ebf cho c\u00e1c h\u1ec7 th\u1ed1ng th\u1ee7y l\u1ef1c \u00e1p su\u1ea5t trung b\u00ecnh v\u00e0 cao. B\u01a1m c\u00e1nh g\u1ea1t SQP2 c\u00f3 c\u1ea5u tr\u00fac d\u1ea1ng m\u00f4-\u0111un, th\u00e2n b\u01a1m nh\u1ecf g\u1ecdn, d\u1ec5 l\u1eafp \u0111\u1eb7t v\u00e0 b\u1ea3o tr\u00ec. C\u00e1c b\u1ed9 ph\u1eadn ch\u00ednh \u0111\u01b0\u1ee3c ch\u1ebf t\u1ea1o b\u1eb1ng c\u00f4ng ngh\u1ec7 gia c\u00f4ng c\u00f3 \u0111\u1ed9 ch\u00ednh x\u00e1c cao, c\u00f3 th\u1ec3 gi\u1eef kho\u1ea3ng h\u1edf b\u00ean trong v\u1eeba kh\u00edt \u0111\u1ec3 \u0111\u1ea1t hi\u1ec7u qu\u1ea3 v\u1ec1 th\u1ec3 t\u00edch v\u1edbi m\u1ee9c r\u00f2 r\u1ec9 th\u1ea5p.<br \/>\nV\u1ec1 ki\u1ec3m so\u00e1t ti\u1ebfng \u1ed3n, b\u01a1m th\u1ee7y l\u1ef1c SQP2 s\u1eed d\u1ee5ng g\u00f3c kh\u00e1c nhau gi\u1eefa c\u00e1nh v\u00e0 stato \u0111\u1ec3 t\u1ed1i \u01b0u h\u00f3a xung th\u1ee7y l\u1ef1c nh\u01b0 m\u1ed9t ngu\u1ed3n ti\u1ebfng \u1ed3n.<br \/>\nNgo\u00e0i ra, m\u00e1y b\u01a1m s\u1eed d\u1ee5ng c\u1ea5u tr\u00fac \u0111\u1ec7m k\u00eanh d\u00f2ng ch\u1ea3y b\u00ean trong. Thi\u1ebft k\u1ebf d\u00e0y h\u01a1n c\u1ee7a v\u1ecf th\u00e2n m\u00e1y b\u01a1m c\u0169ng c\u00f3 th\u1ec3 \u0111\u01b0\u1ee3c s\u1eed d\u1ee5ng \u0111\u1ec3 c\u00e1ch \u00e2m v\u00e0 ch\u1ed1ng s\u1ed1c, c\u0169ng nh\u01b0 k\u00e9o d\u00e0i tu\u1ed5i th\u1ecd c\u1ee7a m\u00e1y.<br \/>\nB\u01a1m th\u1ee7y l\u1ef1c SQP2 c\u0169ng c\u00f3 th\u1ec3 t\u01b0\u01a1ng th\u00edch v\u1edbi r\u1ea5t nhi\u1ec1u lo\u1ea1i d\u1ea7u th\u1ee7y l\u1ef1c kh\u00e1c nhau nh\u01b0 d\u1ea7u kho\u00e1ng, este phosphate v\u00e0 glycol n\u01b0\u1edbc, c\u00f3 kh\u1ea3 n\u0103ng th\u00edch \u1ee9ng m\u1ea1nh. N\u00f3 c\u00f3 \u00e1p su\u1ea5t l\u00e0m vi\u1ec7c t\u1ed1i \u0111a trong c\u1ea5u h\u00ecnh ti\u00eau chu\u1ea9n \u0111\u1ea1t 14MPa v\u00e0 ph\u1ea1m vi t\u1ed1c \u0111\u1ed9 \u0111\u1ecbnh m\u1ee9c c\u1ee7a n\u00f3 c\u0169ng r\u1ed9ng ph\u00f9 h\u1ee3p v\u1edbi \u0111i\u1ec1u ki\u1ec7n l\u00e0m vi\u1ec7c li\u00ean t\u1ee5c. D\u00f2ng SQP2 c\u0169ng \u0111\u1ed9c \u0111\u00e1o v\u1ec1 kh\u1ea3 n\u0103ng ti\u1ebft ki\u1ec7m n\u0103ng l\u01b0\u1ee3ng. C\u00e1c \u0111\u1eb7c \u0111i\u1ec3m \u0111\u1ea7u ra \u0111\u1ecbnh l\u01b0\u1ee3ng \u0111\u01a1n gi\u1ea3n h\u00f3a thi\u1ebft k\u1ebf h\u1ec7 th\u1ed1ng v\u00e0 gi\u1ea3m t\u1ed5n th\u1ea5t n\u0103ng l\u01b0\u1ee3ng.<\/p>\n<figure id=\"attachment_2008\" aria-describedby=\"caption-attachment-2008\" style=\"width: 1200px\" class=\"wp-caption alignnone\"><img fetchpriority=\"high\" decoding=\"async\" class=\"size-full wp-image-2008\" src=\"https:\/\/www.jinpinlub.net\/wp-content\/uploads\/2025\/07\/SQP2-single-vane-pump-6.jpg\" alt=\"B\u01a1m c\u00e1nh \u0111\u01a1n SQP2 (6)\" width=\"1200\" height=\"1182\" srcset=\"https:\/\/www.jinpinlub.net\/wp-content\/uploads\/2025\/07\/SQP2-single-vane-pump-6.jpg 1200w, https:\/\/www.jinpinlub.net\/wp-content\/uploads\/2025\/07\/SQP2-single-vane-pump-6-400x394.jpg 400w, https:\/\/www.jinpinlub.net\/wp-content\/uploads\/2025\/07\/SQP2-single-vane-pump-6-1024x1009.jpg 1024w, https:\/\/www.jinpinlub.net\/wp-content\/uploads\/2025\/07\/SQP2-single-vane-pump-6-768x756.jpg 768w, https:\/\/www.jinpinlub.net\/wp-content\/uploads\/2025\/07\/SQP2-single-vane-pump-6-12x12.jpg 12w, https:\/\/www.jinpinlub.net\/wp-content\/uploads\/2025\/07\/SQP2-single-vane-pump-6-800x788.jpg 800w, https:\/\/www.jinpinlub.net\/wp-content\/uploads\/2025\/07\/SQP2-single-vane-pump-6-100x100.jpg 100w\" sizes=\"(max-width: 1200px) 100vw, 1200px\" \/><figcaption id=\"caption-attachment-2008\" class=\"wp-caption-text\">B\u01a1m c\u00e1nh \u0111\u01a1n SQP2 (6)<\/figcaption><\/figure>\n<figure id=\"attachment_2007\" aria-describedby=\"caption-attachment-2007\" style=\"width: 1200px\" class=\"wp-caption alignnone\"><img decoding=\"async\" class=\"size-full wp-image-2007\" src=\"https:\/\/www.jinpinlub.net\/wp-content\/uploads\/2025\/07\/SQP2-single-vane-pump-5.jpg\" alt=\"B\u01a1m c\u00e1nh \u0111\u01a1n SQP2 (5)\" width=\"1200\" height=\"1745\" srcset=\"https:\/\/www.jinpinlub.net\/wp-content\/uploads\/2025\/07\/SQP2-single-vane-pump-5.jpg 1200w, https:\/\/www.jinpinlub.net\/wp-content\/uploads\/2025\/07\/SQP2-single-vane-pump-5-275x400.jpg 275w, https:\/\/www.jinpinlub.net\/wp-content\/uploads\/2025\/07\/SQP2-single-vane-pump-5-704x1024.jpg 704w, https:\/\/www.jinpinlub.net\/wp-content\/uploads\/2025\/07\/SQP2-single-vane-pump-5-768x1117.jpg 768w, https:\/\/www.jinpinlub.net\/wp-content\/uploads\/2025\/07\/SQP2-single-vane-pump-5-1056x1536.jpg 1056w, https:\/\/www.jinpinlub.net\/wp-content\/uploads\/2025\/07\/SQP2-single-vane-pump-5-8x12.jpg 8w, https:\/\/www.jinpinlub.net\/wp-content\/uploads\/2025\/07\/SQP2-single-vane-pump-5-800x1163.jpg 800w\" sizes=\"(max-width: 1200px) 100vw, 1200px\" \/><figcaption id=\"caption-attachment-2007\" class=\"wp-caption-text\">B\u01a1m c\u00e1nh \u0111\u01a1n SQP2 (5)<\/figcaption><\/figure>\n<h2>Thu\u1eadn l\u1ee3i<\/h2>\n<p>1. M\u00e1y b\u01a1m c\u00f4ng nghi\u1ec7p SQP2 s\u1eed d\u1ee5ng thi\u1ebft k\u1ebf c\u00e1nh b\u01a1m cha-con v\u00e0 c\u00f4ng ngh\u1ec7 gi\u00fap gi\u1ea3m thi\u1ec3u xung \u0111\u1ed9ng, \u0111\u1ed3ng th\u1eddi c\u00f3 m\u1ee9c xung \u0111\u1ed9ng th\u1ee7y l\u1ef1c v\u00e0 ti\u1ebfng \u1ed3n khi v\u1eadn h\u00e0nh \u1edf m\u1ee9c t\u1ed1i thi\u1ec3u.<br \/>\n2. Roto v\u00e0 c\u00e1nh qu\u1ea1t \u0111\u01b0\u1ee3c gia c\u00f4ng ch\u00ednh x\u00e1c, l\u1eafp kh\u00edt nhau gi\u00fap gi\u1ea3m r\u00f2 r\u1ec9 b\u00ean trong v\u00e0 c\u1ea3i thi\u1ec7n hi\u1ec7u qu\u1ea3 t\u1ed5ng th\u1ec3 c\u1ee7a h\u1ec7 th\u1ed1ng th\u1ee7y l\u1ef1c.<br \/>\n3. V\u1ecf b\u01a1m \u0111\u01b0\u1ee3c l\u00e0m d\u00e0y h\u01a1n \u0111\u1ec3 gi\u00fap ch\u1ed1ng va \u0111\u1eadp v\u00e0 rung \u0111\u1ed9ng \u2013 t\u1ed1t trong c\u00e1c \u1ee9ng d\u1ee5ng t\u1ea3i tr\u1ecdng cao.<br \/>\n4. L\u00f5i b\u01a1m\/bao b\u00ec c\u00f3 th\u1ec3 \u0111\u01b0\u1ee3c l\u1eafp r\u00e1p v\u00e0 th\u00e1o r\u1eddi nhanh ch\u00f3ng, thu\u1eadn ti\u1ec7n cho vi\u1ec7c b\u1ea3o tr\u00ec v\u00e0 thay th\u1ebf, gi\u00fap gi\u1ea3m th\u1eddi gian ch\u1eadm tr\u1ec5.<br \/>\n5. C\u00f3 th\u1ec3 s\u1eed d\u1ee5ng v\u1edbi l\u00f5i b\u01a1m c\u00e1nh g\u1ea1t d\u00f2ng V gi\u00fap linh ho\u1ea1t h\u01a1n trong vi\u1ec7c thay th\u1ebf ph\u1ee5 t\u00f9ng v\u00e0 gi\u1ea3m hi\u1ec7u qu\u1ea3 qu\u1ea3n l\u00fd h\u00e0ng t\u1ed3n kho.<br \/>\n6. B\u01a1m c\u00e1nh g\u1ea1t SQP2 c\u00f3 th\u1ec3 h\u1ed7 tr\u1ee3 nhi\u1ec1u lo\u1ea1i ch\u1ea5t l\u1ecfng th\u1ee7y l\u1ef1c kh\u00e1c nhau bao g\u1ed3m d\u1ea7u kho\u00e1ng, n\u01b0\u1edbc glycol, este phosphate v\u00e0 ph\u00f9 h\u1ee3p v\u1edbi nhi\u1ec1u m\u00f4i tr\u01b0\u1eddng c\u00f4ng nghi\u1ec7p kh\u00e1c nhau.<br \/>\n7. C\u00f3 \u1ee9ng d\u1ee5ng r\u1ed9ng r\u00e3i t\u1eeb m\u00e1y \u00e9p phun \u0111\u1ebfn m\u00e1y \u0111\u00fac khu\u00f4n, m\u00e1y c\u00f4ng c\u1ee5, t\u00e0u th\u1ee7y v\u00e0 c\u00e1c thi\u1ebft b\u1ecb kh\u00e1c v\u1edbi hi\u1ec7u su\u1ea5t \u1ed5n \u0111\u1ecbnh v\u00e0 \u0111\u00e1ng tin c\u1eady.<\/p>\n<h2>T\u1ea3i v\u1ec1<\/h2>\n<div class=\"sdm_download_button_box_default\"><div class=\"sdm_download_link\"><a href=\"https:\/\/www.jinpinlub.net\/vi\/?sdm_process_download=1&download_id=1599\" class=\"sdm_download white\" title=\"Ri\u00eang t\u01b0: T6\/T7 double vane pump\" target=\"&quot;_blank&quot;\">B\u1ea3ng d\u1eef li\u1ec7u - B\u01a1m c\u00e1nh k\u00e9p T6\/T7<\/a><\/div><\/div>","protected":false},"excerpt":{"rendered":"<p>Tokyo Keiki SQP2 l\u00e0 b\u01a1m c\u00e1nh g\u1ea1t c\u1ed1 \u0111\u1ecbnh c\u00f3 \u0111\u1ed9 \u1ed3n th\u1ea5p, ph\u00f9 h\u1ee3p v\u1edbi h\u1ec7 th\u1ed1ng th\u1ee7y l\u1ef1c \u00e1p su\u1ea5t trung b\u00ecnh v\u00e0 cao. Ph\u1ea1m vi d\u1ecbch chuy\u1ec3n c\u1ee7a n\u00f3 l\u00e0 10,2 \u0111\u1ebfn 65,0 L\/ph\u00fat (\u1edf 1000 v\u00f2ng\/ph\u00fat, 0,7MPa), \u00e1p su\u1ea5t v\u1eadn h\u00e0nh t\u1ed1i \u0111a c\u00f3 th\u1ec3 \u0111\u1ea1t 17,5MPa v\u00e0 t\u1ed1c \u0111\u1ed9 t\u1ed1i \u0111a l\u00e0 1800 v\u00f2ng\/ph\u00fat.<\/p>","protected":false},"featured_media":2043,"template":"","meta":{"ocean_post_layout":"","ocean_both_sidebars_style":"","ocean_both_sidebars_content_width":0,"ocean_both_sidebars_sidebars_width":0,"ocean_sidebar":"0","ocean_second_sidebar":"0","ocean_disable_margins":"enable","ocean_add_body_class":"","ocean_shortcode_before_top_bar":"","ocean_shortcode_after_top_bar":"","ocean_shortcode_before_header":"","ocean_shortcode_after_header":"","ocean_has_shortcode":"","ocean_shortcode_after_title":"","ocean_shortcode_before_footer_widgets":"","ocean_shortcode_after_footer_widgets":"","ocean_shortcode_before_footer_bottom":"","ocean_shortcode_after_footer_bottom":"","ocean_display_top_bar":"default","ocean_display_header":"default","ocean_header_style":"","ocean_center_header_left_menu":"0","ocean_custom_header_template":"0","ocean_custom_logo":0,"ocean_custom_retina_logo":0,"ocean_custom_logo_max_width":0,"ocean_custom_logo_tablet_max_width":0,"ocean_custom_logo_mobile_max_width":0,"ocean_custom_logo_max_height":0,"ocean_custom_logo_tablet_max_height":0,"ocean_custom_logo_mobile_max_height":0,"ocean_header_custom_menu":"0","ocean_menu_typo_font_family":"0","ocean_menu_typo_font_subset":"","ocean_menu_typo_font_size":0,"ocean_menu_typo_font_size_tablet":0,"ocean_menu_typo_font_size_mobile":0,"ocean_menu_typo_font_size_unit":"px","ocean_menu_typo_font_weight":"","ocean_menu_typo_font_weight_tablet":"","ocean_menu_typo_font_weight_mobile":"","ocean_menu_typo_transform":"","ocean_menu_typo_transform_tablet":"","ocean_menu_typo_transform_mobile":"","ocean_menu_typo_line_height":0,"ocean_menu_typo_line_height_tablet":0,"ocean_menu_typo_line_height_mobile":0,"ocean_menu_typo_line_height_unit":"","ocean_menu_typo_spacing":0,"ocean_menu_typo_spacing_tablet":0,"ocean_menu_typo_spacing_mobile":0,"ocean_menu_typo_spacing_unit":"","ocean_menu_link_color":"","ocean_menu_link_color_hover":"","ocean_menu_link_color_active":"","ocean_menu_link_background":"","ocean_menu_link_hover_background":"","ocean_menu_link_active_background":"","ocean_menu_social_links_bg":"","ocean_menu_social_hover_links_bg":"","ocean_menu_social_links_color":"","ocean_menu_social_hover_links_color":"","ocean_disable_title":"default","ocean_disable_heading":"default","ocean_post_title":"","ocean_post_subheading":"","ocean_post_title_style":"","ocean_post_title_background_color":"","ocean_post_title_background":0,"ocean_post_title_bg_image_position":"","ocean_post_title_bg_image_attachment":"","ocean_post_title_bg_image_repeat":"","ocean_post_title_bg_image_size":"","ocean_post_title_height":0,"ocean_post_title_bg_overlay":0.5,"ocean_post_title_bg_overlay_color":"","ocean_disable_breadcrumbs":"default","ocean_breadcrumbs_color":"","ocean_breadcrumbs_separator_color":"","ocean_breadcrumbs_links_color":"","ocean_breadcrumbs_links_hover_color":"","ocean_display_footer_widgets":"default","ocean_display_footer_bottom":"default","ocean_custom_footer_template":"0","osh_disable_topbar_sticky":"default","osh_disable_header_sticky":"default","osh_sticky_header_style":"default","osh_sticky_header_effect":"","osh_custom_sticky_logo":0,"osh_custom_retina_sticky_logo":0,"osh_custom_sticky_logo_height":0,"osh_background_color":"","osh_links_color":"","osh_links_hover_color":"","osh_links_active_color":"","osh_links_bg_color":"","osh_links_hover_bg_color":"","osh_links_active_bg_color":"","osh_menu_social_links_color":"","osh_menu_social_hover_links_color":""},"product_brand":[],"product_cat":[40,54],"product_tag":[109,87,108,107,106],"class_list":{"0":"post-2002","1":"product","2":"type-product","3":"status-publish","4":"has-post-thumbnail","6":"product_cat-sqp-series-vane-pump","7":"product_cat-sqp-single-vane-pump","8":"product_tag-high-performance-vane-pump","9":"product_tag-industrial-hydraulic-pump","10":"product_tag-sqp-hydraulic-pump","11":"product_tag-sqp-single-vane-pump","12":"product_tag-tokyo-keiki-sqp2","14":"entry","15":"has-media","17":"first","18":"instock","19":"shipping-taxable","20":"product-type-external","21":"col","22":"span_1_of_3","23":"owp-content-center","24":"owp-thumbs-layout-horizontal","25":"owp-btn-very-big","26":"owp-tabs-layout-horizontal","27":"circle-sale"},"_links":{"self":[{"href":"https:\/\/www.jinpinlub.net\/vi\/wp-json\/wp\/v2\/product\/2002","targetHints":{"allow":["GET"]}}],"collection":[{"href":"https:\/\/www.jinpinlub.net\/vi\/wp-json\/wp\/v2\/product"}],"about":[{"href":"https:\/\/www.jinpinlub.net\/vi\/wp-json\/wp\/v2\/types\/product"}],"version-history":[{"count":1,"href":"https:\/\/www.jinpinlub.net\/vi\/wp-json\/wp\/v2\/product\/2002\/revisions"}],"predecessor-version":[{"id":2010,"href":"https:\/\/www.jinpinlub.net\/vi\/wp-json\/wp\/v2\/product\/2002\/revisions\/2010"}],"wp:featuredmedia":[{"embeddable":true,"href":"https:\/\/www.jinpinlub.net\/vi\/wp-json\/wp\/v2\/media\/2043"}],"wp:attachment":[{"href":"https:\/\/www.jinpinlub.net\/vi\/wp-json\/wp\/v2\/media?parent=2002"}],"wp:term":[{"taxonomy":"product_brand","embeddable":true,"href":"https:\/\/www.jinpinlub.net\/vi\/wp-json\/wp\/v2\/product_brand?post=2002"},{"taxonomy":"product_cat","embeddable":true,"href":"https:\/\/www.jinpinlub.net\/vi\/wp-json\/wp\/v2\/product_cat?post=2002"},{"taxonomy":"product_tag","embeddable":true,"href":"https:\/\/www.jinpinlub.net\/vi\/wp-json\/wp\/v2\/product_tag?post=2002"}],"curies":[{"name":"wp","href":"https:\/\/api.w.org\/{rel}","templated":true}]}}