{"id":1994,"date":"2025-07-01T22:08:26","date_gmt":"2025-07-01T14:08:26","guid":{"rendered":"https:\/\/www.jinpinlub.net\/?post_type=product&#038;p=1994"},"modified":"2025-07-01T22:29:37","modified_gmt":"2025-07-01T14:29:37","slug":"bom-canh-gat-thuy-luc-275-bar-t6c-bom-dau-don-cho-may-duc-khuon","status":"publish","type":"product","link":"https:\/\/www.jinpinlub.net\/vi\/product\/275-bar-hydraulic-vane-pump-t6c-single-oil-pump-for-die-casting-machine\/","title":{"rendered":"B\u01a1m c\u00e1nh g\u1ea1t th\u1ee7y l\u1ef1c 275 bar T6C b\u01a1m d\u1ea7u \u0111\u01a1n cho m\u00e1y \u0111\u00fac khu\u00f4n"},"content":{"rendered":"<h2>T\u00ednh n\u0103ng<\/h2>\n<p>B\u01a1m c\u00e1nh g\u1ea1t \u0111\u01a1n d\u00f2ng T6C l\u00e0 b\u01a1m th\u1ee7y l\u1ef1c hi\u1ec7u su\u1ea5t cao c\u1ee7a Denison. N\u00f3 c\u00f3 thi\u1ebft k\u1ebf d\u1ea1ng m\u00f4-\u0111un v\u00e0 c\u00f3 th\u1ec3 \u0111\u01b0\u1ee3c s\u1eed d\u1ee5ng trong c\u00e1c \u1ee9ng d\u1ee5ng th\u1ee7y l\u1ef1c c\u00f4ng nghi\u1ec7p \u00e1p su\u1ea5t cao, ti\u1ebfng \u1ed3n th\u1ea5p v\u00e0 hi\u1ec7u su\u1ea5t cao. C\u1ea5u tr\u00fac nh\u1ecf g\u1ecdn v\u00e0 t\u00ednh linh ho\u1ea1t khi l\u1eafp \u0111\u1eb7t \u0111\u00e3 gi\u00fap n\u00f3 h\u1eefu \u00edch cho luy\u1ec7n kim, \u0111\u00fac phun, m\u00e1y m\u00f3c k\u1ef9 thu\u1eadt, m\u00e1y c\u00f4ng c\u1ee5 v\u00e0 c\u00e1c \u1ee9ng d\u1ee5ng kh\u00e1c.<br \/>\n\u0110\u1eb7c \u0111i\u1ec3m hi\u1ec7u su\u1ea5t:<br \/>\nB\u01a1m c\u00e1nh g\u1ea1t c\u00f3 \u00e1p su\u1ea5t l\u00e0m vi\u1ec7c cao: \u00e1p su\u1ea5t \u0111\u1ecbnh m\u1ee9c l\u00ean t\u1edbi 275 bar (t\u1ed1i \u0111a 310 bar) v\u00e0 ph\u00f9 h\u1ee3p v\u1edbi \u0111i\u1ec1u ki\u1ec7n t\u1ea3i tr\u1ecdng cao.<br \/>\nB\u01a1m th\u1ee7y l\u1ef1c c\u00f4ng nghi\u1ec7p c\u00f3 hi\u1ec7u su\u1ea5t th\u1ec3 t\u00edch cao: hi\u1ec7u su\u1ea5t th\u1ec3 t\u00edch \u0111i\u1ec3n h\u00ecnh l\u00e0 0,94 v\u00e0 duy tr\u00ec \u1ed5n \u0111\u1ecbnh d\u01b0\u1edbi \u00e1p su\u1ea5t cao gi\u00fap gi\u1ea3m m\u1ee9c ti\u00eau th\u1ee5 \u0111i\u1ec7n n\u0103ng v\u00e0 gi\u1ea3m t\u1ecfa nhi\u1ec7t.<br \/>\nPh\u1ea1m vi t\u1ed1c \u0111\u1ed9 r\u1ed9ng: lo\u1ea1i ti\u00eau chu\u1ea9n c\u00f3 th\u1ec3 \u0111\u1ea1t 600-2800 v\u00f2ng\/ph\u00fat; lo\u1ea1i xe c\u00f3 th\u1ec3 th\u1ea5p t\u1edbi 400 v\u00f2ng\/ph\u00fat \u0111\u1ec3 \u0111\u00e1p \u1ee9ng m\u1ecdi c\u1ea5u h\u00ecnh thi\u1ebft b\u1ecb.<br \/>\nB\u01a1m c\u00e1nh g\u1ea1t T6C c\u00f3 \u0111\u1eb7c \u0111i\u1ec3m l\u00e0 ti\u1ebfng \u1ed3n th\u1ea5p: \u00e1p su\u1ea5t dao \u0111\u1ed9ng nh\u1ecf (kho\u1ea3ng \u00b12 bar), c\u00f3 th\u1ec3 gi\u1ea3m \u0111\u00e1ng k\u1ec3 ti\u1ebfng \u1ed3n c\u1ee7a h\u1ec7 th\u1ed1ng th\u1ee7y l\u1ef1c v\u00e0 mang l\u1ea1i s\u1ef1 \u1ed5n \u0111\u1ecbnh t\u1ed1t h\u01a1n cho h\u1ec7 th\u1ed1ng th\u1ee7y l\u1ef1c.<br \/>\nKh\u1ea3 n\u0103ng ch\u1ed1ng \u00f4 nhi\u1ec5m t\u1ed1t: v\u1edbi c\u1ea5u tr\u00fac c\u00e1nh k\u00e9p, c\u00e1c c\u00e1nh c\u00f3 th\u1ec3 ch\u1ed1ng ch\u1ecbu t\u1ed1t h\u01a1n v\u1edbi \u00f4 nhi\u1ec5m d\u1ea7u tr\u01b0\u1edbc khi g\u00e2y ra h\u1eadu qu\u1ea3 c\u00f3 h\u1ea1i cho m\u00e1y b\u01a1m v\u00e0 k\u00e9o d\u00e0i tu\u1ed5i th\u1ecd c\u1ee7a th\u00e2n m\u00e1y b\u01a1m.<\/p>\n<figure id=\"attachment_1995\" aria-describedby=\"caption-attachment-1995\" style=\"width: 1200px\" class=\"wp-caption alignnone\"><img fetchpriority=\"high\" decoding=\"async\" class=\"size-full wp-image-1995\" src=\"https:\/\/www.jinpinlub.net\/wp-content\/uploads\/2025\/07\/T6c-single-vane-pump6.jpg\" alt=\"B\u01a1m c\u00e1nh \u0111\u01a1n T6c\" width=\"1200\" height=\"1479\" srcset=\"https:\/\/www.jinpinlub.net\/wp-content\/uploads\/2025\/07\/T6c-single-vane-pump6.jpg 1200w, https:\/\/www.jinpinlub.net\/wp-content\/uploads\/2025\/07\/T6c-single-vane-pump6-325x400.jpg 325w, https:\/\/www.jinpinlub.net\/wp-content\/uploads\/2025\/07\/T6c-single-vane-pump6-831x1024.jpg 831w, https:\/\/www.jinpinlub.net\/wp-content\/uploads\/2025\/07\/T6c-single-vane-pump6-768x947.jpg 768w, https:\/\/www.jinpinlub.net\/wp-content\/uploads\/2025\/07\/T6c-single-vane-pump6-10x12.jpg 10w, https:\/\/www.jinpinlub.net\/wp-content\/uploads\/2025\/07\/T6c-single-vane-pump6-800x986.jpg 800w\" sizes=\"(max-width: 1200px) 100vw, 1200px\" \/><figcaption id=\"caption-attachment-1995\" class=\"wp-caption-text\">B\u01a1m c\u00e1nh \u0111\u01a1n T6c<\/figcaption><\/figure>\n<figure id=\"attachment_1996\" aria-describedby=\"caption-attachment-1996\" style=\"width: 1200px\" class=\"wp-caption alignnone\"><img decoding=\"async\" class=\"size-full wp-image-1996\" src=\"https:\/\/www.jinpinlub.net\/wp-content\/uploads\/2025\/07\/T6c-single-vane-pump5.jpg\" alt=\"B\u01a1m c\u00e1nh \u0111\u01a1n T6c\" width=\"1200\" height=\"1120\" srcset=\"https:\/\/www.jinpinlub.net\/wp-content\/uploads\/2025\/07\/T6c-single-vane-pump5.jpg 1200w, https:\/\/www.jinpinlub.net\/wp-content\/uploads\/2025\/07\/T6c-single-vane-pump5-400x373.jpg 400w, https:\/\/www.jinpinlub.net\/wp-content\/uploads\/2025\/07\/T6c-single-vane-pump5-1024x956.jpg 1024w, https:\/\/www.jinpinlub.net\/wp-content\/uploads\/2025\/07\/T6c-single-vane-pump5-768x717.jpg 768w, https:\/\/www.jinpinlub.net\/wp-content\/uploads\/2025\/07\/T6c-single-vane-pump5-13x12.jpg 13w, https:\/\/www.jinpinlub.net\/wp-content\/uploads\/2025\/07\/T6c-single-vane-pump5-800x747.jpg 800w\" sizes=\"(max-width: 1200px) 100vw, 1200px\" \/><figcaption id=\"caption-attachment-1996\" class=\"wp-caption-text\">B\u01a1m c\u00e1nh \u0111\u01a1n T6c<\/figcaption><\/figure>\n<h2>Ghi ch\u00fa<\/h2>\n<p>1. Tr\u01b0\u1edbc khi kh\u1edfi \u0111\u1ed9ng b\u01a1m \u0111\u01a1n T6C, ng\u01b0\u1eddi ta ph\u1ea3i \u0111\u1ed5 m\u1ed9t \u00edt d\u1ea7u th\u1ee7y l\u1ef1c s\u1ea1ch v\u00e0o th\u00e2n b\u01a1m v\u00e0 \u0111\u1ed5 \u0111\u1ea7y.<br \/>\n2. Ki\u1ec3m tra xem h\u01b0\u1edbng quay c\u1ee7a b\u01a1m c\u00e1nh \u0111\u01a1n c\u00f3 nh\u1ea5t qu\u00e1n v\u1edbi m\u0169i t\u00ean h\u01b0\u1edbng quay \u0111\u01b0\u1ee3c ch\u1ec9 \u0111\u1ecbnh b\u1edfi \u0111\u1ed9ng c\u01a1 hay kh\u00f4ng.<br \/>\n3. Trong qu\u00e1 tr\u00ecnh kh\u1edfi \u0111\u1ed9ng b\u01a1m th\u1ee7y l\u1ef1c l\u1ea7n \u0111\u1ea7u ti\u00ean ho\u1eb7c sau th\u1eddi gian d\u00e0i d\u1eebng m\u00e1y, \u0111\u00f4i khi c\u00f3 th\u1ec3 kh\u00f3 h\u1ea5p th\u1ee5 d\u1ea7u cho b\u01a1m th\u1ee7y l\u1ef1c. Do \u0111\u00f3, n\u00ean l\u1eafp van x\u1ea3 \u1edf \u0111\u1ea7u ra c\u1ee7a b\u01a1m ho\u1eb7c n\u1edbi l\u1ecfng m\u1ed1i n\u1ed1i \u1ed1ng x\u1ea3 d\u1ea7u \u0111\u1ec3 x\u1ea3 h\u1ebft kh\u00f4ng kh\u00ed. N\u00ean th\u1eed kh\u1edfi \u0111\u1ed9ng \u1edf \u0111i\u1ec1u ki\u1ec7n kh\u00f4ng t\u1ea3i.<br \/>\n4. Kh\u00f4ng kh\u00ed tr\u1ed9n l\u1eabn trong b\u01a1m v\u00e0 \u0111\u01b0\u1eddng \u1ed1ng s\u1ebd g\u00e2y ra ti\u1ebfng \u1ed3n v\u00e0 rung \u0111\u1ed9ng. Do \u0111\u00f3, h\u1ecd n\u00ean kh\u1edfi \u0111\u1ed9ng v\u00e0 d\u1eebng b\u01a1m kh\u00f4ng t\u1ea3i nhi\u1ec1u l\u1ea7n \u0111\u1ec3 x\u1ea3 kh\u00ed.<br \/>\n5. \u0110\u1ed1i v\u1edbi b\u01a1m d\u1ea7u c\u00f3 truy\u1ec1n \u0111\u1ed9ng b\u1eb1ng \u0111\u1ed9ng c\u01a1 servo, tr\u01b0\u1edbc ti\u00ean n\u00ean ch\u1ecdn t\u1ed1c \u0111\u1ed9 th\u1ea5p cho \u0111\u1ed9ng c\u01a1 (ch\u1ebf \u0111\u1ed9 \u00e1p su\u1ea5t \u0111\u01b0\u1ee3c chuy\u1ec3n sang ch\u1ebf \u0111\u1ed9 t\u1ed1c \u0111\u1ed9) t\u1eeb tr\u00ecnh \u0111i\u1ec1u khi\u1ec3n servo v\u00e0 ch\u1ea1y \u0111\u1ed9ng c\u01a1 \u1edf t\u1ed1c \u0111\u1ed9 th\u1ea5p trong kho\u1ea3ng 3-5 ph\u00fat \u0111\u1ec3 x\u1ea3 h\u1ebft kh\u00f4ng kh\u00ed v\u00e0 sau \u0111\u00f3 c\u00f3 th\u1ec3 chuy\u1ec3n l\u1ea1i t\u1ed1c \u0111\u1ed9 b\u00ecnh th\u01b0\u1eddng sau khi b\u01a1m d\u1ea7u k\u00eau b\u00ecnh th\u01b0\u1eddng.<\/p>\n<h2>T\u1ea3i v\u1ec1<\/h2>\n<div class=\"sdm_download_button_box_default\"><div class=\"sdm_download_link\"><a href=\"https:\/\/www.jinpinlub.net\/vi\/?sdm_process_download=1&download_id=1599\" class=\"sdm_download white\" title=\"Ri\u00eang t\u01b0: T6\/T7 double vane pump\" target=\"&quot;_blank&quot;\">B\u1ea3ng d\u1eef li\u1ec7u - B\u01a1m c\u00e1nh k\u00e9p T6\/T7<\/a><\/div><\/div>","protected":false},"excerpt":{"rendered":"<p>B\u01a1m c\u00e1nh g\u1ea1t \u0111\u01a1n d\u00f2ng T6C do Denison s\u1ea3n xu\u1ea5t l\u00e0 b\u01a1m th\u1ee7y l\u1ef1c cao c\u1ea5p gi\u1edbi thi\u1ec7u kh\u00e1i ni\u1ec7m \u201cm\u00f4-\u0111un\u201d m\u1edbi. Trong c\u00e1c h\u1ec7 th\u1ed1ng th\u1ee7y l\u1ef1c c\u00f4ng nghi\u1ec7p, T6C c\u00f3 th\u1ec3 cung c\u1ea5p gi\u1ea3i ph\u00e1p thay th\u1ebf \u00e1p su\u1ea5t cao, ti\u1ebfng \u1ed3n th\u1ea5p, hi\u1ec7u su\u1ea5t cao. K\u00edch th\u01b0\u1edbc nh\u1ecf g\u1ecdn, thi\u1ebft k\u1ebf m\u00f4-\u0111un v\u00e0 c\u00e1c t\u00f9y ch\u1ecdn l\u1eafp \u0111\u1eb7t linh ho\u1ea1t khi\u1ebfn \u0111\u00e2y tr\u1edf th\u00e0nh l\u1ef1a ch\u1ecdn tuy\u1ec7t v\u1eddi cho nhi\u1ec1u \u1ee9ng d\u1ee5ng.<\/p>","protected":false},"featured_media":2000,"template":"","meta":{"ocean_post_layout":"","ocean_both_sidebars_style":"","ocean_both_sidebars_content_width":0,"ocean_both_sidebars_sidebars_width":0,"ocean_sidebar":"0","ocean_second_sidebar":"0","ocean_disable_margins":"enable","ocean_add_body_class":"","ocean_shortcode_before_top_bar":"","ocean_shortcode_after_top_bar":"","ocean_shortcode_before_header":"","ocean_shortcode_after_header":"","ocean_has_shortcode":"","ocean_shortcode_after_title":"","ocean_shortcode_before_footer_widgets":"","ocean_shortcode_after_footer_widgets":"","ocean_shortcode_before_footer_bottom":"","ocean_shortcode_after_footer_bottom":"","ocean_display_top_bar":"default","ocean_display_header":"default","ocean_header_style":"","ocean_center_header_left_menu":"0","ocean_custom_header_template":"0","ocean_custom_logo":0,"ocean_custom_retina_logo":0,"ocean_custom_logo_max_width":0,"ocean_custom_logo_tablet_max_width":0,"ocean_custom_logo_mobile_max_width":0,"ocean_custom_logo_max_height":0,"ocean_custom_logo_tablet_max_height":0,"ocean_custom_logo_mobile_max_height":0,"ocean_header_custom_menu":"0","ocean_menu_typo_font_family":"0","ocean_menu_typo_font_subset":"","ocean_menu_typo_font_size":0,"ocean_menu_typo_font_size_tablet":0,"ocean_menu_typo_font_size_mobile":0,"ocean_menu_typo_font_size_unit":"px","ocean_menu_typo_font_weight":"","ocean_menu_typo_font_weight_tablet":"","ocean_menu_typo_font_weight_mobile":"","ocean_menu_typo_transform":"","ocean_menu_typo_transform_tablet":"","ocean_menu_typo_transform_mobile":"","ocean_menu_typo_line_height":0,"ocean_menu_typo_line_height_tablet":0,"ocean_menu_typo_line_height_mobile":0,"ocean_menu_typo_line_height_unit":"","ocean_menu_typo_spacing":0,"ocean_menu_typo_spacing_tablet":0,"ocean_menu_typo_spacing_mobile":0,"ocean_menu_typo_spacing_unit":"","ocean_menu_link_color":"","ocean_menu_link_color_hover":"","ocean_menu_link_color_active":"","ocean_menu_link_background":"","ocean_menu_link_hover_background":"","ocean_menu_link_active_background":"","ocean_menu_social_links_bg":"","ocean_menu_social_hover_links_bg":"","ocean_menu_social_links_color":"","ocean_menu_social_hover_links_color":"","ocean_disable_title":"default","ocean_disable_heading":"default","ocean_post_title":"","ocean_post_subheading":"","ocean_post_title_style":"","ocean_post_title_background_color":"","ocean_post_title_background":0,"ocean_post_title_bg_image_position":"","ocean_post_title_bg_image_attachment":"","ocean_post_title_bg_image_repeat":"","ocean_post_title_bg_image_size":"","ocean_post_title_height":0,"ocean_post_title_bg_overlay":0.5,"ocean_post_title_bg_overlay_color":"","ocean_disable_breadcrumbs":"default","ocean_breadcrumbs_color":"","ocean_breadcrumbs_separator_color":"","ocean_breadcrumbs_links_color":"","ocean_breadcrumbs_links_hover_color":"","ocean_display_footer_widgets":"default","ocean_display_footer_bottom":"default","ocean_custom_footer_template":"0","osh_disable_topbar_sticky":"default","osh_disable_header_sticky":"default","osh_sticky_header_style":"default","osh_sticky_header_effect":"","osh_custom_sticky_logo":0,"osh_custom_retina_sticky_logo":0,"osh_custom_sticky_logo_height":0,"osh_background_color":"","osh_links_color":"","osh_links_hover_color":"","osh_links_active_color":"","osh_links_bg_color":"","osh_links_hover_bg_color":"","osh_links_active_bg_color":"","osh_menu_social_links_color":"","osh_menu_social_hover_links_color":""},"product_brand":[],"product_cat":[37,47],"product_tag":[104,102,105,103,101],"class_list":{"0":"post-1994","1":"product","2":"type-product","3":"status-publish","4":"has-post-thumbnail","6":"product_cat-t6-t7-series-vane-pump","7":"product_cat-t6-t7-single-vane-pump","8":"product_tag-high-efficiency-hydraulic-pump","9":"product_tag-industrial-hydraulic-vane-pump","10":"product_tag-quantitative-vane-pump","11":"product_tag-single-vane-pump","12":"product_tag-t6c-vane-pump","14":"entry","15":"has-media","17":"first","18":"instock","19":"shipping-taxable","20":"product-type-external","21":"col","22":"span_1_of_3","23":"owp-content-center","24":"owp-thumbs-layout-horizontal","25":"owp-btn-very-big","26":"owp-tabs-layout-horizontal","27":"circle-sale"},"_links":{"self":[{"href":"https:\/\/www.jinpinlub.net\/vi\/wp-json\/wp\/v2\/product\/1994","targetHints":{"allow":["GET"]}}],"collection":[{"href":"https:\/\/www.jinpinlub.net\/vi\/wp-json\/wp\/v2\/product"}],"about":[{"href":"https:\/\/www.jinpinlub.net\/vi\/wp-json\/wp\/v2\/types\/product"}],"version-history":[{"count":0,"href":"https:\/\/www.jinpinlub.net\/vi\/wp-json\/wp\/v2\/product\/1994\/revisions"}],"wp:featuredmedia":[{"embeddable":true,"href":"https:\/\/www.jinpinlub.net\/vi\/wp-json\/wp\/v2\/media\/2000"}],"wp:attachment":[{"href":"https:\/\/www.jinpinlub.net\/vi\/wp-json\/wp\/v2\/media?parent=1994"}],"wp:term":[{"taxonomy":"product_brand","embeddable":true,"href":"https:\/\/www.jinpinlub.net\/vi\/wp-json\/wp\/v2\/product_brand?post=1994"},{"taxonomy":"product_cat","embeddable":true,"href":"https:\/\/www.jinpinlub.net\/vi\/wp-json\/wp\/v2\/product_cat?post=1994"},{"taxonomy":"product_tag","embeddable":true,"href":"https:\/\/www.jinpinlub.net\/vi\/wp-json\/wp\/v2\/product_tag?post=1994"}],"curies":[{"name":"wp","href":"https:\/\/api.w.org\/{rel}","templated":true}]}}