{"id":1994,"date":"2025-07-01T22:08:26","date_gmt":"2025-07-01T14:08:26","guid":{"rendered":"https:\/\/www.jinpinlub.net\/?post_type=product&#038;p=1994"},"modified":"2025-07-01T22:29:37","modified_gmt":"2025-07-01T14:29:37","slug":"275-bar-hydraulic-vane-pump-t6c-single-oil-pump-for-die-casting-machine","status":"publish","type":"product","link":"https:\/\/www.jinpinlub.net\/pt\/product\/275-bar-hydraulic-vane-pump-t6c-single-oil-pump-for-die-casting-machine\/","title":{"rendered":"Bomba de palhetas hidr\u00e1ulicas de 275 bar T6C, bomba de \u00f3leo simples para m\u00e1quina de fundi\u00e7\u00e3o sob press\u00e3o"},"content":{"rendered":"<h2>Recurso<\/h2>\n<p>A bomba de palheta \u00fanica da s\u00e9rie T6C \u00e9 uma bomba hidr\u00e1ulica de alto desempenho da Denison. Possui design modular e pode ser utilizada em aplica\u00e7\u00f5es hidr\u00e1ulicas industriais de alta press\u00e3o, baixo ru\u00eddo e alta efici\u00eancia. Sua estrutura compacta e flexibilidade de instala\u00e7\u00e3o a tornam \u00fatil para metalurgia, moldagem por inje\u00e7\u00e3o, m\u00e1quinas de engenharia, m\u00e1quinas-ferramentas e outras aplica\u00e7\u00f5es.<br \/>\nCaracter\u00edsticas de desempenho:<br \/>\nA bomba de palhetas tem alta press\u00e3o de trabalho: a press\u00e3o nominal \u00e9 de at\u00e9 275 bar (m\u00e1x. 310 bar) e \u00e9 adequada para condi\u00e7\u00f5es de alta carga.<br \/>\nA bomba hidr\u00e1ulica industrial tem alta efici\u00eancia volum\u00e9trica: a efici\u00eancia volum\u00e9trica t\u00edpica \u00e9 de 0,94, e permanecer est\u00e1vel sob alta press\u00e3o mant\u00e9m o consumo de energia e a gera\u00e7\u00e3o de calor mais baixos.<br \/>\nAmpla faixa de velocidade: o tipo padr\u00e3o pode atingir 600-2800 rpm; o tipo de ve\u00edculo pode atingir at\u00e9 400 rpm para atender a qualquer configura\u00e7\u00e3o de equipamento.<br \/>\nA bomba de palhetas T6C possui caracter\u00edsticas de baixo ru\u00eddo: pequena pulsa\u00e7\u00e3o de press\u00e3o (cerca de \u00b12 bar), pode reduzir significativamente o ru\u00eddo do sistema hidr\u00e1ulico e proporcionar melhor estabilidade do sistema hidr\u00e1ulico.<br \/>\nBoa capacidade antipolui\u00e7\u00e3o: com as l\u00e2minas de estrutura de l\u00e1bios duplos, as palhetas podem suportar melhor a contamina\u00e7\u00e3o por \u00f3leo antes de causar resultados prejudiciais \u00e0 bomba e prolongar a vida \u00fatil do corpo da bomba.<\/p>\n<figure id=\"attachment_1995\" aria-describedby=\"caption-attachment-1995\" style=\"width: 1200px\" class=\"wp-caption alignnone\"><img fetchpriority=\"high\" decoding=\"async\" class=\"size-full wp-image-1995\" src=\"https:\/\/www.jinpinlub.net\/wp-content\/uploads\/2025\/07\/T6c-single-vane-pump6.jpg\" alt=\"Bomba de palheta \u00fanica T6c\" width=\"1200\" height=\"1479\" srcset=\"https:\/\/www.jinpinlub.net\/wp-content\/uploads\/2025\/07\/T6c-single-vane-pump6.jpg 1200w, https:\/\/www.jinpinlub.net\/wp-content\/uploads\/2025\/07\/T6c-single-vane-pump6-325x400.jpg 325w, https:\/\/www.jinpinlub.net\/wp-content\/uploads\/2025\/07\/T6c-single-vane-pump6-831x1024.jpg 831w, https:\/\/www.jinpinlub.net\/wp-content\/uploads\/2025\/07\/T6c-single-vane-pump6-768x947.jpg 768w, https:\/\/www.jinpinlub.net\/wp-content\/uploads\/2025\/07\/T6c-single-vane-pump6-10x12.jpg 10w, https:\/\/www.jinpinlub.net\/wp-content\/uploads\/2025\/07\/T6c-single-vane-pump6-800x986.jpg 800w\" sizes=\"(max-width: 1200px) 100vw, 1200px\" \/><figcaption id=\"caption-attachment-1995\" class=\"wp-caption-text\">Bomba de palheta \u00fanica T6c<\/figcaption><\/figure>\n<figure id=\"attachment_1996\" aria-describedby=\"caption-attachment-1996\" style=\"width: 1200px\" class=\"wp-caption alignnone\"><img decoding=\"async\" class=\"size-full wp-image-1996\" src=\"https:\/\/www.jinpinlub.net\/wp-content\/uploads\/2025\/07\/T6c-single-vane-pump5.jpg\" alt=\"Bomba de palheta \u00fanica T6c\" width=\"1200\" height=\"1120\" srcset=\"https:\/\/www.jinpinlub.net\/wp-content\/uploads\/2025\/07\/T6c-single-vane-pump5.jpg 1200w, https:\/\/www.jinpinlub.net\/wp-content\/uploads\/2025\/07\/T6c-single-vane-pump5-400x373.jpg 400w, https:\/\/www.jinpinlub.net\/wp-content\/uploads\/2025\/07\/T6c-single-vane-pump5-1024x956.jpg 1024w, https:\/\/www.jinpinlub.net\/wp-content\/uploads\/2025\/07\/T6c-single-vane-pump5-768x717.jpg 768w, https:\/\/www.jinpinlub.net\/wp-content\/uploads\/2025\/07\/T6c-single-vane-pump5-13x12.jpg 13w, https:\/\/www.jinpinlub.net\/wp-content\/uploads\/2025\/07\/T6c-single-vane-pump5-800x747.jpg 800w\" sizes=\"(max-width: 1200px) 100vw, 1200px\" \/><figcaption id=\"caption-attachment-1996\" class=\"wp-caption-text\">Bomba de palheta \u00fanica T6c<\/figcaption><\/figure>\n<h2>Notas<\/h2>\n<p>1. Antes de ligar a bomba simples T6C, \u00e9 preciso colocar um pouco de \u00f3leo hidr\u00e1ulico limpo no corpo da bomba e ench\u00ea-la.<br \/>\n2. Verifique se o sentido de rota\u00e7\u00e3o da bomba de palheta \u00fanica \u00e9 consistente com a seta para o sentido de rota\u00e7\u00e3o indicado pelo motor.<br \/>\n3. Durante a primeira partida da bomba hidr\u00e1ulica ou ap\u00f3s um longo per\u00edodo de inatividade, pode ser dif\u00edcil absorver o \u00f3leo para a bomba hidr\u00e1ulica. Portanto, uma v\u00e1lvula de escape deve ser instalada na sa\u00edda da bomba ou a junta do tubo de sa\u00edda de \u00f3leo deve ser afrouxada para a exaust\u00e3o do ar. A partida deve ser feita em condi\u00e7\u00f5es sem carga.<br \/>\n4. O ar misturado na bomba e na tubula\u00e7\u00e3o causaria ru\u00eddo e vibra\u00e7\u00f5es. Portanto, \u00e9 necess\u00e1rio realizar partidas e paradas da bomba sem carga repetidamente para extrair o ar.<br \/>\n5. Para bombas de \u00f3leo com acionamento por servomotor, a velocidade baixa deve ser selecionada primeiro para o motor (o modo de press\u00e3o \u00e9 alternado para o modo de velocidade) no servomotor, e o motor deve funcionar em baixa velocidade por cerca de 3 a 5 minutos para exaurir o ar e ent\u00e3o pode ser alternado de volta para a velocidade normal ap\u00f3s a bomba de \u00f3leo soar normalmente.<\/p>\n<h2>Download<\/h2>\n<div class=\"sdm_download_button_box_default\"><div class=\"sdm_download_link\"><a href=\"https:\/\/www.jinpinlub.net\/pt\/?sdm_process_download=1&download_id=1599\" class=\"sdm_download white\" title=\"Privado: T6\/T7 double vane pump\" target=\"&quot;_blank&quot;\">Ficha T\u00e9cnica - Bomba de Palheta Dupla T6\/T7<\/a><\/div><\/div>","protected":false},"excerpt":{"rendered":"<p>A bomba de palheta \u00fanica s\u00e9rie T6C fabricada pela Denison \u00e9 uma bomba hidr\u00e1ulica de ponta que apresenta o novo conceito \u201cmodular\u201d. Em sistemas hidr\u00e1ulicos industriais, a T6C pode fornecer uma alternativa de alta press\u00e3o, baixo ru\u00eddo e alta efici\u00eancia. O tamanho compacto, o design modular e as op\u00e7\u00f5es de montagem flex\u00edveis a tornam uma excelente op\u00e7\u00e3o para diversas aplica\u00e7\u00f5es.<\/p>","protected":false},"featured_media":2000,"template":"","meta":{"ocean_post_layout":"","ocean_both_sidebars_style":"","ocean_both_sidebars_content_width":0,"ocean_both_sidebars_sidebars_width":0,"ocean_sidebar":"0","ocean_second_sidebar":"0","ocean_disable_margins":"enable","ocean_add_body_class":"","ocean_shortcode_before_top_bar":"","ocean_shortcode_after_top_bar":"","ocean_shortcode_before_header":"","ocean_shortcode_after_header":"","ocean_has_shortcode":"","ocean_shortcode_after_title":"","ocean_shortcode_before_footer_widgets":"","ocean_shortcode_after_footer_widgets":"","ocean_shortcode_before_footer_bottom":"","ocean_shortcode_after_footer_bottom":"","ocean_display_top_bar":"default","ocean_display_header":"default","ocean_header_style":"","ocean_center_header_left_menu":"0","ocean_custom_header_template":"0","ocean_custom_logo":0,"ocean_custom_retina_logo":0,"ocean_custom_logo_max_width":0,"ocean_custom_logo_tablet_max_width":0,"ocean_custom_logo_mobile_max_width":0,"ocean_custom_logo_max_height":0,"ocean_custom_logo_tablet_max_height":0,"ocean_custom_logo_mobile_max_height":0,"ocean_header_custom_menu":"0","ocean_menu_typo_font_family":"0","ocean_menu_typo_font_subset":"","ocean_menu_typo_font_size":0,"ocean_menu_typo_font_size_tablet":0,"ocean_menu_typo_font_size_mobile":0,"ocean_menu_typo_font_size_unit":"px","ocean_menu_typo_font_weight":"","ocean_menu_typo_font_weight_tablet":"","ocean_menu_typo_font_weight_mobile":"","ocean_menu_typo_transform":"","ocean_menu_typo_transform_tablet":"","ocean_menu_typo_transform_mobile":"","ocean_menu_typo_line_height":0,"ocean_menu_typo_line_height_tablet":0,"ocean_menu_typo_line_height_mobile":0,"ocean_menu_typo_line_height_unit":"","ocean_menu_typo_spacing":0,"ocean_menu_typo_spacing_tablet":0,"ocean_menu_typo_spacing_mobile":0,"ocean_menu_typo_spacing_unit":"","ocean_menu_link_color":"","ocean_menu_link_color_hover":"","ocean_menu_link_color_active":"","ocean_menu_link_background":"","ocean_menu_link_hover_background":"","ocean_menu_link_active_background":"","ocean_menu_social_links_bg":"","ocean_menu_social_hover_links_bg":"","ocean_menu_social_links_color":"","ocean_menu_social_hover_links_color":"","ocean_disable_title":"default","ocean_disable_heading":"default","ocean_post_title":"","ocean_post_subheading":"","ocean_post_title_style":"","ocean_post_title_background_color":"","ocean_post_title_background":0,"ocean_post_title_bg_image_position":"","ocean_post_title_bg_image_attachment":"","ocean_post_title_bg_image_repeat":"","ocean_post_title_bg_image_size":"","ocean_post_title_height":0,"ocean_post_title_bg_overlay":0.5,"ocean_post_title_bg_overlay_color":"","ocean_disable_breadcrumbs":"default","ocean_breadcrumbs_color":"","ocean_breadcrumbs_separator_color":"","ocean_breadcrumbs_links_color":"","ocean_breadcrumbs_links_hover_color":"","ocean_display_footer_widgets":"default","ocean_display_footer_bottom":"default","ocean_custom_footer_template":"0","osh_disable_topbar_sticky":"default","osh_disable_header_sticky":"default","osh_sticky_header_style":"default","osh_sticky_header_effect":"","osh_custom_sticky_logo":0,"osh_custom_retina_sticky_logo":0,"osh_custom_sticky_logo_height":0,"osh_background_color":"","osh_links_color":"","osh_links_hover_color":"","osh_links_active_color":"","osh_links_bg_color":"","osh_links_hover_bg_color":"","osh_links_active_bg_color":"","osh_menu_social_links_color":"","osh_menu_social_hover_links_color":""},"product_brand":[],"product_cat":[37,47],"product_tag":[104,102,105,103,101],"class_list":{"0":"post-1994","1":"product","2":"type-product","3":"status-publish","4":"has-post-thumbnail","6":"product_cat-t6-t7-series-vane-pump","7":"product_cat-t6-t7-single-vane-pump","8":"product_tag-high-efficiency-hydraulic-pump","9":"product_tag-industrial-hydraulic-vane-pump","10":"product_tag-quantitative-vane-pump","11":"product_tag-single-vane-pump","12":"product_tag-t6c-vane-pump","14":"entry","15":"has-media","17":"first","18":"instock","19":"shipping-taxable","20":"product-type-external","21":"col","22":"span_1_of_3","23":"owp-content-center","24":"owp-thumbs-layout-horizontal","25":"owp-btn-very-big","26":"owp-tabs-layout-horizontal","27":"circle-sale"},"_links":{"self":[{"href":"https:\/\/www.jinpinlub.net\/pt\/wp-json\/wp\/v2\/product\/1994","targetHints":{"allow":["GET"]}}],"collection":[{"href":"https:\/\/www.jinpinlub.net\/pt\/wp-json\/wp\/v2\/product"}],"about":[{"href":"https:\/\/www.jinpinlub.net\/pt\/wp-json\/wp\/v2\/types\/product"}],"version-history":[{"count":0,"href":"https:\/\/www.jinpinlub.net\/pt\/wp-json\/wp\/v2\/product\/1994\/revisions"}],"wp:featuredmedia":[{"embeddable":true,"href":"https:\/\/www.jinpinlub.net\/pt\/wp-json\/wp\/v2\/media\/2000"}],"wp:attachment":[{"href":"https:\/\/www.jinpinlub.net\/pt\/wp-json\/wp\/v2\/media?parent=1994"}],"wp:term":[{"taxonomy":"product_brand","embeddable":true,"href":"https:\/\/www.jinpinlub.net\/pt\/wp-json\/wp\/v2\/product_brand?post=1994"},{"taxonomy":"product_cat","embeddable":true,"href":"https:\/\/www.jinpinlub.net\/pt\/wp-json\/wp\/v2\/product_cat?post=1994"},{"taxonomy":"product_tag","embeddable":true,"href":"https:\/\/www.jinpinlub.net\/pt\/wp-json\/wp\/v2\/product_tag?post=1994"}],"curies":[{"name":"wp","href":"https:\/\/api.w.org\/{rel}","templated":true}]}}