{"id":2002,"date":"2025-07-02T00:12:50","date_gmt":"2025-07-01T16:12:50","guid":{"rendered":"https:\/\/www.jinpinlub.net\/?post_type=product&#038;p=2002"},"modified":"2026-04-22T08:51:16","modified_gmt":"2026-04-22T00:51:16","slug":"tokyo-keiki-single-pump-vane-pump-sqp2-series-industrial-hydraulic-oil-pump","status":"publish","type":"product","link":"https:\/\/www.jinpinlub.net\/pl\/product\/tokyo-keiki-single-pump-vane-pump-sqp2-series-industrial-hydraulic-oil-pump\/","title":{"rendered":"Pompa \u0142opatkowa Tokyo Keiki z pojedyncz\u0105 pomp\u0105 SQP2, przemys\u0142owa pompa hydrauliczna do oleju"},"content":{"rendered":"<h2>Funkcja<\/h2>\n<p>Pompa \u0142opatkowa jednorz\u0119dowa serii SQP2 firmy Tokyo Keiki to pompa obj\u0119to\u015bciowa przeznaczona do uk\u0142ad\u00f3w hydraulicznych o \u015brednim i wysokim ci\u015bnieniu. Pompa \u0142opatkowa SQP2 ma modu\u0142ow\u0105 konstrukcj\u0119, kompaktowy korpus i jest \u0142atwa w monta\u017cu i konserwacji. G\u0142\u00f3wne cz\u0119\u015bci wykonano z wykorzystaniem technologii obr\u00f3bki o wysokiej precyzji, kt\u00f3ra zapewnia optymalne dopasowanie prze\u015bwit\u00f3w wewn\u0119trznych, co przek\u0142ada si\u0119 na wydajno\u015b\u0107 obj\u0119to\u015bciow\u0105 i niskie przecieki.<br \/>\nJe\u015bli chodzi o redukcj\u0119 ha\u0142asu, pompa hydrauliczna SQP2 wykorzystuje r\u00f3\u017cne k\u0105ty mi\u0119dzy \u0142opatkami a stojanem, aby zoptymalizowa\u0107 pulsacj\u0119 hydrauliczn\u0105 jako \u017ar\u00f3d\u0142o ha\u0142asu.<br \/>\nDodatkowo pompa wykorzystuje struktur\u0119 wewn\u0119trznego bufora kana\u0142u przep\u0142ywowego. Ponadto pogrubiona konstrukcja korpusu pompy mo\u017ce s\u0142u\u017cy\u0107 do izolacji akustycznej i ochrony przed wstrz\u0105sami, a tak\u017ce do wyd\u0142u\u017cenia jej \u017cywotno\u015bci.<br \/>\nPompa hydrauliczna SQP2 mo\u017ce by\u0107 r\u00f3wnie\u017c kompatybilna z wieloma r\u00f3\u017cnymi mediami hydraulicznymi, takimi jak olej mineralny, ester fosforanowy i glikol wodny, kt\u00f3ry jest odporny na adaptacj\u0119. Maksymalne ci\u015bnienie robocze w standardowej konfiguracji wynosi 14 MPa, a zakresy pr\u0119dko\u015bci znamionowych s\u0105 r\u00f3wnie\u017c szerokie i odpowiednie do ci\u0105g\u0142ych warunk\u00f3w pracy. Seria SQP2 jest r\u00f3wnie\u017c wyj\u0105tkowa pod wzgl\u0119dem oszcz\u0119dzania energii. Ilo\u015bciowe charakterystyki wyj\u015bciowe upraszczaj\u0105 konstrukcj\u0119 systemu i zmniejszaj\u0105 straty energii.<\/p>\n<figure id=\"attachment_2008\" aria-describedby=\"caption-attachment-2008\" style=\"width: 1200px\" class=\"wp-caption alignnone\"><img fetchpriority=\"high\" decoding=\"async\" class=\"size-full wp-image-2008\" src=\"https:\/\/www.jinpinlub.net\/wp-content\/uploads\/2025\/07\/SQP2-single-vane-pump-6.jpg\" alt=\"Pompa \u0142opatkowa pojedyncza SQP2 (6)\" width=\"1200\" height=\"1182\" srcset=\"https:\/\/www.jinpinlub.net\/wp-content\/uploads\/2025\/07\/SQP2-single-vane-pump-6.jpg 1200w, https:\/\/www.jinpinlub.net\/wp-content\/uploads\/2025\/07\/SQP2-single-vane-pump-6-400x394.jpg 400w, https:\/\/www.jinpinlub.net\/wp-content\/uploads\/2025\/07\/SQP2-single-vane-pump-6-1024x1009.jpg 1024w, https:\/\/www.jinpinlub.net\/wp-content\/uploads\/2025\/07\/SQP2-single-vane-pump-6-768x756.jpg 768w, https:\/\/www.jinpinlub.net\/wp-content\/uploads\/2025\/07\/SQP2-single-vane-pump-6-12x12.jpg 12w, https:\/\/www.jinpinlub.net\/wp-content\/uploads\/2025\/07\/SQP2-single-vane-pump-6-800x788.jpg 800w, https:\/\/www.jinpinlub.net\/wp-content\/uploads\/2025\/07\/SQP2-single-vane-pump-6-100x100.jpg 100w\" sizes=\"(max-width: 1200px) 100vw, 1200px\" \/><figcaption id=\"caption-attachment-2008\" class=\"wp-caption-text\">Pompa \u0142opatkowa pojedyncza SQP2 (6)<\/figcaption><\/figure>\n<figure id=\"attachment_2007\" aria-describedby=\"caption-attachment-2007\" style=\"width: 1200px\" class=\"wp-caption alignnone\"><img decoding=\"async\" class=\"size-full wp-image-2007\" src=\"https:\/\/www.jinpinlub.net\/wp-content\/uploads\/2025\/07\/SQP2-single-vane-pump-5.jpg\" alt=\"Pompa \u0142opatkowa pojedyncza SQP2 (5)\" width=\"1200\" height=\"1745\" srcset=\"https:\/\/www.jinpinlub.net\/wp-content\/uploads\/2025\/07\/SQP2-single-vane-pump-5.jpg 1200w, https:\/\/www.jinpinlub.net\/wp-content\/uploads\/2025\/07\/SQP2-single-vane-pump-5-275x400.jpg 275w, https:\/\/www.jinpinlub.net\/wp-content\/uploads\/2025\/07\/SQP2-single-vane-pump-5-704x1024.jpg 704w, https:\/\/www.jinpinlub.net\/wp-content\/uploads\/2025\/07\/SQP2-single-vane-pump-5-768x1117.jpg 768w, https:\/\/www.jinpinlub.net\/wp-content\/uploads\/2025\/07\/SQP2-single-vane-pump-5-1056x1536.jpg 1056w, https:\/\/www.jinpinlub.net\/wp-content\/uploads\/2025\/07\/SQP2-single-vane-pump-5-8x12.jpg 8w, https:\/\/www.jinpinlub.net\/wp-content\/uploads\/2025\/07\/SQP2-single-vane-pump-5-800x1163.jpg 800w\" sizes=\"(max-width: 1200px) 100vw, 1200px\" \/><figcaption id=\"caption-attachment-2007\" class=\"wp-caption-text\">Pompa \u0142opatkowa pojedyncza SQP2 (5)<\/figcaption><\/figure>\n<h2>Zalety<\/h2>\n<p>1. Pompa przemys\u0142owa SQP2 wykorzystuje konstrukcj\u0119 i technologi\u0119 \u0142opatek typu parent-child, kt\u00f3ra redukuje pulsacje, a tak\u017ce charakteryzuje si\u0119 minimalnym poziomem pulsacji hydraulicznej i ha\u0142asu podczas pracy.<br \/>\n2. Precyzyjnie obrobiony wirnik i \u0142opatki s\u0105 bardzo \u015bci\u015ble dopasowane, co zmniejsza wewn\u0119trzne wycieki i poprawia og\u00f3ln\u0105 wydajno\u015b\u0107 uk\u0142adu hydraulicznego.<br \/>\n3. Obudowa pompy jest pogrubiona, co zwi\u0119ksza jej odporno\u015b\u0107 na uderzenia i wibracje \u2013 co sprawdza si\u0119 w zastosowaniach o du\u017cym obci\u0105\u017ceniu.<br \/>\n4. Rdze\u0144 pompy\/obudowa mog\u0105 by\u0107 szybko zmontowane i zdemontowane, co u\u0142atwia konserwacj\u0119 i wymian\u0119, co skraca czas oczekiwania.<br \/>\n5. Mo\u017cna go stosowa\u0107 z rdzeniem pompy \u0142opatkowej serii V, co zapewnia wi\u0119ksz\u0105 wszechstronno\u015b\u0107 wymiany cz\u0119\u015bci zamiennych i zmniejsza efektywno\u015b\u0107 zarz\u0105dzania zapasami.<br \/>\n6. Pompa \u0142opatkowa SQP2 mo\u017ce obs\u0142ugiwa\u0107 wiele r\u00f3\u017cnych typ\u00f3w medi\u00f3w hydraulicznych, w tym olej mineralny, wod\u0119, glikol i ester fosforanowy i nadaje si\u0119 do r\u00f3\u017cnych \u015brodowisk przemys\u0142owych.<br \/>\n7. Znajduje zastosowanie w wielu maszynach, od wtryskarek po maszyny do odlewania ci\u015bnieniowego, obrabiarkach, statkach i innym sprz\u0119cie, zapewniaj\u0105c stabiln\u0105 i niezawodn\u0105 prac\u0119.<\/p>\n<h2>Pobiera\u0107<\/h2>\n<div class=\"sdm_download_button_box_default\"><div class=\"sdm_download_link\"><a href=\"https:\/\/www.jinpinlub.net\/pl\/?sdm_process_download=1&download_id=1599\" class=\"sdm_download white\" title=\"Prywatne: T6\/T7 double vane pump\" target=\"&quot;_blank&quot;\">Karta katalogowa - Pompa \u0142opatkowa podw\u00f3jna T6\/T7<\/a><\/div><\/div>","protected":false},"excerpt":{"rendered":"<p>Tokyo Keiki SQP2 to cicha pompa \u0142opatkowa o sta\u0142ej wydajno\u015bci, odpowiednia do uk\u0142ad\u00f3w hydraulicznych \u015bredniego i wysokiego ci\u015bnienia. Zakres wydajno\u015bci wynosi od 10,2 do 65,0 l\/min (przy 1000 obr.\/min, 0,7 MPa), maksymalne ci\u015bnienie robocze mo\u017ce osi\u0105gn\u0105\u0107 17,5 MPa, a maksymalna pr\u0119dko\u015b\u0107 wynosi 1800 obr.\/min.<\/p>","protected":false},"featured_media":2043,"template":"","meta":{"ocean_post_layout":"","ocean_both_sidebars_style":"","ocean_both_sidebars_content_width":0,"ocean_both_sidebars_sidebars_width":0,"ocean_sidebar":"0","ocean_second_sidebar":"0","ocean_disable_margins":"enable","ocean_add_body_class":"","ocean_shortcode_before_top_bar":"","ocean_shortcode_after_top_bar":"","ocean_shortcode_before_header":"","ocean_shortcode_after_header":"","ocean_has_shortcode":"","ocean_shortcode_after_title":"","ocean_shortcode_before_footer_widgets":"","ocean_shortcode_after_footer_widgets":"","ocean_shortcode_before_footer_bottom":"","ocean_shortcode_after_footer_bottom":"","ocean_display_top_bar":"default","ocean_display_header":"default","ocean_header_style":"","ocean_center_header_left_menu":"0","ocean_custom_header_template":"0","ocean_custom_logo":0,"ocean_custom_retina_logo":0,"ocean_custom_logo_max_width":0,"ocean_custom_logo_tablet_max_width":0,"ocean_custom_logo_mobile_max_width":0,"ocean_custom_logo_max_height":0,"ocean_custom_logo_tablet_max_height":0,"ocean_custom_logo_mobile_max_height":0,"ocean_header_custom_menu":"0","ocean_menu_typo_font_family":"0","ocean_menu_typo_font_subset":"","ocean_menu_typo_font_size":0,"ocean_menu_typo_font_size_tablet":0,"ocean_menu_typo_font_size_mobile":0,"ocean_menu_typo_font_size_unit":"px","ocean_menu_typo_font_weight":"","ocean_menu_typo_font_weight_tablet":"","ocean_menu_typo_font_weight_mobile":"","ocean_menu_typo_transform":"","ocean_menu_typo_transform_tablet":"","ocean_menu_typo_transform_mobile":"","ocean_menu_typo_line_height":0,"ocean_menu_typo_line_height_tablet":0,"ocean_menu_typo_line_height_mobile":0,"ocean_menu_typo_line_height_unit":"","ocean_menu_typo_spacing":0,"ocean_menu_typo_spacing_tablet":0,"ocean_menu_typo_spacing_mobile":0,"ocean_menu_typo_spacing_unit":"","ocean_menu_link_color":"","ocean_menu_link_color_hover":"","ocean_menu_link_color_active":"","ocean_menu_link_background":"","ocean_menu_link_hover_background":"","ocean_menu_link_active_background":"","ocean_menu_social_links_bg":"","ocean_menu_social_hover_links_bg":"","ocean_menu_social_links_color":"","ocean_menu_social_hover_links_color":"","ocean_disable_title":"default","ocean_disable_heading":"default","ocean_post_title":"","ocean_post_subheading":"","ocean_post_title_style":"","ocean_post_title_background_color":"","ocean_post_title_background":0,"ocean_post_title_bg_image_position":"","ocean_post_title_bg_image_attachment":"","ocean_post_title_bg_image_repeat":"","ocean_post_title_bg_image_size":"","ocean_post_title_height":0,"ocean_post_title_bg_overlay":0.5,"ocean_post_title_bg_overlay_color":"","ocean_disable_breadcrumbs":"default","ocean_breadcrumbs_color":"","ocean_breadcrumbs_separator_color":"","ocean_breadcrumbs_links_color":"","ocean_breadcrumbs_links_hover_color":"","ocean_display_footer_widgets":"default","ocean_display_footer_bottom":"default","ocean_custom_footer_template":"0","osh_disable_topbar_sticky":"default","osh_disable_header_sticky":"default","osh_sticky_header_style":"default","osh_sticky_header_effect":"","osh_custom_sticky_logo":0,"osh_custom_retina_sticky_logo":0,"osh_custom_sticky_logo_height":0,"osh_background_color":"","osh_links_color":"","osh_links_hover_color":"","osh_links_active_color":"","osh_links_bg_color":"","osh_links_hover_bg_color":"","osh_links_active_bg_color":"","osh_menu_social_links_color":"","osh_menu_social_hover_links_color":""},"product_brand":[],"product_cat":[40,54],"product_tag":[109,87,108,107,106],"class_list":{"0":"post-2002","1":"product","2":"type-product","3":"status-publish","4":"has-post-thumbnail","6":"product_cat-sqp-series-vane-pump","7":"product_cat-sqp-single-vane-pump","8":"product_tag-high-performance-vane-pump","9":"product_tag-industrial-hydraulic-pump","10":"product_tag-sqp-hydraulic-pump","11":"product_tag-sqp-single-vane-pump","12":"product_tag-tokyo-keiki-sqp2","14":"entry","15":"has-media","17":"first","18":"instock","19":"shipping-taxable","20":"product-type-external","21":"col","22":"span_1_of_3","23":"owp-content-center","24":"owp-thumbs-layout-horizontal","25":"owp-btn-very-big","26":"owp-tabs-layout-horizontal","27":"circle-sale"},"_links":{"self":[{"href":"https:\/\/www.jinpinlub.net\/pl\/wp-json\/wp\/v2\/product\/2002","targetHints":{"allow":["GET"]}}],"collection":[{"href":"https:\/\/www.jinpinlub.net\/pl\/wp-json\/wp\/v2\/product"}],"about":[{"href":"https:\/\/www.jinpinlub.net\/pl\/wp-json\/wp\/v2\/types\/product"}],"version-history":[{"count":1,"href":"https:\/\/www.jinpinlub.net\/pl\/wp-json\/wp\/v2\/product\/2002\/revisions"}],"predecessor-version":[{"id":2010,"href":"https:\/\/www.jinpinlub.net\/pl\/wp-json\/wp\/v2\/product\/2002\/revisions\/2010"}],"wp:featuredmedia":[{"embeddable":true,"href":"https:\/\/www.jinpinlub.net\/pl\/wp-json\/wp\/v2\/media\/2043"}],"wp:attachment":[{"href":"https:\/\/www.jinpinlub.net\/pl\/wp-json\/wp\/v2\/media?parent=2002"}],"wp:term":[{"taxonomy":"product_brand","embeddable":true,"href":"https:\/\/www.jinpinlub.net\/pl\/wp-json\/wp\/v2\/product_brand?post=2002"},{"taxonomy":"product_cat","embeddable":true,"href":"https:\/\/www.jinpinlub.net\/pl\/wp-json\/wp\/v2\/product_cat?post=2002"},{"taxonomy":"product_tag","embeddable":true,"href":"https:\/\/www.jinpinlub.net\/pl\/wp-json\/wp\/v2\/product_tag?post=2002"}],"curies":[{"name":"wp","href":"https:\/\/api.w.org\/{rel}","templated":true}]}}