{"id":1994,"date":"2025-07-01T22:08:26","date_gmt":"2025-07-01T14:08:26","guid":{"rendered":"https:\/\/www.jinpinlub.net\/?post_type=product&#038;p=1994"},"modified":"2025-07-01T22:29:37","modified_gmt":"2025-07-01T14:29:37","slug":"275-bar-hydraulic-vane-pump-t6c-single-oil-pump-for-die-casting-machine","status":"publish","type":"product","link":"https:\/\/www.jinpinlub.net\/pl\/product\/275-bar-hydraulic-vane-pump-t6c-single-oil-pump-for-die-casting-machine\/","title":{"rendered":"Pompa hydrauliczna \u0142opatkowa 275 bar T6C pojedyncza pompa olejowa do maszyny odlewniczej"},"content":{"rendered":"<h2>Funkcja<\/h2>\n<p>Pompa jedno\u0142opatkowa serii T6C to wysokowydajna pompa hydrauliczna firmy Denison. Ma modu\u0142ow\u0105 konstrukcj\u0119 i mo\u017ce by\u0107 stosowana w wysokoci\u015bnieniowych, cichych i wysokowydajnych przemys\u0142owych zastosowaniach hydraulicznych. Jej kompaktowa konstrukcja i elastyczno\u015b\u0107 instalacji sprawiaj\u0105, \u017ce jest przydatna w metalurgii, formowaniu wtryskowym, maszynach in\u017cynieryjnych, obrabiarkach i innych zastosowaniach.<br \/>\nCharakterystyka wydajno\u015bciowa:<br \/>\nPompa \u0142opatkowa charakteryzuje si\u0119 wysokim ci\u015bnieniem roboczym: ci\u015bnienie znamionowe wynosi do 275 bar\u00f3w (maks. 310 bar\u00f3w), a ponadto jest przystosowana do pracy w warunkach du\u017cego obci\u0105\u017cenia.<br \/>\nPompa hydrauliczna przemys\u0142owa charakteryzuje si\u0119 wysok\u0105 sprawno\u015bci\u0105 obj\u0119to\u015bciow\u0105: typowa sprawno\u015b\u0107 obj\u0119to\u015bciowa wynosi 0,94, a stabilno\u015b\u0107 pod wysokim ci\u015bnieniem przek\u0142ada si\u0119 na ni\u017csze zu\u017cycie energii i mniejsze wytwarzanie ciep\u0142a.<br \/>\nSzeroki zakres pr\u0119dko\u015bci: standardowy typ mo\u017ce osi\u0105gn\u0105\u0107 600\u20132800 obr.\/min.; typ pojazdu mo\u017ce osi\u0105ga\u0107 zaledwie 400 obr.\/min, aby sprosta\u0107 dowolnej konfiguracji sprz\u0119tu.<br \/>\nPompa \u0142opatkowa T6C charakteryzuje si\u0119 niskim poziomem ha\u0142asu: ma\u0142e pulsacje ci\u015bnienia (oko\u0142o \u00b12 bar), co pozwala znacznie zredukowa\u0107 ha\u0142as uk\u0142adu hydraulicznego i zapewni\u0107 lepsz\u0105 stabilno\u015b\u0107 uk\u0142adu hydraulicznego.<br \/>\nDobre w\u0142a\u015bciwo\u015bci przeciwzabrudzeniowe: dzi\u0119ki dwuwargowej konstrukcji \u0142opatek, \u0142opatki lepiej znosz\u0105 zanieczyszczenia olejem, nie powoduj\u0105c szkodliwych skutk\u00f3w dla pompy, wyd\u0142u\u017caj\u0105c tym samym \u017cywotno\u015b\u0107 korpusu pompy.<\/p>\n<figure id=\"attachment_1995\" aria-describedby=\"caption-attachment-1995\" style=\"width: 1200px\" class=\"wp-caption alignnone\"><img fetchpriority=\"high\" decoding=\"async\" class=\"size-full wp-image-1995\" src=\"https:\/\/www.jinpinlub.net\/wp-content\/uploads\/2025\/07\/T6c-single-vane-pump6.jpg\" alt=\"Pompa \u0142opatkowa pojedyncza T6c\" width=\"1200\" height=\"1479\" srcset=\"https:\/\/www.jinpinlub.net\/wp-content\/uploads\/2025\/07\/T6c-single-vane-pump6.jpg 1200w, https:\/\/www.jinpinlub.net\/wp-content\/uploads\/2025\/07\/T6c-single-vane-pump6-325x400.jpg 325w, https:\/\/www.jinpinlub.net\/wp-content\/uploads\/2025\/07\/T6c-single-vane-pump6-831x1024.jpg 831w, https:\/\/www.jinpinlub.net\/wp-content\/uploads\/2025\/07\/T6c-single-vane-pump6-768x947.jpg 768w, https:\/\/www.jinpinlub.net\/wp-content\/uploads\/2025\/07\/T6c-single-vane-pump6-10x12.jpg 10w, https:\/\/www.jinpinlub.net\/wp-content\/uploads\/2025\/07\/T6c-single-vane-pump6-800x986.jpg 800w\" sizes=\"(max-width: 1200px) 100vw, 1200px\" \/><figcaption id=\"caption-attachment-1995\" class=\"wp-caption-text\">Pompa \u0142opatkowa pojedyncza T6c<\/figcaption><\/figure>\n<figure id=\"attachment_1996\" aria-describedby=\"caption-attachment-1996\" style=\"width: 1200px\" class=\"wp-caption alignnone\"><img decoding=\"async\" class=\"size-full wp-image-1996\" src=\"https:\/\/www.jinpinlub.net\/wp-content\/uploads\/2025\/07\/T6c-single-vane-pump5.jpg\" alt=\"Pompa \u0142opatkowa pojedyncza T6c\" width=\"1200\" height=\"1120\" srcset=\"https:\/\/www.jinpinlub.net\/wp-content\/uploads\/2025\/07\/T6c-single-vane-pump5.jpg 1200w, https:\/\/www.jinpinlub.net\/wp-content\/uploads\/2025\/07\/T6c-single-vane-pump5-400x373.jpg 400w, https:\/\/www.jinpinlub.net\/wp-content\/uploads\/2025\/07\/T6c-single-vane-pump5-1024x956.jpg 1024w, https:\/\/www.jinpinlub.net\/wp-content\/uploads\/2025\/07\/T6c-single-vane-pump5-768x717.jpg 768w, https:\/\/www.jinpinlub.net\/wp-content\/uploads\/2025\/07\/T6c-single-vane-pump5-13x12.jpg 13w, https:\/\/www.jinpinlub.net\/wp-content\/uploads\/2025\/07\/T6c-single-vane-pump5-800x747.jpg 800w\" sizes=\"(max-width: 1200px) 100vw, 1200px\" \/><figcaption id=\"caption-attachment-1996\" class=\"wp-caption-text\">Pompa \u0142opatkowa pojedyncza T6c<\/figcaption><\/figure>\n<h2>Notatki<\/h2>\n<p>1. Przed uruchomieniem pojedynczej pompy T6C nale\u017cy wla\u0107 do korpusu pompy odrobin\u0119 czystego oleju hydraulicznego i uzupe\u0142ni\u0107 poziom oleju.<br \/>\n2. Sprawd\u017a, czy kierunek obrot\u00f3w pojedynczej pompy \u0142opatkowej jest zgodny ze strza\u0142k\u0105 wskazuj\u0105c\u0105 kierunek obrot\u00f3w silnika.<br \/>\n3. Podczas pierwszego uruchomienia pompy hydraulicznej lub po d\u0142ugim postoju czasami mo\u017ce by\u0107 trudno wch\u0142on\u0105\u0107 olej do pompy hydraulicznej. Dlatego nale\u017cy zainstalowa\u0107 zaw\u00f3r wydechowy na wylocie pompy lub poluzowa\u0107 z\u0142\u0105cze rury wylotowej oleju w celu usuni\u0119cia powietrza. Nale\u017cy spr\u00f3bowa\u0107 uruchomi\u0107 j\u0105 w warunkach bez obci\u0105\u017cenia.<br \/>\n4. Powietrze zmieszane w pompie i ruroci\u0105gu powodowa\u0142oby ha\u0142as i wibracje. Dlatego nale\u017cy wielokrotnie uruchamia\u0107 i zatrzymywa\u0107 pomp\u0119 bez obci\u0105\u017cenia, aby wydmucha\u0107 powietrze.<br \/>\n5. W przypadku pomp olejowych z nap\u0119dem serwosilnika, najpierw nale\u017cy wybra\u0107 nisk\u0105 pr\u0119dko\u015b\u0107 silnika (tryb ci\u015bnieniowy nale\u017cy prze\u0142\u0105czy\u0107 na tryb pr\u0119dko\u015bciowy) za pomoc\u0105 serwomechanizmu, a nast\u0119pnie silnik powinien pracowa\u0107 na niskiej pr\u0119dko\u015bci przez oko\u0142o 3-5 minut, aby odpowietrzy\u0107 powietrze. Nast\u0119pnie mo\u017cna go prze\u0142\u0105czy\u0107 na normaln\u0105 pr\u0119dko\u015b\u0107 po tym, jak pompa olejowa zacznie wydawa\u0107 normalny d\u017awi\u0119k.<\/p>\n<h2>Pobiera\u0107<\/h2>\n<div class=\"sdm_download_button_box_default\"><div class=\"sdm_download_link\"><a href=\"https:\/\/www.jinpinlub.net\/pl\/?sdm_process_download=1&download_id=1599\" class=\"sdm_download white\" title=\"Prywatne: T6\/T7 double vane pump\" target=\"&quot;_blank&quot;\">Karta katalogowa - Pompa \u0142opatkowa podw\u00f3jna T6\/T7<\/a><\/div><\/div>","protected":false},"excerpt":{"rendered":"<p>Pompa jedno\u0142opatkowa serii T6C produkowana przez firm\u0119 Denison to wysokiej klasy pompa hydrauliczna, kt\u00f3ra wprowadza now\u0105 koncepcj\u0119 \u201emodu\u0142ow\u0105\u201d. W przemys\u0142owych uk\u0142adach hydraulicznych pompa T6C mo\u017ce zapewni\u0107 alternatyw\u0119 o wysokim ci\u015bnieniu, niskim poziomie ha\u0142asu i wysokiej wydajno\u015bci. Kompaktowy rozmiar, modu\u0142owa konstrukcja i elastyczne opcje monta\u017cu sprawiaj\u0105, \u017ce jest to doskona\u0142y wyb\u00f3r do wielu zastosowa\u0144.<\/p>","protected":false},"featured_media":2000,"template":"","meta":{"ocean_post_layout":"","ocean_both_sidebars_style":"","ocean_both_sidebars_content_width":0,"ocean_both_sidebars_sidebars_width":0,"ocean_sidebar":"0","ocean_second_sidebar":"0","ocean_disable_margins":"enable","ocean_add_body_class":"","ocean_shortcode_before_top_bar":"","ocean_shortcode_after_top_bar":"","ocean_shortcode_before_header":"","ocean_shortcode_after_header":"","ocean_has_shortcode":"","ocean_shortcode_after_title":"","ocean_shortcode_before_footer_widgets":"","ocean_shortcode_after_footer_widgets":"","ocean_shortcode_before_footer_bottom":"","ocean_shortcode_after_footer_bottom":"","ocean_display_top_bar":"default","ocean_display_header":"default","ocean_header_style":"","ocean_center_header_left_menu":"0","ocean_custom_header_template":"0","ocean_custom_logo":0,"ocean_custom_retina_logo":0,"ocean_custom_logo_max_width":0,"ocean_custom_logo_tablet_max_width":0,"ocean_custom_logo_mobile_max_width":0,"ocean_custom_logo_max_height":0,"ocean_custom_logo_tablet_max_height":0,"ocean_custom_logo_mobile_max_height":0,"ocean_header_custom_menu":"0","ocean_menu_typo_font_family":"0","ocean_menu_typo_font_subset":"","ocean_menu_typo_font_size":0,"ocean_menu_typo_font_size_tablet":0,"ocean_menu_typo_font_size_mobile":0,"ocean_menu_typo_font_size_unit":"px","ocean_menu_typo_font_weight":"","ocean_menu_typo_font_weight_tablet":"","ocean_menu_typo_font_weight_mobile":"","ocean_menu_typo_transform":"","ocean_menu_typo_transform_tablet":"","ocean_menu_typo_transform_mobile":"","ocean_menu_typo_line_height":0,"ocean_menu_typo_line_height_tablet":0,"ocean_menu_typo_line_height_mobile":0,"ocean_menu_typo_line_height_unit":"","ocean_menu_typo_spacing":0,"ocean_menu_typo_spacing_tablet":0,"ocean_menu_typo_spacing_mobile":0,"ocean_menu_typo_spacing_unit":"","ocean_menu_link_color":"","ocean_menu_link_color_hover":"","ocean_menu_link_color_active":"","ocean_menu_link_background":"","ocean_menu_link_hover_background":"","ocean_menu_link_active_background":"","ocean_menu_social_links_bg":"","ocean_menu_social_hover_links_bg":"","ocean_menu_social_links_color":"","ocean_menu_social_hover_links_color":"","ocean_disable_title":"default","ocean_disable_heading":"default","ocean_post_title":"","ocean_post_subheading":"","ocean_post_title_style":"","ocean_post_title_background_color":"","ocean_post_title_background":0,"ocean_post_title_bg_image_position":"","ocean_post_title_bg_image_attachment":"","ocean_post_title_bg_image_repeat":"","ocean_post_title_bg_image_size":"","ocean_post_title_height":0,"ocean_post_title_bg_overlay":0.5,"ocean_post_title_bg_overlay_color":"","ocean_disable_breadcrumbs":"default","ocean_breadcrumbs_color":"","ocean_breadcrumbs_separator_color":"","ocean_breadcrumbs_links_color":"","ocean_breadcrumbs_links_hover_color":"","ocean_display_footer_widgets":"default","ocean_display_footer_bottom":"default","ocean_custom_footer_template":"0","osh_disable_topbar_sticky":"default","osh_disable_header_sticky":"default","osh_sticky_header_style":"default","osh_sticky_header_effect":"","osh_custom_sticky_logo":0,"osh_custom_retina_sticky_logo":0,"osh_custom_sticky_logo_height":0,"osh_background_color":"","osh_links_color":"","osh_links_hover_color":"","osh_links_active_color":"","osh_links_bg_color":"","osh_links_hover_bg_color":"","osh_links_active_bg_color":"","osh_menu_social_links_color":"","osh_menu_social_hover_links_color":""},"product_brand":[],"product_cat":[37,47],"product_tag":[104,102,105,103,101],"class_list":{"0":"post-1994","1":"product","2":"type-product","3":"status-publish","4":"has-post-thumbnail","6":"product_cat-t6-t7-series-vane-pump","7":"product_cat-t6-t7-single-vane-pump","8":"product_tag-high-efficiency-hydraulic-pump","9":"product_tag-industrial-hydraulic-vane-pump","10":"product_tag-quantitative-vane-pump","11":"product_tag-single-vane-pump","12":"product_tag-t6c-vane-pump","14":"entry","15":"has-media","17":"first","18":"instock","19":"shipping-taxable","20":"product-type-external","21":"col","22":"span_1_of_3","23":"owp-content-center","24":"owp-thumbs-layout-horizontal","25":"owp-btn-very-big","26":"owp-tabs-layout-horizontal","27":"circle-sale"},"_links":{"self":[{"href":"https:\/\/www.jinpinlub.net\/pl\/wp-json\/wp\/v2\/product\/1994","targetHints":{"allow":["GET"]}}],"collection":[{"href":"https:\/\/www.jinpinlub.net\/pl\/wp-json\/wp\/v2\/product"}],"about":[{"href":"https:\/\/www.jinpinlub.net\/pl\/wp-json\/wp\/v2\/types\/product"}],"version-history":[{"count":0,"href":"https:\/\/www.jinpinlub.net\/pl\/wp-json\/wp\/v2\/product\/1994\/revisions"}],"wp:featuredmedia":[{"embeddable":true,"href":"https:\/\/www.jinpinlub.net\/pl\/wp-json\/wp\/v2\/media\/2000"}],"wp:attachment":[{"href":"https:\/\/www.jinpinlub.net\/pl\/wp-json\/wp\/v2\/media?parent=1994"}],"wp:term":[{"taxonomy":"product_brand","embeddable":true,"href":"https:\/\/www.jinpinlub.net\/pl\/wp-json\/wp\/v2\/product_brand?post=1994"},{"taxonomy":"product_cat","embeddable":true,"href":"https:\/\/www.jinpinlub.net\/pl\/wp-json\/wp\/v2\/product_cat?post=1994"},{"taxonomy":"product_tag","embeddable":true,"href":"https:\/\/www.jinpinlub.net\/pl\/wp-json\/wp\/v2\/product_tag?post=1994"}],"curies":[{"name":"wp","href":"https:\/\/api.w.org\/{rel}","templated":true}]}}