{"id":1994,"date":"2025-07-01T22:08:26","date_gmt":"2025-07-01T14:08:26","guid":{"rendered":"https:\/\/www.jinpinlub.net\/?post_type=product&#038;p=1994"},"modified":"2025-07-01T22:29:37","modified_gmt":"2025-07-01T14:29:37","slug":"275-bar-hydraulic-vane-pump-t6c-single-oil-pump-for-die-casting-machine","status":"publish","type":"product","link":"https:\/\/www.jinpinlub.net\/it\/product\/275-bar-hydraulic-vane-pump-t6c-single-oil-pump-for-die-casting-machine\/","title":{"rendered":"Pompa idraulica a palette da 275 bar T6C pompa olio singola per macchina per pressofusione"},"content":{"rendered":"<h2>Caratteristica<\/h2>\n<p>La pompa a palette singole serie T6C \u00e8 una pompa idraulica ad alte prestazioni di Denison. Ha un design modulare e pu\u00f2 essere utilizzata in applicazioni idrauliche industriali ad alta pressione, bassa rumorosit\u00e0 e alta efficienza. La sua struttura compatta e la flessibilit\u00e0 di installazione la rendono ideale per applicazioni in metallurgia, stampaggio a iniezione, macchinari per l&#039;ingegneria meccanica, macchine utensili e altre applicazioni.<br \/>\nCaratteristiche delle prestazioni:<br \/>\nLa pompa a palette ha un&#039;elevata pressione di esercizio: la pressione nominale arriva fino a 275 bar (max 310 bar) ed \u00e8 adatta a condizioni di carico elevato.<br \/>\nLa pompa idraulica industriale ha un&#039;elevata efficienza volumetrica: l&#039;efficienza volumetrica tipica \u00e8 pari a 0,94 e la stabilit\u00e0 ad alta pressione riduce il consumo energetico e la generazione di calore.<br \/>\nAmpia gamma di velocit\u00e0: il tipo standard pu\u00f2 raggiungere 600-2800 giri\/min; il tipo per veicoli pu\u00f2 arrivare fino a 400 giri\/min per adattarsi a qualsiasi configurazione dell&#039;attrezzatura.<br \/>\nLa pompa a palette T6C \u00e8 caratterizzata da bassa rumorosit\u00e0: la piccola pulsazione di pressione (circa \u00b12 bar) pu\u00f2 ridurre significativamente il rumore del sistema idraulico e garantire una migliore stabilit\u00e0 del sistema idraulico.<br \/>\nBuona capacit\u00e0 anti-inquinamento: grazie alle pale con struttura a doppio labbro, le palette possono resistere meglio alla contaminazione dell&#039;olio prima di causare risultati dannosi alla pompa e prolungare la durata del corpo della pompa.<\/p>\n<figure id=\"attachment_1995\" aria-describedby=\"caption-attachment-1995\" style=\"width: 1200px\" class=\"wp-caption alignnone\"><img fetchpriority=\"high\" decoding=\"async\" class=\"size-full wp-image-1995\" src=\"https:\/\/www.jinpinlub.net\/wp-content\/uploads\/2025\/07\/T6c-single-vane-pump6.jpg\" alt=\"Pompa a palette singole T6c\" width=\"1200\" height=\"1479\" srcset=\"https:\/\/www.jinpinlub.net\/wp-content\/uploads\/2025\/07\/T6c-single-vane-pump6.jpg 1200w, https:\/\/www.jinpinlub.net\/wp-content\/uploads\/2025\/07\/T6c-single-vane-pump6-325x400.jpg 325w, https:\/\/www.jinpinlub.net\/wp-content\/uploads\/2025\/07\/T6c-single-vane-pump6-831x1024.jpg 831w, https:\/\/www.jinpinlub.net\/wp-content\/uploads\/2025\/07\/T6c-single-vane-pump6-768x947.jpg 768w, https:\/\/www.jinpinlub.net\/wp-content\/uploads\/2025\/07\/T6c-single-vane-pump6-10x12.jpg 10w, https:\/\/www.jinpinlub.net\/wp-content\/uploads\/2025\/07\/T6c-single-vane-pump6-800x986.jpg 800w\" sizes=\"(max-width: 1200px) 100vw, 1200px\" \/><figcaption id=\"caption-attachment-1995\" class=\"wp-caption-text\">Pompa a palette singole T6c<\/figcaption><\/figure>\n<figure id=\"attachment_1996\" aria-describedby=\"caption-attachment-1996\" style=\"width: 1200px\" class=\"wp-caption alignnone\"><img decoding=\"async\" class=\"size-full wp-image-1996\" src=\"https:\/\/www.jinpinlub.net\/wp-content\/uploads\/2025\/07\/T6c-single-vane-pump5.jpg\" alt=\"Pompa a palette singole T6c\" width=\"1200\" height=\"1120\" srcset=\"https:\/\/www.jinpinlub.net\/wp-content\/uploads\/2025\/07\/T6c-single-vane-pump5.jpg 1200w, https:\/\/www.jinpinlub.net\/wp-content\/uploads\/2025\/07\/T6c-single-vane-pump5-400x373.jpg 400w, https:\/\/www.jinpinlub.net\/wp-content\/uploads\/2025\/07\/T6c-single-vane-pump5-1024x956.jpg 1024w, https:\/\/www.jinpinlub.net\/wp-content\/uploads\/2025\/07\/T6c-single-vane-pump5-768x717.jpg 768w, https:\/\/www.jinpinlub.net\/wp-content\/uploads\/2025\/07\/T6c-single-vane-pump5-13x12.jpg 13w, https:\/\/www.jinpinlub.net\/wp-content\/uploads\/2025\/07\/T6c-single-vane-pump5-800x747.jpg 800w\" sizes=\"(max-width: 1200px) 100vw, 1200px\" \/><figcaption id=\"caption-attachment-1996\" class=\"wp-caption-text\">Pompa a palette singole T6c<\/figcaption><\/figure>\n<h2>Note<\/h2>\n<p>1. Prima di avviare la pompa singola T6C, \u00e8 necessario versare un po&#039; di olio idraulico pulito nel corpo della pompa e riempirlo.<br \/>\n2. Verificare che il senso di rotazione della pompa a palette singole corrisponda alla freccia indicante il senso di rotazione del motore.<br \/>\n3. Durante il primo avviamento della pompa idraulica o dopo un lungo periodo di inattivit\u00e0, a volte potrebbe essere difficile assorbire l&#039;olio. Pertanto, \u00e8 consigliabile installare una valvola di scarico all&#039;uscita della pompa o allentare il raccordo del tubo di scarico dell&#039;olio per scaricare l&#039;aria. Si consiglia di avviare la pompa a vuoto.<br \/>\n4. L&#039;aria miscelata nella pompa e nella tubazione potrebbe generare rumore e vibrazioni. Pertanto, \u00e8 necessario avviare e arrestare ripetutamente la pompa a vuoto per scaricare l&#039;aria.<br \/>\n5. Per le pompe dell&#039;olio con azionamento del servomotore, selezionare prima la bassa velocit\u00e0 per il motore (la modalit\u00e0 pressione viene commutata in modalit\u00e0 velocit\u00e0) dal servoazionamento, quindi far funzionare il motore a bassa velocit\u00e0 per circa 3-5 minuti per scaricare l&#039;aria e poi riportarlo alla velocit\u00e0 normale dopo che la pompa dell&#039;olio ha emesso un suono normale.<\/p>\n<h2>Scaricamento<\/h2>\n<div class=\"sdm_download_button_box_default\"><div class=\"sdm_download_link\"><a href=\"https:\/\/www.jinpinlub.net\/it\/?sdm_process_download=1&download_id=1599\" class=\"sdm_download white\" title=\"Privato: T6\/T7 double vane pump\" target=\"&quot;_blank&quot;\">Scheda tecnica - Pompa a doppia palette T6\/T7<\/a><\/div><\/div>","protected":false},"excerpt":{"rendered":"<p>La pompa a palette singole della serie T6C prodotta da Denison \u00e8 una pompa idraulica di fascia alta che introduce il nuovo concetto &quot;modulare&quot;. Nei sistemi idraulici industriali, la T6C pu\u00f2 rappresentare un&#039;alternativa ad alta pressione, bassa rumorosit\u00e0 e alta efficienza. Le dimensioni compatte, il design modulare e le opzioni di montaggio flessibili la rendono un&#039;opzione eccellente per numerose applicazioni.<\/p>","protected":false},"featured_media":2000,"template":"","meta":{"ocean_post_layout":"","ocean_both_sidebars_style":"","ocean_both_sidebars_content_width":0,"ocean_both_sidebars_sidebars_width":0,"ocean_sidebar":"0","ocean_second_sidebar":"0","ocean_disable_margins":"enable","ocean_add_body_class":"","ocean_shortcode_before_top_bar":"","ocean_shortcode_after_top_bar":"","ocean_shortcode_before_header":"","ocean_shortcode_after_header":"","ocean_has_shortcode":"","ocean_shortcode_after_title":"","ocean_shortcode_before_footer_widgets":"","ocean_shortcode_after_footer_widgets":"","ocean_shortcode_before_footer_bottom":"","ocean_shortcode_after_footer_bottom":"","ocean_display_top_bar":"default","ocean_display_header":"default","ocean_header_style":"","ocean_center_header_left_menu":"0","ocean_custom_header_template":"0","ocean_custom_logo":0,"ocean_custom_retina_logo":0,"ocean_custom_logo_max_width":0,"ocean_custom_logo_tablet_max_width":0,"ocean_custom_logo_mobile_max_width":0,"ocean_custom_logo_max_height":0,"ocean_custom_logo_tablet_max_height":0,"ocean_custom_logo_mobile_max_height":0,"ocean_header_custom_menu":"0","ocean_menu_typo_font_family":"0","ocean_menu_typo_font_subset":"","ocean_menu_typo_font_size":0,"ocean_menu_typo_font_size_tablet":0,"ocean_menu_typo_font_size_mobile":0,"ocean_menu_typo_font_size_unit":"px","ocean_menu_typo_font_weight":"","ocean_menu_typo_font_weight_tablet":"","ocean_menu_typo_font_weight_mobile":"","ocean_menu_typo_transform":"","ocean_menu_typo_transform_tablet":"","ocean_menu_typo_transform_mobile":"","ocean_menu_typo_line_height":0,"ocean_menu_typo_line_height_tablet":0,"ocean_menu_typo_line_height_mobile":0,"ocean_menu_typo_line_height_unit":"","ocean_menu_typo_spacing":0,"ocean_menu_typo_spacing_tablet":0,"ocean_menu_typo_spacing_mobile":0,"ocean_menu_typo_spacing_unit":"","ocean_menu_link_color":"","ocean_menu_link_color_hover":"","ocean_menu_link_color_active":"","ocean_menu_link_background":"","ocean_menu_link_hover_background":"","ocean_menu_link_active_background":"","ocean_menu_social_links_bg":"","ocean_menu_social_hover_links_bg":"","ocean_menu_social_links_color":"","ocean_menu_social_hover_links_color":"","ocean_disable_title":"default","ocean_disable_heading":"default","ocean_post_title":"","ocean_post_subheading":"","ocean_post_title_style":"","ocean_post_title_background_color":"","ocean_post_title_background":0,"ocean_post_title_bg_image_position":"","ocean_post_title_bg_image_attachment":"","ocean_post_title_bg_image_repeat":"","ocean_post_title_bg_image_size":"","ocean_post_title_height":0,"ocean_post_title_bg_overlay":0.5,"ocean_post_title_bg_overlay_color":"","ocean_disable_breadcrumbs":"default","ocean_breadcrumbs_color":"","ocean_breadcrumbs_separator_color":"","ocean_breadcrumbs_links_color":"","ocean_breadcrumbs_links_hover_color":"","ocean_display_footer_widgets":"default","ocean_display_footer_bottom":"default","ocean_custom_footer_template":"0","osh_disable_topbar_sticky":"default","osh_disable_header_sticky":"default","osh_sticky_header_style":"default","osh_sticky_header_effect":"","osh_custom_sticky_logo":0,"osh_custom_retina_sticky_logo":0,"osh_custom_sticky_logo_height":0,"osh_background_color":"","osh_links_color":"","osh_links_hover_color":"","osh_links_active_color":"","osh_links_bg_color":"","osh_links_hover_bg_color":"","osh_links_active_bg_color":"","osh_menu_social_links_color":"","osh_menu_social_hover_links_color":""},"product_brand":[],"product_cat":[37,47],"product_tag":[104,102,105,103,101],"class_list":{"0":"post-1994","1":"product","2":"type-product","3":"status-publish","4":"has-post-thumbnail","6":"product_cat-t6-t7-series-vane-pump","7":"product_cat-t6-t7-single-vane-pump","8":"product_tag-high-efficiency-hydraulic-pump","9":"product_tag-industrial-hydraulic-vane-pump","10":"product_tag-quantitative-vane-pump","11":"product_tag-single-vane-pump","12":"product_tag-t6c-vane-pump","14":"entry","15":"has-media","17":"first","18":"instock","19":"shipping-taxable","20":"product-type-external","21":"col","22":"span_1_of_3","23":"owp-content-center","24":"owp-thumbs-layout-horizontal","25":"owp-btn-very-big","26":"owp-tabs-layout-horizontal","27":"circle-sale"},"_links":{"self":[{"href":"https:\/\/www.jinpinlub.net\/it\/wp-json\/wp\/v2\/product\/1994","targetHints":{"allow":["GET"]}}],"collection":[{"href":"https:\/\/www.jinpinlub.net\/it\/wp-json\/wp\/v2\/product"}],"about":[{"href":"https:\/\/www.jinpinlub.net\/it\/wp-json\/wp\/v2\/types\/product"}],"version-history":[{"count":0,"href":"https:\/\/www.jinpinlub.net\/it\/wp-json\/wp\/v2\/product\/1994\/revisions"}],"wp:featuredmedia":[{"embeddable":true,"href":"https:\/\/www.jinpinlub.net\/it\/wp-json\/wp\/v2\/media\/2000"}],"wp:attachment":[{"href":"https:\/\/www.jinpinlub.net\/it\/wp-json\/wp\/v2\/media?parent=1994"}],"wp:term":[{"taxonomy":"product_brand","embeddable":true,"href":"https:\/\/www.jinpinlub.net\/it\/wp-json\/wp\/v2\/product_brand?post=1994"},{"taxonomy":"product_cat","embeddable":true,"href":"https:\/\/www.jinpinlub.net\/it\/wp-json\/wp\/v2\/product_cat?post=1994"},{"taxonomy":"product_tag","embeddable":true,"href":"https:\/\/www.jinpinlub.net\/it\/wp-json\/wp\/v2\/product_tag?post=1994"}],"curies":[{"name":"wp","href":"https:\/\/api.w.org\/{rel}","templated":true}]}}