{"id":2002,"date":"2025-07-02T00:12:50","date_gmt":"2025-07-01T16:12:50","guid":{"rendered":"https:\/\/www.jinpinlub.net\/?post_type=product&#038;p=2002"},"modified":"2026-04-22T08:51:16","modified_gmt":"2026-04-22T00:51:16","slug":"tokyo-keiki-single-pump-vane-pump-sqp2-series-industrial-hydraulic-oil-pump","status":"publish","type":"product","link":"https:\/\/www.jinpinlub.net\/hu\/product\/tokyo-keiki-single-pump-vane-pump-sqp2-series-industrial-hydraulic-oil-pump\/","title":{"rendered":"Tokyo Keiki egyszivatty\u00fas lap\u00e1tos szivatty\u00fa SQP2 sorozat\u00fa ipari hidraulikaolaj-szivatty\u00fa"},"content":{"rendered":"<h2>Jellemz\u0151<\/h2>\n<p>A Tokyo Keiki SQP2 sorozat\u00fa egylap\u00e1tos szivatty\u00faja egy volumetrikus szivatty\u00fa, amelyet k\u00f6z\u00e9p- \u00e9s nagynyom\u00e1s\u00fa hidraulikus rendszerekhez terveztek. Az SQP2 lap\u00e1tos szivatty\u00fa modul\u00e1ris fel\u00e9p\u00edt\u00e9s\u0171, kompakt szivatty\u00fah\u00e1zzal rendelkezik, k\u00f6nnyen telep\u00edthet\u0151 \u00e9s karbantarthat\u00f3. A f\u0151 alkatr\u00e9szek nagy pontoss\u00e1g\u00fa megmunk\u00e1l\u00e1si technol\u00f3gi\u00e1val k\u00e9sz\u00fclnek, amely optim\u00e1lisan illeszked\u0151 bels\u0151 h\u00e9zagokat biztos\u00edt a volumetrikus hat\u00e9konys\u00e1g \u00e9s az alacsony sziv\u00e1rg\u00e1s \u00e9rdek\u00e9ben.<br \/>\nA zajszab\u00e1lyoz\u00e1s tekintet\u00e9ben az SQP2 hidraulikus szivatty\u00fa a lap\u00e1t \u00e9s az \u00e1ll\u00f3r\u00e9sz k\u00f6z\u00f6tti elt\u00e9r\u0151 sz\u00f6get haszn\u00e1lja a zajforr\u00e1sk\u00e9nt szolg\u00e1l\u00f3 hidraulikus pulz\u00e1ci\u00f3 optimaliz\u00e1l\u00e1sa \u00e9rdek\u00e9ben.<br \/>\nEzenk\u00edv\u00fcl a szivatty\u00fa bels\u0151 \u00e1raml\u00e1si csatorna pufferszerkezet\u00e9t haszn\u00e1lja ki. A szivatty\u00fah\u00e1z vastag\u00edtott kialak\u00edt\u00e1sa hangszigetel\u00e9st \u00e9s \u00fct\u00e9s\u00e1ll\u00f3s\u00e1got biztos\u00edt, valamint meghosszabb\u00edtja az \u00e9lettartam\u00e1t.<br \/>\nAz SQP2 hidraulikus szivatty\u00fa sz\u00e1mos k\u00fcl\u00f6nb\u00f6z\u0151 hidraulikaolaj-k\u00f6zeggel kompatibilis, p\u00e9ld\u00e1ul \u00e1sv\u00e1nyolajjal, foszf\u00e1t-\u00e9szterrel \u00e9s v\u00edz-glikollal, ami er\u0151s alkalmazkod\u00f3k\u00e9pess\u00e9ggel rendelkezik. Standard konfigur\u00e1ci\u00f3j\u00e1ban maxim\u00e1lis \u00fczemi nyom\u00e1sa el\u00e9ri a 14 MPa-t, \u00e9s a n\u00e9vleges fordulatsz\u00e1m-tartom\u00e1nya is sz\u00e9les, \u00edgy alkalmas folyamatos \u00fczemi k\u00f6r\u00fclm\u00e9nyekre. Az SQP2 sorozat az energiatakar\u00e9koss\u00e1g ter\u00e9n is egyed\u00fcl\u00e1ll\u00f3. A mennyis\u00e9gi kimeneti jellemz\u0151k leegyszer\u0171s\u00edtik a rendszer kialak\u00edt\u00e1s\u00e1t \u00e9s cs\u00f6kkentik az energiavesztes\u00e9get.<\/p>\n<figure id=\"attachment_2008\" aria-describedby=\"caption-attachment-2008\" style=\"width: 1200px\" class=\"wp-caption alignnone\"><img fetchpriority=\"high\" decoding=\"async\" class=\"size-full wp-image-2008\" src=\"https:\/\/www.jinpinlub.net\/wp-content\/uploads\/2025\/07\/SQP2-single-vane-pump-6.jpg\" alt=\"SQP2 egylap\u00e1tos szivatty\u00fa (6)\" width=\"1200\" height=\"1182\" srcset=\"https:\/\/www.jinpinlub.net\/wp-content\/uploads\/2025\/07\/SQP2-single-vane-pump-6.jpg 1200w, https:\/\/www.jinpinlub.net\/wp-content\/uploads\/2025\/07\/SQP2-single-vane-pump-6-400x394.jpg 400w, https:\/\/www.jinpinlub.net\/wp-content\/uploads\/2025\/07\/SQP2-single-vane-pump-6-1024x1009.jpg 1024w, https:\/\/www.jinpinlub.net\/wp-content\/uploads\/2025\/07\/SQP2-single-vane-pump-6-768x756.jpg 768w, https:\/\/www.jinpinlub.net\/wp-content\/uploads\/2025\/07\/SQP2-single-vane-pump-6-12x12.jpg 12w, https:\/\/www.jinpinlub.net\/wp-content\/uploads\/2025\/07\/SQP2-single-vane-pump-6-800x788.jpg 800w, https:\/\/www.jinpinlub.net\/wp-content\/uploads\/2025\/07\/SQP2-single-vane-pump-6-100x100.jpg 100w\" sizes=\"(max-width: 1200px) 100vw, 1200px\" \/><figcaption id=\"caption-attachment-2008\" class=\"wp-caption-text\">SQP2 egylap\u00e1tos szivatty\u00fa (6)<\/figcaption><\/figure>\n<figure id=\"attachment_2007\" aria-describedby=\"caption-attachment-2007\" style=\"width: 1200px\" class=\"wp-caption alignnone\"><img decoding=\"async\" class=\"size-full wp-image-2007\" src=\"https:\/\/www.jinpinlub.net\/wp-content\/uploads\/2025\/07\/SQP2-single-vane-pump-5.jpg\" alt=\"SQP2 egylap\u00e1tos szivatty\u00fa (5)\" width=\"1200\" height=\"1745\" srcset=\"https:\/\/www.jinpinlub.net\/wp-content\/uploads\/2025\/07\/SQP2-single-vane-pump-5.jpg 1200w, https:\/\/www.jinpinlub.net\/wp-content\/uploads\/2025\/07\/SQP2-single-vane-pump-5-275x400.jpg 275w, https:\/\/www.jinpinlub.net\/wp-content\/uploads\/2025\/07\/SQP2-single-vane-pump-5-704x1024.jpg 704w, https:\/\/www.jinpinlub.net\/wp-content\/uploads\/2025\/07\/SQP2-single-vane-pump-5-768x1117.jpg 768w, https:\/\/www.jinpinlub.net\/wp-content\/uploads\/2025\/07\/SQP2-single-vane-pump-5-1056x1536.jpg 1056w, https:\/\/www.jinpinlub.net\/wp-content\/uploads\/2025\/07\/SQP2-single-vane-pump-5-8x12.jpg 8w, https:\/\/www.jinpinlub.net\/wp-content\/uploads\/2025\/07\/SQP2-single-vane-pump-5-800x1163.jpg 800w\" sizes=\"(max-width: 1200px) 100vw, 1200px\" \/><figcaption id=\"caption-attachment-2007\" class=\"wp-caption-text\">SQP2 egylap\u00e1tos szivatty\u00fa (5)<\/figcaption><\/figure>\n<h2>El\u0151ny\u00f6k<\/h2>\n<p>1. Az SQP2 ipari szivatty\u00fa sz\u00fcl\u0151-gyermek lap\u00e1tkialak\u00edt\u00e1st \u00e9s technol\u00f3gi\u00e1t alkalmaz, amely cs\u00f6kkenti a pulz\u00e1ci\u00f3t, \u00e9s gyakorlatilag minim\u00e1lis hidraulikus pulz\u00e1ci\u00f3t \u00e9s \u00fczemi zajszintet biztos\u00edt.<br \/>\n2. A prec\u00edzi\u00f3san megmunk\u00e1lt rotor \u00e9s peng\u00e9k nagyon szorosan illeszkednek, cs\u00f6kkentve a bels\u0151 sziv\u00e1rg\u00e1st \u00e9s jav\u00edtva a hidraulikus rendszer \u00e1ltal\u00e1nos hat\u00e9konys\u00e1g\u00e1t.<br \/>\n3. A szivatty\u00fah\u00e1z megvastagodott, hogy ellen\u00e1lljon az \u00fct\u00e9seknek \u00e9s a rezg\u00e9snek \u2013 j\u00f3 nagy terhel\u00e9s\u0171 alkalmaz\u00e1sokhoz.<br \/>\n4. A szivatty\u00fa magja\/csomagol\u00e1sa gyorsan \u00f6sszeszerelhet\u0151 \u00e9s sz\u00e9tszerelhet\u0151, \u00e9s k\u00e9nyelmesen karbantarthat\u00f3 \u00e9s cser\u00e9lhet\u0151, ami cs\u00f6kkenti a k\u00e9sleltet\u00e9si id\u0151t.<br \/>\n5. V sorozat\u00fa lap\u00e1tos szivatty\u00famaggal haszn\u00e1lhat\u00f3, amely nagyobb rugalmass\u00e1got biztos\u00edt az alkatr\u00e9szek cser\u00e9j\u00e9ben \u00e9s cs\u00f6kkenti a k\u00e9szletgazd\u00e1lkod\u00e1s hat\u00e9konys\u00e1g\u00e1t.<br \/>\n6. Az SQP2 lap\u00e1tos szivatty\u00fa sz\u00e1mos k\u00fcl\u00f6nb\u00f6z\u0151 t\u00edpus\u00fa hidraulikus k\u00f6zeget t\u00e1mogat, bele\u00e9rtve az \u00e1sv\u00e1nyolajat, a v\u00edzglikolt \u00e9s a foszf\u00e1t-\u00e9sztert, \u00e9s alkalmas k\u00fcl\u00f6nb\u00f6z\u0151 ipari k\u00f6rnyezetekre.<br \/>\n7. \u00c9rett alkalmaz\u00e1sokkal rendelkezik a fr\u00f6ccs\u00f6nt\u0151 g\u00e9pekt\u0151l az \u00f6nt\u0151g\u00e9pekig, szersz\u00e1mg\u00e9pekig, haj\u00f3kig \u00e9s egy\u00e9b berendez\u00e9sekig, stabil \u00e9s megb\u00edzhat\u00f3 teljes\u00edtm\u00e9nyt ny\u00fajtva.<\/p>\n<h2>Let\u00f6lt\u00e9s<\/h2>\n<div class=\"sdm_download_button_box_default\"><div class=\"sdm_download_link\"><a href=\"https:\/\/www.jinpinlub.net\/hu\/?sdm_process_download=1&download_id=1599\" class=\"sdm_download white\" title=\"Mag\u00e1n: T6\/T7 double vane pump\" target=\"&quot;_blank&quot;\">Adatlap - T6\/T7 k\u00e9tsz\u00e1rny\u00fa szivatty\u00fa<\/a><\/div><\/div>","protected":false},"excerpt":{"rendered":"<p>A Tokyo Keiki SQP2 egy alacsony zajszint\u0171, fix kiszor\u00edt\u00e1s\u00fa lap\u00e1tos szivatty\u00fa, amely k\u00f6zepes \u00e9s nagynyom\u00e1s\u00fa hidraulikus rendszerekhez alkalmas. Sz\u00e1ll\u00edt\u00e1si tartom\u00e1nya 10,2\u201365,0 l\/perc (1000 fordulat\/percn\u00e9l, 0,7 MPa), a maxim\u00e1lis \u00fczemi nyom\u00e1s el\u00e9rheti a 17,5 MPa-t, a maxim\u00e1lis sebess\u00e9g pedig 1800 fordulat\/perc.<\/p>","protected":false},"featured_media":2043,"template":"","meta":{"ocean_post_layout":"","ocean_both_sidebars_style":"","ocean_both_sidebars_content_width":0,"ocean_both_sidebars_sidebars_width":0,"ocean_sidebar":"0","ocean_second_sidebar":"0","ocean_disable_margins":"enable","ocean_add_body_class":"","ocean_shortcode_before_top_bar":"","ocean_shortcode_after_top_bar":"","ocean_shortcode_before_header":"","ocean_shortcode_after_header":"","ocean_has_shortcode":"","ocean_shortcode_after_title":"","ocean_shortcode_before_footer_widgets":"","ocean_shortcode_after_footer_widgets":"","ocean_shortcode_before_footer_bottom":"","ocean_shortcode_after_footer_bottom":"","ocean_display_top_bar":"default","ocean_display_header":"default","ocean_header_style":"","ocean_center_header_left_menu":"0","ocean_custom_header_template":"0","ocean_custom_logo":0,"ocean_custom_retina_logo":0,"ocean_custom_logo_max_width":0,"ocean_custom_logo_tablet_max_width":0,"ocean_custom_logo_mobile_max_width":0,"ocean_custom_logo_max_height":0,"ocean_custom_logo_tablet_max_height":0,"ocean_custom_logo_mobile_max_height":0,"ocean_header_custom_menu":"0","ocean_menu_typo_font_family":"0","ocean_menu_typo_font_subset":"","ocean_menu_typo_font_size":0,"ocean_menu_typo_font_size_tablet":0,"ocean_menu_typo_font_size_mobile":0,"ocean_menu_typo_font_size_unit":"px","ocean_menu_typo_font_weight":"","ocean_menu_typo_font_weight_tablet":"","ocean_menu_typo_font_weight_mobile":"","ocean_menu_typo_transform":"","ocean_menu_typo_transform_tablet":"","ocean_menu_typo_transform_mobile":"","ocean_menu_typo_line_height":0,"ocean_menu_typo_line_height_tablet":0,"ocean_menu_typo_line_height_mobile":0,"ocean_menu_typo_line_height_unit":"","ocean_menu_typo_spacing":0,"ocean_menu_typo_spacing_tablet":0,"ocean_menu_typo_spacing_mobile":0,"ocean_menu_typo_spacing_unit":"","ocean_menu_link_color":"","ocean_menu_link_color_hover":"","ocean_menu_link_color_active":"","ocean_menu_link_background":"","ocean_menu_link_hover_background":"","ocean_menu_link_active_background":"","ocean_menu_social_links_bg":"","ocean_menu_social_hover_links_bg":"","ocean_menu_social_links_color":"","ocean_menu_social_hover_links_color":"","ocean_disable_title":"default","ocean_disable_heading":"default","ocean_post_title":"","ocean_post_subheading":"","ocean_post_title_style":"","ocean_post_title_background_color":"","ocean_post_title_background":0,"ocean_post_title_bg_image_position":"","ocean_post_title_bg_image_attachment":"","ocean_post_title_bg_image_repeat":"","ocean_post_title_bg_image_size":"","ocean_post_title_height":0,"ocean_post_title_bg_overlay":0.5,"ocean_post_title_bg_overlay_color":"","ocean_disable_breadcrumbs":"default","ocean_breadcrumbs_color":"","ocean_breadcrumbs_separator_color":"","ocean_breadcrumbs_links_color":"","ocean_breadcrumbs_links_hover_color":"","ocean_display_footer_widgets":"default","ocean_display_footer_bottom":"default","ocean_custom_footer_template":"0","osh_disable_topbar_sticky":"default","osh_disable_header_sticky":"default","osh_sticky_header_style":"default","osh_sticky_header_effect":"","osh_custom_sticky_logo":0,"osh_custom_retina_sticky_logo":0,"osh_custom_sticky_logo_height":0,"osh_background_color":"","osh_links_color":"","osh_links_hover_color":"","osh_links_active_color":"","osh_links_bg_color":"","osh_links_hover_bg_color":"","osh_links_active_bg_color":"","osh_menu_social_links_color":"","osh_menu_social_hover_links_color":""},"product_brand":[],"product_cat":[40,54],"product_tag":[109,87,108,107,106],"class_list":{"0":"post-2002","1":"product","2":"type-product","3":"status-publish","4":"has-post-thumbnail","6":"product_cat-sqp-series-vane-pump","7":"product_cat-sqp-single-vane-pump","8":"product_tag-high-performance-vane-pump","9":"product_tag-industrial-hydraulic-pump","10":"product_tag-sqp-hydraulic-pump","11":"product_tag-sqp-single-vane-pump","12":"product_tag-tokyo-keiki-sqp2","14":"entry","15":"has-media","17":"first","18":"instock","19":"shipping-taxable","20":"product-type-external","21":"col","22":"span_1_of_3","23":"owp-content-center","24":"owp-thumbs-layout-horizontal","25":"owp-btn-very-big","26":"owp-tabs-layout-horizontal","27":"circle-sale"},"_links":{"self":[{"href":"https:\/\/www.jinpinlub.net\/hu\/wp-json\/wp\/v2\/product\/2002","targetHints":{"allow":["GET"]}}],"collection":[{"href":"https:\/\/www.jinpinlub.net\/hu\/wp-json\/wp\/v2\/product"}],"about":[{"href":"https:\/\/www.jinpinlub.net\/hu\/wp-json\/wp\/v2\/types\/product"}],"version-history":[{"count":1,"href":"https:\/\/www.jinpinlub.net\/hu\/wp-json\/wp\/v2\/product\/2002\/revisions"}],"predecessor-version":[{"id":2010,"href":"https:\/\/www.jinpinlub.net\/hu\/wp-json\/wp\/v2\/product\/2002\/revisions\/2010"}],"wp:featuredmedia":[{"embeddable":true,"href":"https:\/\/www.jinpinlub.net\/hu\/wp-json\/wp\/v2\/media\/2043"}],"wp:attachment":[{"href":"https:\/\/www.jinpinlub.net\/hu\/wp-json\/wp\/v2\/media?parent=2002"}],"wp:term":[{"taxonomy":"product_brand","embeddable":true,"href":"https:\/\/www.jinpinlub.net\/hu\/wp-json\/wp\/v2\/product_brand?post=2002"},{"taxonomy":"product_cat","embeddable":true,"href":"https:\/\/www.jinpinlub.net\/hu\/wp-json\/wp\/v2\/product_cat?post=2002"},{"taxonomy":"product_tag","embeddable":true,"href":"https:\/\/www.jinpinlub.net\/hu\/wp-json\/wp\/v2\/product_tag?post=2002"}],"curies":[{"name":"wp","href":"https:\/\/api.w.org\/{rel}","templated":true}]}}