{"id":1994,"date":"2025-07-01T22:08:26","date_gmt":"2025-07-01T14:08:26","guid":{"rendered":"https:\/\/www.jinpinlub.net\/?post_type=product&#038;p=1994"},"modified":"2025-07-01T22:29:37","modified_gmt":"2025-07-01T14:29:37","slug":"275-bar-hydraulic-vane-pump-t6c-single-oil-pump-for-die-casting-machine","status":"publish","type":"product","link":"https:\/\/www.jinpinlub.net\/hu\/product\/275-bar-hydraulic-vane-pump-t6c-single-oil-pump-for-die-casting-machine\/","title":{"rendered":"275 bar-os hidraulikus lap\u00e1tos szivatty\u00fa T6C egyetlen olajszivatty\u00fa \u00f6nt\u0151g\u00e9phez"},"content":{"rendered":"<h2>Jellemz\u0151<\/h2>\n<p>A T6C sorozat\u00fa egylap\u00e1tos szivatty\u00fa a Denison nagy teljes\u00edtm\u00e9ny\u0171 hidraulikus szivatty\u00faja. Modul\u00e1ris fel\u00e9p\u00edt\u00e9s\u0171, \u00e9s nagynyom\u00e1s\u00fa, alacsony zajszint\u0171 \u00e9s nagy hat\u00e9konys\u00e1g\u00fa ipari hidraulikus alkalmaz\u00e1sokban haszn\u00e1lhat\u00f3. Kompakt fel\u00e9p\u00edt\u00e9se \u00e9s a telep\u00edt\u00e9s rugalmass\u00e1ga hasznoss\u00e1 tette koh\u00e1szatban, fr\u00f6ccs\u00f6nt\u00e9sben, g\u00e9p\u00e9szetben, szersz\u00e1mg\u00e9pekben \u00e9s egy\u00e9b alkalmaz\u00e1sokban.<br \/>\nTeljes\u00edtm\u00e9nyjellemz\u0151k:<br \/>\nA lap\u00e1tos szivatty\u00fa nagy \u00fczemi nyom\u00e1ssal rendelkezik: a n\u00e9vleges nyom\u00e1s ak\u00e1r 275 bar (maximum 310 bar), \u00e9s alkalmas nagy terhel\u00e9s\u0171 k\u00f6r\u00fclm\u00e9nyekre.<br \/>\nAz ipari hidraulikus szivatty\u00fa nagy volumetrikus hat\u00e1sfokkal rendelkezik: a tipikus volumetrikus hat\u00e1sfok 0,94, \u00e9s nagy nyom\u00e1s alatt is stabil marad, \u00edgy az energiafogyaszt\u00e1s \u00e9s a h\u0151termel\u00e9s is alacsony.<br \/>\nSz\u00e9les fordulatsz\u00e1m-tartom\u00e1ny: a standard t\u00edpus 600-2800 fordulat\/perc k\u00f6z\u00f6tt mozog; a j\u00e1rm\u0171t\u00edpus ak\u00e1r 400 fordulat\/perc is lehet, hogy b\u00e1rmilyen berendez\u00e9skonfigur\u00e1ci\u00f3nak megfeleljen.<br \/>\nA T6C lap\u00e1tos szivatty\u00fa alacsony zajszint\u0171 tulajdons\u00e1gokkal rendelkezik: a kis nyom\u00e1singadoz\u00e1s (kb. \u00b12 bar) jelent\u0151sen cs\u00f6kkentheti a hidraulikus rendszer zajszintj\u00e9t, \u00e9s jobb stabilit\u00e1st biztos\u00edt a hidraulikus rendszernek.<br \/>\nJ\u00f3 szennyez\u00e9sg\u00e1tl\u00f3 k\u00e9pess\u00e9g: a dupla ajk\u00fa szerkezet\u0171 lap\u00e1toknak k\u00f6sz\u00f6nhet\u0151en a lap\u00e1tok jobban ellen\u00e1llnak az olajszennyez\u0151d\u00e9snek, miel\u0151tt az k\u00e1ros hat\u00e1sokat okozna a szivatty\u00faban, \u00e9s meghosszabb\u00edtj\u00e1k a szivatty\u00fah\u00e1z \u00e9lettartam\u00e1t.<\/p>\n<figure id=\"attachment_1995\" aria-describedby=\"caption-attachment-1995\" style=\"width: 1200px\" class=\"wp-caption alignnone\"><img fetchpriority=\"high\" decoding=\"async\" class=\"size-full wp-image-1995\" src=\"https:\/\/www.jinpinlub.net\/wp-content\/uploads\/2025\/07\/T6c-single-vane-pump6.jpg\" alt=\"T6c egylap\u00e1tos szivatty\u00fa\" width=\"1200\" height=\"1479\" srcset=\"https:\/\/www.jinpinlub.net\/wp-content\/uploads\/2025\/07\/T6c-single-vane-pump6.jpg 1200w, https:\/\/www.jinpinlub.net\/wp-content\/uploads\/2025\/07\/T6c-single-vane-pump6-325x400.jpg 325w, https:\/\/www.jinpinlub.net\/wp-content\/uploads\/2025\/07\/T6c-single-vane-pump6-831x1024.jpg 831w, https:\/\/www.jinpinlub.net\/wp-content\/uploads\/2025\/07\/T6c-single-vane-pump6-768x947.jpg 768w, https:\/\/www.jinpinlub.net\/wp-content\/uploads\/2025\/07\/T6c-single-vane-pump6-10x12.jpg 10w, https:\/\/www.jinpinlub.net\/wp-content\/uploads\/2025\/07\/T6c-single-vane-pump6-800x986.jpg 800w\" sizes=\"(max-width: 1200px) 100vw, 1200px\" \/><figcaption id=\"caption-attachment-1995\" class=\"wp-caption-text\">T6c egylap\u00e1tos szivatty\u00fa<\/figcaption><\/figure>\n<figure id=\"attachment_1996\" aria-describedby=\"caption-attachment-1996\" style=\"width: 1200px\" class=\"wp-caption alignnone\"><img decoding=\"async\" class=\"size-full wp-image-1996\" src=\"https:\/\/www.jinpinlub.net\/wp-content\/uploads\/2025\/07\/T6c-single-vane-pump5.jpg\" alt=\"T6c egylap\u00e1tos szivatty\u00fa\" width=\"1200\" height=\"1120\" srcset=\"https:\/\/www.jinpinlub.net\/wp-content\/uploads\/2025\/07\/T6c-single-vane-pump5.jpg 1200w, https:\/\/www.jinpinlub.net\/wp-content\/uploads\/2025\/07\/T6c-single-vane-pump5-400x373.jpg 400w, https:\/\/www.jinpinlub.net\/wp-content\/uploads\/2025\/07\/T6c-single-vane-pump5-1024x956.jpg 1024w, https:\/\/www.jinpinlub.net\/wp-content\/uploads\/2025\/07\/T6c-single-vane-pump5-768x717.jpg 768w, https:\/\/www.jinpinlub.net\/wp-content\/uploads\/2025\/07\/T6c-single-vane-pump5-13x12.jpg 13w, https:\/\/www.jinpinlub.net\/wp-content\/uploads\/2025\/07\/T6c-single-vane-pump5-800x747.jpg 800w\" sizes=\"(max-width: 1200px) 100vw, 1200px\" \/><figcaption id=\"caption-attachment-1996\" class=\"wp-caption-text\">T6c egylap\u00e1tos szivatty\u00fa<\/figcaption><\/figure>\n<h2>Megjegyz\u00e9sek<\/h2>\n<p>1. A T6C egyszivatty\u00fas szivatty\u00fa beind\u00edt\u00e1sa el\u0151tt tiszta hidraulikaolajat kell \u00f6nteni a szivatty\u00fah\u00e1zba, \u00e9s fel kell t\u00f6lteni.<br \/>\n2. Ellen\u0151rizze, hogy az egylap\u00e1tos szivatty\u00fa forg\u00e1sir\u00e1nya megegyezik-e a motoron jelzett forg\u00e1sir\u00e1nyt jelz\u0151 ny\u00edllal.<br \/>\n3. A hidraulikus szivatty\u00fa els\u0151 ind\u00edt\u00e1sakor vagy hosszabb le\u00e1ll\u00e1s ut\u00e1n el\u0151fordulhat, hogy neh\u00e9z az olajat felsz\u00edvni a hidraulikus szivatty\u00fa sz\u00e1m\u00e1ra. Ez\u00e9rt egy kipufog\u00f3szelepet kell felszerelni a szivatty\u00fa kimenet\u00e9re, vagy az olajkivezet\u0151 cs\u0151 csatlakoz\u00e1s\u00e1t meg kell laz\u00edtani a leveg\u0151 elvezet\u00e9se \u00e9rdek\u00e9ben. Meg kell pr\u00f3b\u00e1lni terhel\u00e9s n\u00e9lk\u00fcl elind\u00edtani.<br \/>\n4. A szivatty\u00faban \u00e9s a cs\u0151vezet\u00e9kben kevered\u0151 leveg\u0151 zajt \u00e9s rezg\u00e9st okoz. Ez\u00e9rt a szivatty\u00fat ism\u00e9telten \u00fcresj\u00e1ratban kell ind\u00edtani \u00e9s le\u00e1ll\u00edtani a leveg\u0151 elvezet\u00e9se \u00e9rdek\u00e9ben.<br \/>\n5. Szervomotoros olajszivatty\u00fak eset\u00e9n el\u0151sz\u00f6r a szervomotorr\u00f3l alacsony fordulatsz\u00e1mot kell v\u00e1lasztani (a nyom\u00e1s \u00fczemm\u00f3dot sebess\u00e9g \u00fczemm\u00f3dra kell kapcsolni), majd a motort k\u00f6r\u00fclbel\u00fcl 3-5 percig alacsony fordulatsz\u00e1mon kell j\u00e1ratni a leveg\u0151 elt\u00e1vol\u00edt\u00e1sa \u00e9rdek\u00e9ben, majd az olajszivatty\u00fa norm\u00e1l hangjelz\u00e9se ut\u00e1n vissza lehet kapcsolni norm\u00e1l fordulatsz\u00e1mra.<\/p>\n<h2>Let\u00f6lt\u00e9s<\/h2>\n<div class=\"sdm_download_button_box_default\"><div class=\"sdm_download_link\"><a href=\"https:\/\/www.jinpinlub.net\/hu\/?sdm_process_download=1&download_id=1599\" class=\"sdm_download white\" title=\"Mag\u00e1n: T6\/T7 double vane pump\" target=\"&quot;_blank&quot;\">Adatlap - T6\/T7 k\u00e9tsz\u00e1rny\u00fa szivatty\u00fa<\/a><\/div><\/div>","protected":false},"excerpt":{"rendered":"<p>A Denison \u00e1ltal gy\u00e1rtott T6C sorozat\u00fa egylap\u00e1tos szivatty\u00fa egy cs\u00facskateg\u00f3ri\u00e1s hidraulikus szivatty\u00fa, amely az \u00faj \u201emodul\u00e1ris\u201d koncepci\u00f3t mutatja be. Ipari hidraulikus rendszerekben a T6C nagy nyom\u00e1s\u00fa, alacsony zajszint\u0171, nagy hat\u00e9konys\u00e1g\u00fa alternat\u00edv\u00e1t k\u00edn\u00e1l. Kompakt m\u00e9rete, modul\u00e1ris kialak\u00edt\u00e1sa \u00e9s rugalmas r\u00f6gz\u00edt\u00e9si lehet\u0151s\u00e9gei kiv\u00e1l\u00f3 v\u00e1laszt\u00e1ss\u00e1 teszik sz\u00e1mos alkalmaz\u00e1shoz.<\/p>","protected":false},"featured_media":2000,"template":"","meta":{"ocean_post_layout":"","ocean_both_sidebars_style":"","ocean_both_sidebars_content_width":0,"ocean_both_sidebars_sidebars_width":0,"ocean_sidebar":"0","ocean_second_sidebar":"0","ocean_disable_margins":"enable","ocean_add_body_class":"","ocean_shortcode_before_top_bar":"","ocean_shortcode_after_top_bar":"","ocean_shortcode_before_header":"","ocean_shortcode_after_header":"","ocean_has_shortcode":"","ocean_shortcode_after_title":"","ocean_shortcode_before_footer_widgets":"","ocean_shortcode_after_footer_widgets":"","ocean_shortcode_before_footer_bottom":"","ocean_shortcode_after_footer_bottom":"","ocean_display_top_bar":"default","ocean_display_header":"default","ocean_header_style":"","ocean_center_header_left_menu":"0","ocean_custom_header_template":"0","ocean_custom_logo":0,"ocean_custom_retina_logo":0,"ocean_custom_logo_max_width":0,"ocean_custom_logo_tablet_max_width":0,"ocean_custom_logo_mobile_max_width":0,"ocean_custom_logo_max_height":0,"ocean_custom_logo_tablet_max_height":0,"ocean_custom_logo_mobile_max_height":0,"ocean_header_custom_menu":"0","ocean_menu_typo_font_family":"0","ocean_menu_typo_font_subset":"","ocean_menu_typo_font_size":0,"ocean_menu_typo_font_size_tablet":0,"ocean_menu_typo_font_size_mobile":0,"ocean_menu_typo_font_size_unit":"px","ocean_menu_typo_font_weight":"","ocean_menu_typo_font_weight_tablet":"","ocean_menu_typo_font_weight_mobile":"","ocean_menu_typo_transform":"","ocean_menu_typo_transform_tablet":"","ocean_menu_typo_transform_mobile":"","ocean_menu_typo_line_height":0,"ocean_menu_typo_line_height_tablet":0,"ocean_menu_typo_line_height_mobile":0,"ocean_menu_typo_line_height_unit":"","ocean_menu_typo_spacing":0,"ocean_menu_typo_spacing_tablet":0,"ocean_menu_typo_spacing_mobile":0,"ocean_menu_typo_spacing_unit":"","ocean_menu_link_color":"","ocean_menu_link_color_hover":"","ocean_menu_link_color_active":"","ocean_menu_link_background":"","ocean_menu_link_hover_background":"","ocean_menu_link_active_background":"","ocean_menu_social_links_bg":"","ocean_menu_social_hover_links_bg":"","ocean_menu_social_links_color":"","ocean_menu_social_hover_links_color":"","ocean_disable_title":"default","ocean_disable_heading":"default","ocean_post_title":"","ocean_post_subheading":"","ocean_post_title_style":"","ocean_post_title_background_color":"","ocean_post_title_background":0,"ocean_post_title_bg_image_position":"","ocean_post_title_bg_image_attachment":"","ocean_post_title_bg_image_repeat":"","ocean_post_title_bg_image_size":"","ocean_post_title_height":0,"ocean_post_title_bg_overlay":0.5,"ocean_post_title_bg_overlay_color":"","ocean_disable_breadcrumbs":"default","ocean_breadcrumbs_color":"","ocean_breadcrumbs_separator_color":"","ocean_breadcrumbs_links_color":"","ocean_breadcrumbs_links_hover_color":"","ocean_display_footer_widgets":"default","ocean_display_footer_bottom":"default","ocean_custom_footer_template":"0","osh_disable_topbar_sticky":"default","osh_disable_header_sticky":"default","osh_sticky_header_style":"default","osh_sticky_header_effect":"","osh_custom_sticky_logo":0,"osh_custom_retina_sticky_logo":0,"osh_custom_sticky_logo_height":0,"osh_background_color":"","osh_links_color":"","osh_links_hover_color":"","osh_links_active_color":"","osh_links_bg_color":"","osh_links_hover_bg_color":"","osh_links_active_bg_color":"","osh_menu_social_links_color":"","osh_menu_social_hover_links_color":""},"product_brand":[],"product_cat":[37,47],"product_tag":[104,102,105,103,101],"class_list":{"0":"post-1994","1":"product","2":"type-product","3":"status-publish","4":"has-post-thumbnail","6":"product_cat-t6-t7-series-vane-pump","7":"product_cat-t6-t7-single-vane-pump","8":"product_tag-high-efficiency-hydraulic-pump","9":"product_tag-industrial-hydraulic-vane-pump","10":"product_tag-quantitative-vane-pump","11":"product_tag-single-vane-pump","12":"product_tag-t6c-vane-pump","14":"entry","15":"has-media","17":"first","18":"instock","19":"shipping-taxable","20":"product-type-external","21":"col","22":"span_1_of_3","23":"owp-content-center","24":"owp-thumbs-layout-horizontal","25":"owp-btn-very-big","26":"owp-tabs-layout-horizontal","27":"circle-sale"},"_links":{"self":[{"href":"https:\/\/www.jinpinlub.net\/hu\/wp-json\/wp\/v2\/product\/1994","targetHints":{"allow":["GET"]}}],"collection":[{"href":"https:\/\/www.jinpinlub.net\/hu\/wp-json\/wp\/v2\/product"}],"about":[{"href":"https:\/\/www.jinpinlub.net\/hu\/wp-json\/wp\/v2\/types\/product"}],"version-history":[{"count":0,"href":"https:\/\/www.jinpinlub.net\/hu\/wp-json\/wp\/v2\/product\/1994\/revisions"}],"wp:featuredmedia":[{"embeddable":true,"href":"https:\/\/www.jinpinlub.net\/hu\/wp-json\/wp\/v2\/media\/2000"}],"wp:attachment":[{"href":"https:\/\/www.jinpinlub.net\/hu\/wp-json\/wp\/v2\/media?parent=1994"}],"wp:term":[{"taxonomy":"product_brand","embeddable":true,"href":"https:\/\/www.jinpinlub.net\/hu\/wp-json\/wp\/v2\/product_brand?post=1994"},{"taxonomy":"product_cat","embeddable":true,"href":"https:\/\/www.jinpinlub.net\/hu\/wp-json\/wp\/v2\/product_cat?post=1994"},{"taxonomy":"product_tag","embeddable":true,"href":"https:\/\/www.jinpinlub.net\/hu\/wp-json\/wp\/v2\/product_tag?post=1994"}],"curies":[{"name":"wp","href":"https:\/\/api.w.org\/{rel}","templated":true}]}}