{"id":1589,"date":"2025-06-15T06:18:02","date_gmt":"2025-06-15T06:18:02","guid":{"rendered":"https:\/\/www.jinpinlub.net\/?post_type=product&#038;p=1589"},"modified":"2025-06-15T23:33:41","modified_gmt":"2025-06-15T23:33:41","slug":"denison-high-pressure-hydraulic-industry-double-vane-pump-t6cc-025-017","status":"publish","type":"product","link":"https:\/\/www.jinpinlub.net\/hu\/product\/denison-high-pressure-hydraulic-industry-double-vane-pump-t6cc-025-017\/","title":{"rendered":"Denison nagynyom\u00e1s\u00fa hidraulikus ipari dupla lap\u00e1tos szivatty\u00fa T6CC-025-017"},"content":{"rendered":"<h2>Jellemz\u0151<\/h2>\n<p>\u2013 Nagy hat\u00e1sfok \u00e9s nagy nyom\u00e1s: A T6CC lap\u00e1tos szivatty\u00fa szerkezete k\u00f6nny\u0171 \u00e9s kompakt, a teljes\u00edtm\u00e9ny-t\u00f6meg ar\u00e1ny magas, a telep\u00edt\u00e9s rugalmas, a n\u00e9vleges \u00fczemi nyom\u00e1s pedig ak\u00e1r 275 bar is lehet, ami cs\u00f6kkentheti a hidraulikus m\u0171k\u00f6dtet\u0151k \u00e9s cs\u0151vezet\u00e9kek m\u00e9ret\u00e9t, \u00e9s alacsonyabb telep\u00edt\u00e9si k\u00f6lts\u00e9geket eredm\u00e9nyezhet.<br \/>\n\u2013 Dupl\u00e1n magas hat\u00e1sfok: A hidraulikus lap\u00e1tos szivatty\u00fa t\u00e9rfogati \u00e9s mechanikai hat\u00e1sfoka egyar\u00e1nt k\u00f6r\u00fclbel\u00fcl 0,94, az energiavesztes\u00e9g alacsony, a rendszer h\u0151termel\u00e9se cs\u00f6kken, \u00e9s az \u00fczemeltet\u00e9si k\u00f6lts\u00e9g is cs\u00f6kken.<br \/>\n\u2013 Kett\u0151s kombin\u00e1ci\u00f3: A lap\u00e1tos szivatty\u00fa 025 \u00e9s 017 m\u00e9ret\u0171 t\u00e9rfogatskiszor\u00edt\u00e1sos szivatty\u00fabet\u00e9tekb\u0151l \u00e1ll, \u00e9s ig\u00e9ny szerint k\u00fcl\u00f6nf\u00e9le \u00e1raml\u00e1si kombin\u00e1ci\u00f3kat tud biztos\u00edtani; a 12 lap\u00e1tos kialak\u00edt\u00e1s kicsi \u00e1raml\u00e1si pulz\u00e1ci\u00f3t, stabil kimenetet \u00e9s a k\u00fcl\u00f6nb\u00f6z\u0151 munkak\u00f6r\u00fclm\u00e9nyekhez val\u00f3 alkalmazkod\u00f3k\u00e9pess\u00e9get eredm\u00e9nyez.<br \/>\n\u2013 Szennyez\u00e9sg\u00e1tl\u00f3 \u00e9s kiegyens\u00falyozott szerkezet: A dupla ajak\u00fa lap\u00e1tok fokozz\u00e1k a r\u00e9szecskeszennyez\u00e9ssel szembeni ellen\u00e1ll\u00e1st, a hidraulikus kiegyens\u00falyoz\u00e1s\u00fa kialak\u00edt\u00e1s pedig cs\u00f6kkenti a tengely \u00e9s a csap\u00e1gy kop\u00e1s\u00e1t, \u00e9s meghosszabb\u00edtja az \u00e9lettartamot.<br \/>\n\u2013 Anya-gyermek lap\u00e1tok + 12 lap\u00e1t: A lap\u00e1tos szivatty\u00fa inherens, alacsony zajszint\u0171 szerkezete optimaliz\u00e1lt kialak\u00edt\u00e1ssal p\u00e1rosul, az \u00fczemi zaj alacsony, \u00e9s a munkak\u00f6rnyezet javul.<br \/>\n\u2013 Rugalmas \u00e9s k\u00e9nyelmes: A bemeneti\/kimeneti olajcsatlakoz\u00f3 4 poz\u00edci\u00f3ban \u00e1ll\u00edthat\u00f3, \u00e9s a dupla lap\u00e1tos szivatty\u00fa 32 telep\u00edt\u00e9si kombin\u00e1ci\u00f3val rendelkezik; a patronk\u00e9szlet elk\u00fcl\u00f6n\u00fcl a hajt\u00f3tengelyt\u0151l, \u00edgy a szivatty\u00fat karbantart\u00e1s k\u00f6zben nem kell sz\u00e9tszerelni, az \u00e1raml\u00e1si alkatr\u00e9szek pedig gyorsan cser\u00e9lhet\u0151k a helysz\u00ednen.<br \/>\n\u2013 Sz\u00e9les fordulatsz\u00e1m-tartom\u00e1ny: Ez a fajta ipari lap\u00e1tos szivatty\u00fa 600-2800 fordulat\/perc fordulatsz\u00e1mmal m\u0171k\u00f6dik, alacsony h\u0151m\u00e9rs\u00e9kleti viszonyokhoz alkalmas, alacsony energiafogyaszt\u00e1s\u00fa \u00e9s elakad\u00e1svesz\u00e9ly n\u00e9lk\u00fcli, stabil \u00e9s megb\u00edzhat\u00f3 m\u0171k\u00f6d\u00e9s\u0171.<\/p>\n<figure id=\"attachment_1590\" aria-describedby=\"caption-attachment-1590\" style=\"width: 1200px\" class=\"wp-caption alignnone\"><img fetchpriority=\"high\" decoding=\"async\" class=\"size-full wp-image-1590\" src=\"https:\/\/www.jinpinlub.net\/wp-content\/uploads\/2025\/06\/T6CC-vane-pump-series-1.jpg\" alt=\"T6CC lap\u00e1tos szivatty\u00fa sorozat (1)\" width=\"1200\" height=\"675\" srcset=\"https:\/\/www.jinpinlub.net\/wp-content\/uploads\/2025\/06\/T6CC-vane-pump-series-1.jpg 1200w, https:\/\/www.jinpinlub.net\/wp-content\/uploads\/2025\/06\/T6CC-vane-pump-series-1-400x225.jpg 400w, https:\/\/www.jinpinlub.net\/wp-content\/uploads\/2025\/06\/T6CC-vane-pump-series-1-1024x576.jpg 1024w, https:\/\/www.jinpinlub.net\/wp-content\/uploads\/2025\/06\/T6CC-vane-pump-series-1-768x432.jpg 768w, https:\/\/www.jinpinlub.net\/wp-content\/uploads\/2025\/06\/T6CC-vane-pump-series-1-800x450.jpg 800w\" sizes=\"(max-width: 1200px) 100vw, 1200px\" \/><figcaption id=\"caption-attachment-1590\" class=\"wp-caption-text\">T6CC lap\u00e1tos szivatty\u00fa sorozat (1)<\/figcaption><\/figure>\n<figure id=\"attachment_1591\" aria-describedby=\"caption-attachment-1591\" style=\"width: 1200px\" class=\"wp-caption alignnone\"><img decoding=\"async\" class=\"size-full wp-image-1591\" src=\"https:\/\/www.jinpinlub.net\/wp-content\/uploads\/2025\/06\/T6CC-vane-pump-series-2.jpg\" alt=\"T6CC lap\u00e1tos szivatty\u00fa sorozat (2)\" width=\"1200\" height=\"1580\" srcset=\"https:\/\/www.jinpinlub.net\/wp-content\/uploads\/2025\/06\/T6CC-vane-pump-series-2.jpg 1200w, https:\/\/www.jinpinlub.net\/wp-content\/uploads\/2025\/06\/T6CC-vane-pump-series-2-304x400.jpg 304w, https:\/\/www.jinpinlub.net\/wp-content\/uploads\/2025\/06\/T6CC-vane-pump-series-2-778x1024.jpg 778w, https:\/\/www.jinpinlub.net\/wp-content\/uploads\/2025\/06\/T6CC-vane-pump-series-2-768x1011.jpg 768w, https:\/\/www.jinpinlub.net\/wp-content\/uploads\/2025\/06\/T6CC-vane-pump-series-2-1167x1536.jpg 1167w, https:\/\/www.jinpinlub.net\/wp-content\/uploads\/2025\/06\/T6CC-vane-pump-series-2-800x1053.jpg 800w\" sizes=\"(max-width: 1200px) 100vw, 1200px\" \/><figcaption id=\"caption-attachment-1591\" class=\"wp-caption-text\">T6CC lap\u00e1tos szivatty\u00fa sorozat (2)<\/figcaption><\/figure>\n<h2>Telep\u00edt\u00e9s<\/h2>\n<p>\u2013 Tiszt\u00edt\u00e1si ellen\u0151rz\u00e9s: Alaposan tiszt\u00edtsa meg a telep\u00edt\u00e9si fel\u00fcletet \u00e9s a cs\u0151vezet\u00e9keket, hogy ne legyenek rajtuk szennyez\u0151d\u00e9sek, p\u00e9ld\u00e1ul olajfoltok \u00e9s vasreszel\u00e9k. Ellen\u0151rizze, hogy a szivatty\u00fah\u00e1z k\u00fcl\u00f6nb\u00f6z\u0151 r\u00e9szei \u00e9pek-e, \u00e9s hogy a hidraulikus szivatty\u00fa lap\u00e1tjai rugalmasak-e.<br \/>\n\u2013 Telep\u00edt\u00e9si ir\u00e1ny: A tervez\u00e9si k\u00f6vetelm\u00e9nyeknek megfelel\u0151en hat\u00e1rozza meg a bemeneti \u00e9s kimeneti helyzetet, hogy a k\u00e9tlap\u00e1tos szivatty\u00fa (32 opcion\u00e1lis) telep\u00edt\u00e9si kombin\u00e1ci\u00f3ja illeszkedjen a rendszerhez.<br \/>\n\u2013 Olajv\u00e1laszt\u00e1s: Haszn\u00e1ljon a specifik\u00e1ci\u00f3knak megfelel\u0151 hidraulikaolajat, amelynek viszkozit\u00e1sa \u00e9s tisztas\u00e1ga meg kell felelnie a szabv\u00e1nyoknak. Sz\u0171rje le az olajat a k\u00e9zik\u00f6nyv k\u00f6vetelm\u00e9nyei szerint, hogy elker\u00fclje a lap\u00e1tos szivatty\u00fa lap\u00e1tjainak szennyez\u0151d\u00e9s\u00e9t \u00e9s kop\u00e1s\u00e1t.<br \/>\n\u2013 Ir\u00e1ny \u00e9s sebess\u00e9g: Gy\u0151z\u0151dj\u00f6n meg arr\u00f3l, hogy a motor forg\u00e1sir\u00e1nya megegyezik a hidraulikus szivatty\u00fa log\u00f3j\u00e1val, \u00e9s a sebess\u00e9g 600-2800 ford\/perc tartom\u00e1nyon bel\u00fcl van szab\u00e1lyozva. Alacsony h\u0151m\u00e9rs\u00e9kleten t\u00f6rt\u00e9n\u0151 ind\u00edt\u00e1s el\u0151tt meleg\u00edtse el\u0151 az olajat az elakad\u00e1s elker\u00fcl\u00e9se \u00e9rdek\u00e9ben.<br \/>\n\u2013 Els\u0151 ind\u00edt\u00e1s: Ind\u00edt\u00e1s el\u0151tt t\u00f6ltse fel a lap\u00e1tos szivatty\u00fat hidraulikaolajjal, engedje le a leveg\u0151t a cs\u0151vezet\u00e9kb\u0151l, j\u00e1rassa alacsony sebess\u00e9gen 5-10 percig, ellen\u0151rizze, hogy nincs-e rendellenes zaj, sziv\u00e1rg\u00e1s vagy t\u00falmeleged\u00e9s, \u00e9s fokozatosan n\u00f6velje a nyom\u00e1st, miut\u00e1n a hidraulikus rendszer stabiliz\u00e1l\u00f3dott.<\/p>\n<h2>Let\u00f6lt\u00e9s<\/h2>\n<div class=\"sdm_download_button_box_default\"><div class=\"sdm_download_link\"><a href=\"https:\/\/www.jinpinlub.net\/hu\/?sdm_process_download=1&download_id=1599\" class=\"sdm_download white\" title=\"Mag\u00e1n: T6\/T7 double vane pump\" target=\"&quot;_blank&quot;\">Adatlap - T6\/T7 k\u00e9tsz\u00e1rny\u00fa szivatty\u00fa<\/a><\/div><\/div>","protected":false},"excerpt":{"rendered":"<p>A T6CC ipari lap\u00e1tos szivatty\u00fa egy kett\u0151s szivatty\u00fa, amelynek n\u00e9vleges nyom\u00e1sa 275 bar, t\u00e9rfogati \u00e9s mechanikai hat\u00e1sfoka pedig 0,94. A 12 lap\u00e1tos kialak\u00edt\u00e1s stabil \u00e1raml\u00e1si sebess\u00e9ggel rendelkezik, ellen\u00e1ll a szennyez\u0151d\u00e9snek, alacsony zajszint\u0171, k\u00f6nnyen telep\u00edthet\u0151 \u00e9s karbantarthat\u00f3, fordulatsz\u00e1ma pedig 600-2800 ford\/perc.<\/p>","protected":false},"featured_media":1593,"template":"","meta":{"ocean_post_layout":"","ocean_both_sidebars_style":"","ocean_both_sidebars_content_width":0,"ocean_both_sidebars_sidebars_width":0,"ocean_sidebar":"0","ocean_second_sidebar":"0","ocean_disable_margins":"enable","ocean_add_body_class":"","ocean_shortcode_before_top_bar":"","ocean_shortcode_after_top_bar":"","ocean_shortcode_before_header":"","ocean_shortcode_after_header":"","ocean_has_shortcode":"","ocean_shortcode_after_title":"","ocean_shortcode_before_footer_widgets":"","ocean_shortcode_after_footer_widgets":"","ocean_shortcode_before_footer_bottom":"","ocean_shortcode_after_footer_bottom":"","ocean_display_top_bar":"default","ocean_display_header":"default","ocean_header_style":"","ocean_center_header_left_menu":"0","ocean_custom_header_template":"0","ocean_custom_logo":0,"ocean_custom_retina_logo":0,"ocean_custom_logo_max_width":0,"ocean_custom_logo_tablet_max_width":0,"ocean_custom_logo_mobile_max_width":0,"ocean_custom_logo_max_height":0,"ocean_custom_logo_tablet_max_height":0,"ocean_custom_logo_mobile_max_height":0,"ocean_header_custom_menu":"0","ocean_menu_typo_font_family":"0","ocean_menu_typo_font_subset":"","ocean_menu_typo_font_size":0,"ocean_menu_typo_font_size_tablet":0,"ocean_menu_typo_font_size_mobile":0,"ocean_menu_typo_font_size_unit":"px","ocean_menu_typo_font_weight":"","ocean_menu_typo_font_weight_tablet":"","ocean_menu_typo_font_weight_mobile":"","ocean_menu_typo_transform":"","ocean_menu_typo_transform_tablet":"","ocean_menu_typo_transform_mobile":"","ocean_menu_typo_line_height":0,"ocean_menu_typo_line_height_tablet":0,"ocean_menu_typo_line_height_mobile":0,"ocean_menu_typo_line_height_unit":"","ocean_menu_typo_spacing":0,"ocean_menu_typo_spacing_tablet":0,"ocean_menu_typo_spacing_mobile":0,"ocean_menu_typo_spacing_unit":"","ocean_menu_link_color":"","ocean_menu_link_color_hover":"","ocean_menu_link_color_active":"","ocean_menu_link_background":"","ocean_menu_link_hover_background":"","ocean_menu_link_active_background":"","ocean_menu_social_links_bg":"","ocean_menu_social_hover_links_bg":"","ocean_menu_social_links_color":"","ocean_menu_social_hover_links_color":"","ocean_disable_title":"default","ocean_disable_heading":"default","ocean_post_title":"","ocean_post_subheading":"","ocean_post_title_style":"","ocean_post_title_background_color":"","ocean_post_title_background":0,"ocean_post_title_bg_image_position":"","ocean_post_title_bg_image_attachment":"","ocean_post_title_bg_image_repeat":"","ocean_post_title_bg_image_size":"","ocean_post_title_height":0,"ocean_post_title_bg_overlay":0.5,"ocean_post_title_bg_overlay_color":"","ocean_disable_breadcrumbs":"default","ocean_breadcrumbs_color":"","ocean_breadcrumbs_separator_color":"","ocean_breadcrumbs_links_color":"","ocean_breadcrumbs_links_hover_color":"","ocean_display_footer_widgets":"default","ocean_display_footer_bottom":"default","ocean_custom_footer_template":"0","osh_disable_topbar_sticky":"default","osh_disable_header_sticky":"default","osh_sticky_header_style":"default","osh_sticky_header_effect":"","osh_custom_sticky_logo":0,"osh_custom_retina_sticky_logo":0,"osh_custom_sticky_logo_height":0,"osh_background_color":"","osh_links_color":"","osh_links_hover_color":"","osh_links_active_color":"","osh_links_bg_color":"","osh_links_hover_bg_color":"","osh_links_active_bg_color":"","osh_menu_social_links_color":"","osh_menu_social_hover_links_color":""},"product_brand":[],"product_cat":[50,37],"product_tag":[84,85,83,87,86],"class_list":{"0":"post-1589","1":"product","2":"type-product","3":"status-publish","4":"has-post-thumbnail","6":"product_cat-t6-t7-double-vane-pump-t6-t7-series-vane-pump","7":"product_cat-t6-t7-series-vane-pump","8":"product_tag-double-vane-pump","9":"product_tag-high-pressure-vane-pump","10":"product_tag-hydraulic-vane-pump","11":"product_tag-industrial-hydraulic-pump","12":"product_tag-vane-oil-pump","14":"entry","15":"has-media","17":"first","18":"instock","19":"shipping-taxable","20":"product-type-external","21":"col","22":"span_1_of_3","23":"owp-content-center","24":"owp-thumbs-layout-horizontal","25":"owp-btn-very-big","26":"owp-tabs-layout-horizontal","27":"circle-sale"},"_links":{"self":[{"href":"https:\/\/www.jinpinlub.net\/hu\/wp-json\/wp\/v2\/product\/1589","targetHints":{"allow":["GET"]}}],"collection":[{"href":"https:\/\/www.jinpinlub.net\/hu\/wp-json\/wp\/v2\/product"}],"about":[{"href":"https:\/\/www.jinpinlub.net\/hu\/wp-json\/wp\/v2\/types\/product"}],"version-history":[{"count":1,"href":"https:\/\/www.jinpinlub.net\/hu\/wp-json\/wp\/v2\/product\/1589\/revisions"}],"predecessor-version":[{"id":1601,"href":"https:\/\/www.jinpinlub.net\/hu\/wp-json\/wp\/v2\/product\/1589\/revisions\/1601"}],"wp:featuredmedia":[{"embeddable":true,"href":"https:\/\/www.jinpinlub.net\/hu\/wp-json\/wp\/v2\/media\/1593"}],"wp:attachment":[{"href":"https:\/\/www.jinpinlub.net\/hu\/wp-json\/wp\/v2\/media?parent=1589"}],"wp:term":[{"taxonomy":"product_brand","embeddable":true,"href":"https:\/\/www.jinpinlub.net\/hu\/wp-json\/wp\/v2\/product_brand?post=1589"},{"taxonomy":"product_cat","embeddable":true,"href":"https:\/\/www.jinpinlub.net\/hu\/wp-json\/wp\/v2\/product_cat?post=1589"},{"taxonomy":"product_tag","embeddable":true,"href":"https:\/\/www.jinpinlub.net\/hu\/wp-json\/wp\/v2\/product_tag?post=1589"}],"curies":[{"name":"wp","href":"https:\/\/api.w.org\/{rel}","templated":true}]}}