{"id":2002,"date":"2025-07-02T00:12:50","date_gmt":"2025-07-01T16:12:50","guid":{"rendered":"https:\/\/www.jinpinlub.net\/?post_type=product&#038;p=2002"},"modified":"2026-04-22T08:51:16","modified_gmt":"2026-04-22T00:51:16","slug":"tokyo-keiki-single-pump-vane-pump-sqp2-series-industrial-hydraulic-oil-pump","status":"publish","type":"product","link":"https:\/\/www.jinpinlub.net\/fr\/product\/tokyo-keiki-single-pump-vane-pump-sqp2-series-industrial-hydraulic-oil-pump\/","title":{"rendered":"Pompe \u00e0 palettes simple pompe Tokyo Keiki s\u00e9rie SQP2 pompe \u00e0 huile hydraulique industrielle"},"content":{"rendered":"<h2>Fonctionnalit\u00e9<\/h2>\n<p>La pompe \u00e0 palettes simple s\u00e9rie SQP2 de Tokyo Keiki est une pompe volum\u00e9trique con\u00e7ue pour les syst\u00e8mes hydrauliques de moyenne et haute pression. La pompe \u00e0 palettes SQP2 est de structure modulaire, poss\u00e8de un corps de pompe compact et est facile \u00e0 installer et \u00e0 entretenir. Les pi\u00e8ces principales sont fabriqu\u00e9es avec une technologie de traitement de haute pr\u00e9cision qui peut maintenir les jeux internes parfaitement ajust\u00e9s pour \u00eatre volum\u00e9triquement efficaces avec de faibles fuites.<br \/>\nEn ce qui concerne le contr\u00f4le du bruit, la pompe hydraulique SQP2 utilise un angle diff\u00e9rent entre la lame et le stator pour optimiser la pulsation hydraulique comme source de bruit.<br \/>\nDe plus, la pompe utilise sa structure tampon de canal d&#039;\u00e9coulement interne. La conception \u00e9paissie de la coque du corps de la pompe peut \u00e9galement \u00eatre utilis\u00e9e pour l&#039;isolation acoustique et la r\u00e9sistance aux chocs, ainsi que pour prolonger sa dur\u00e9e de vie.<br \/>\nLa pompe hydraulique SQP2 est \u00e9galement compatible avec de nombreux fluides hydrauliques, tels que l&#039;huile min\u00e9rale, l&#039;ester phosphate et l&#039;eau glycol\u00e9e, ce qui lui conf\u00e8re une grande adaptabilit\u00e9. Sa pression de service maximale en configuration standard atteint 14 MPa, et ses plages de vitesse nominales sont \u00e9galement tr\u00e8s \u00e9tendues, adapt\u00e9es aux conditions de fonctionnement en continu. La s\u00e9rie SQP2 se distingue \u00e9galement par ses \u00e9conomies d&#039;\u00e9nergie. Ses caract\u00e9ristiques de d\u00e9bit quantitatives simplifient la conception du syst\u00e8me et r\u00e9duisent les pertes d&#039;\u00e9nergie.<\/p>\n<figure id=\"attachment_2008\" aria-describedby=\"caption-attachment-2008\" style=\"width: 1200px\" class=\"wp-caption alignnone\"><img fetchpriority=\"high\" decoding=\"async\" class=\"size-full wp-image-2008\" src=\"https:\/\/www.jinpinlub.net\/wp-content\/uploads\/2025\/07\/SQP2-single-vane-pump-6.jpg\" alt=\"Pompe \u00e0 palettes simple SQP2 (6)\" width=\"1200\" height=\"1182\" srcset=\"https:\/\/www.jinpinlub.net\/wp-content\/uploads\/2025\/07\/SQP2-single-vane-pump-6.jpg 1200w, https:\/\/www.jinpinlub.net\/wp-content\/uploads\/2025\/07\/SQP2-single-vane-pump-6-400x394.jpg 400w, https:\/\/www.jinpinlub.net\/wp-content\/uploads\/2025\/07\/SQP2-single-vane-pump-6-1024x1009.jpg 1024w, https:\/\/www.jinpinlub.net\/wp-content\/uploads\/2025\/07\/SQP2-single-vane-pump-6-768x756.jpg 768w, https:\/\/www.jinpinlub.net\/wp-content\/uploads\/2025\/07\/SQP2-single-vane-pump-6-12x12.jpg 12w, https:\/\/www.jinpinlub.net\/wp-content\/uploads\/2025\/07\/SQP2-single-vane-pump-6-800x788.jpg 800w, https:\/\/www.jinpinlub.net\/wp-content\/uploads\/2025\/07\/SQP2-single-vane-pump-6-100x100.jpg 100w\" sizes=\"(max-width: 1200px) 100vw, 1200px\" \/><figcaption id=\"caption-attachment-2008\" class=\"wp-caption-text\">Pompe \u00e0 palettes simple SQP2 (6)<\/figcaption><\/figure>\n<figure id=\"attachment_2007\" aria-describedby=\"caption-attachment-2007\" style=\"width: 1200px\" class=\"wp-caption alignnone\"><img decoding=\"async\" class=\"size-full wp-image-2007\" src=\"https:\/\/www.jinpinlub.net\/wp-content\/uploads\/2025\/07\/SQP2-single-vane-pump-5.jpg\" alt=\"Pompe \u00e0 palettes simple SQP2 (5)\" width=\"1200\" height=\"1745\" srcset=\"https:\/\/www.jinpinlub.net\/wp-content\/uploads\/2025\/07\/SQP2-single-vane-pump-5.jpg 1200w, https:\/\/www.jinpinlub.net\/wp-content\/uploads\/2025\/07\/SQP2-single-vane-pump-5-275x400.jpg 275w, https:\/\/www.jinpinlub.net\/wp-content\/uploads\/2025\/07\/SQP2-single-vane-pump-5-704x1024.jpg 704w, https:\/\/www.jinpinlub.net\/wp-content\/uploads\/2025\/07\/SQP2-single-vane-pump-5-768x1117.jpg 768w, https:\/\/www.jinpinlub.net\/wp-content\/uploads\/2025\/07\/SQP2-single-vane-pump-5-1056x1536.jpg 1056w, https:\/\/www.jinpinlub.net\/wp-content\/uploads\/2025\/07\/SQP2-single-vane-pump-5-8x12.jpg 8w, https:\/\/www.jinpinlub.net\/wp-content\/uploads\/2025\/07\/SQP2-single-vane-pump-5-800x1163.jpg 800w\" sizes=\"(max-width: 1200px) 100vw, 1200px\" \/><figcaption id=\"caption-attachment-2007\" class=\"wp-caption-text\">Pompe \u00e0 palettes simple SQP2 (5)<\/figcaption><\/figure>\n<h2>Avantages<\/h2>\n<p>1. La pompe industrielle SQP2 utilise une conception et une technologie de lame parent-enfant qui att\u00e9nue les pulsations et pr\u00e9sente des niveaux de pulsation hydraulique et de bruit de fonctionnement effectivement minimes.<br \/>\n2. Un rotor et des pales usin\u00e9s avec pr\u00e9cision sont tr\u00e8s \u00e9troitement ajust\u00e9s, r\u00e9duisant ainsi les fuites internes et am\u00e9liorant l&#039;efficacit\u00e9 globale du syst\u00e8me hydraulique.<br \/>\n3. Le corps de la pompe est \u00e9paissi pour aider \u00e9galement \u00e0 r\u00e9sister aux chocs et aux vibrations \u2013 id\u00e9al dans les applications \u00e0 forte charge.<br \/>\n4. Le noyau\/emballage de la pompe peut \u00eatre rapidement assembl\u00e9 et d\u00e9mont\u00e9 et pratique pour l&#039;entretien et le remplacement, ce qui r\u00e9duit le temps de retard.<br \/>\n5. Peut \u00eatre utilis\u00e9 avec le noyau de pompe \u00e0 palettes de la s\u00e9rie V qui offre plus de polyvalence pour remplacer les pi\u00e8ces de rechange et r\u00e9duire l&#039;efficacit\u00e9 de la gestion des stocks.<br \/>\n6. La pompe \u00e0 palettes SQP2 peut prendre en charge de nombreux types de supports hydrauliques diff\u00e9rents, notamment l&#039;huile min\u00e9rale, l&#039;eau glycol\u00e9e, l&#039;ester phosphate, et convient \u00e0 diff\u00e9rents environnements industriels.<br \/>\n7. Poss\u00e8de des applications matures allant des machines de moulage par injection aux machines de moulage sous pression, aux machines-outils, aux navires et autres \u00e9quipements avec des performances stables et fiables.<\/p>\n<h2>T\u00e9l\u00e9charger<\/h2>\n<div class=\"sdm_download_button_box_default\"><div class=\"sdm_download_link\"><a href=\"https:\/\/www.jinpinlub.net\/fr\/?sdm_process_download=1&download_id=1599\" class=\"sdm_download white\" title=\"Priv\u00e9\u00a0: T6\/T7 double vane pump\" target=\"&quot;_blank&quot;\">Fiche technique - Pompe \u00e0 double palettes T6\/T7<\/a><\/div><\/div>","protected":false},"excerpt":{"rendered":"<p>La pompe Tokyo Keiki SQP2 est une pompe \u00e0 palettes \u00e0 cylindr\u00e9e fixe silencieuse, adapt\u00e9e aux syst\u00e8mes hydrauliques moyenne et haute pression. Sa cylindr\u00e9e varie de 10,2 \u00e0 65,0 l\/min (\u00e0 1\u00a0000 tr\/min, 0,7 MPa), sa pression de service maximale peut atteindre 17,5 MPa et sa vitesse maximale est de 1\u00a0800 tr\/min.<\/p>","protected":false},"featured_media":2043,"template":"","meta":{"ocean_post_layout":"","ocean_both_sidebars_style":"","ocean_both_sidebars_content_width":0,"ocean_both_sidebars_sidebars_width":0,"ocean_sidebar":"0","ocean_second_sidebar":"0","ocean_disable_margins":"enable","ocean_add_body_class":"","ocean_shortcode_before_top_bar":"","ocean_shortcode_after_top_bar":"","ocean_shortcode_before_header":"","ocean_shortcode_after_header":"","ocean_has_shortcode":"","ocean_shortcode_after_title":"","ocean_shortcode_before_footer_widgets":"","ocean_shortcode_after_footer_widgets":"","ocean_shortcode_before_footer_bottom":"","ocean_shortcode_after_footer_bottom":"","ocean_display_top_bar":"default","ocean_display_header":"default","ocean_header_style":"","ocean_center_header_left_menu":"0","ocean_custom_header_template":"0","ocean_custom_logo":0,"ocean_custom_retina_logo":0,"ocean_custom_logo_max_width":0,"ocean_custom_logo_tablet_max_width":0,"ocean_custom_logo_mobile_max_width":0,"ocean_custom_logo_max_height":0,"ocean_custom_logo_tablet_max_height":0,"ocean_custom_logo_mobile_max_height":0,"ocean_header_custom_menu":"0","ocean_menu_typo_font_family":"0","ocean_menu_typo_font_subset":"","ocean_menu_typo_font_size":0,"ocean_menu_typo_font_size_tablet":0,"ocean_menu_typo_font_size_mobile":0,"ocean_menu_typo_font_size_unit":"px","ocean_menu_typo_font_weight":"","ocean_menu_typo_font_weight_tablet":"","ocean_menu_typo_font_weight_mobile":"","ocean_menu_typo_transform":"","ocean_menu_typo_transform_tablet":"","ocean_menu_typo_transform_mobile":"","ocean_menu_typo_line_height":0,"ocean_menu_typo_line_height_tablet":0,"ocean_menu_typo_line_height_mobile":0,"ocean_menu_typo_line_height_unit":"","ocean_menu_typo_spacing":0,"ocean_menu_typo_spacing_tablet":0,"ocean_menu_typo_spacing_mobile":0,"ocean_menu_typo_spacing_unit":"","ocean_menu_link_color":"","ocean_menu_link_color_hover":"","ocean_menu_link_color_active":"","ocean_menu_link_background":"","ocean_menu_link_hover_background":"","ocean_menu_link_active_background":"","ocean_menu_social_links_bg":"","ocean_menu_social_hover_links_bg":"","ocean_menu_social_links_color":"","ocean_menu_social_hover_links_color":"","ocean_disable_title":"default","ocean_disable_heading":"default","ocean_post_title":"","ocean_post_subheading":"","ocean_post_title_style":"","ocean_post_title_background_color":"","ocean_post_title_background":0,"ocean_post_title_bg_image_position":"","ocean_post_title_bg_image_attachment":"","ocean_post_title_bg_image_repeat":"","ocean_post_title_bg_image_size":"","ocean_post_title_height":0,"ocean_post_title_bg_overlay":0.5,"ocean_post_title_bg_overlay_color":"","ocean_disable_breadcrumbs":"default","ocean_breadcrumbs_color":"","ocean_breadcrumbs_separator_color":"","ocean_breadcrumbs_links_color":"","ocean_breadcrumbs_links_hover_color":"","ocean_display_footer_widgets":"default","ocean_display_footer_bottom":"default","ocean_custom_footer_template":"0","osh_disable_topbar_sticky":"default","osh_disable_header_sticky":"default","osh_sticky_header_style":"default","osh_sticky_header_effect":"","osh_custom_sticky_logo":0,"osh_custom_retina_sticky_logo":0,"osh_custom_sticky_logo_height":0,"osh_background_color":"","osh_links_color":"","osh_links_hover_color":"","osh_links_active_color":"","osh_links_bg_color":"","osh_links_hover_bg_color":"","osh_links_active_bg_color":"","osh_menu_social_links_color":"","osh_menu_social_hover_links_color":""},"product_brand":[],"product_cat":[40,54],"product_tag":[109,87,108,107,106],"class_list":{"0":"post-2002","1":"product","2":"type-product","3":"status-publish","4":"has-post-thumbnail","6":"product_cat-sqp-series-vane-pump","7":"product_cat-sqp-single-vane-pump","8":"product_tag-high-performance-vane-pump","9":"product_tag-industrial-hydraulic-pump","10":"product_tag-sqp-hydraulic-pump","11":"product_tag-sqp-single-vane-pump","12":"product_tag-tokyo-keiki-sqp2","14":"entry","15":"has-media","17":"first","18":"instock","19":"shipping-taxable","20":"product-type-external","21":"col","22":"span_1_of_3","23":"owp-content-center","24":"owp-thumbs-layout-horizontal","25":"owp-btn-very-big","26":"owp-tabs-layout-horizontal","27":"circle-sale"},"_links":{"self":[{"href":"https:\/\/www.jinpinlub.net\/fr\/wp-json\/wp\/v2\/product\/2002","targetHints":{"allow":["GET"]}}],"collection":[{"href":"https:\/\/www.jinpinlub.net\/fr\/wp-json\/wp\/v2\/product"}],"about":[{"href":"https:\/\/www.jinpinlub.net\/fr\/wp-json\/wp\/v2\/types\/product"}],"version-history":[{"count":1,"href":"https:\/\/www.jinpinlub.net\/fr\/wp-json\/wp\/v2\/product\/2002\/revisions"}],"predecessor-version":[{"id":2010,"href":"https:\/\/www.jinpinlub.net\/fr\/wp-json\/wp\/v2\/product\/2002\/revisions\/2010"}],"wp:featuredmedia":[{"embeddable":true,"href":"https:\/\/www.jinpinlub.net\/fr\/wp-json\/wp\/v2\/media\/2043"}],"wp:attachment":[{"href":"https:\/\/www.jinpinlub.net\/fr\/wp-json\/wp\/v2\/media?parent=2002"}],"wp:term":[{"taxonomy":"product_brand","embeddable":true,"href":"https:\/\/www.jinpinlub.net\/fr\/wp-json\/wp\/v2\/product_brand?post=2002"},{"taxonomy":"product_cat","embeddable":true,"href":"https:\/\/www.jinpinlub.net\/fr\/wp-json\/wp\/v2\/product_cat?post=2002"},{"taxonomy":"product_tag","embeddable":true,"href":"https:\/\/www.jinpinlub.net\/fr\/wp-json\/wp\/v2\/product_tag?post=2002"}],"curies":[{"name":"wp","href":"https:\/\/api.w.org\/{rel}","templated":true}]}}