{"id":1994,"date":"2025-07-01T22:08:26","date_gmt":"2025-07-01T14:08:26","guid":{"rendered":"https:\/\/www.jinpinlub.net\/?post_type=product&#038;p=1994"},"modified":"2025-07-01T22:29:37","modified_gmt":"2025-07-01T14:29:37","slug":"275-bar-hydraulic-vane-pump-t6c-single-oil-pump-for-die-casting-machine","status":"publish","type":"product","link":"https:\/\/www.jinpinlub.net\/fr\/product\/275-bar-hydraulic-vane-pump-t6c-single-oil-pump-for-die-casting-machine\/","title":{"rendered":"Pompe \u00e0 palettes hydraulique 275 bars T6C, pompe \u00e0 huile simple pour machine de moulage sous pression"},"content":{"rendered":"<h2>Fonctionnalit\u00e9<\/h2>\n<p>La pompe \u00e0 palettes simple s\u00e9rie T6C est une pompe hydraulique hautes performances de Denison. De conception modulaire, elle convient aux applications hydrauliques industrielles haute pression, silencieuses et \u00e0 haut rendement. Sa structure compacte et sa flexibilit\u00e9 d&#039;installation la rendent id\u00e9ale pour la m\u00e9tallurgie, le moulage par injection, les machines d&#039;ing\u00e9nierie, les machines-outils et d&#039;autres applications.<br \/>\nCaract\u00e9ristiques de performance :<br \/>\nLa pompe \u00e0 palettes a une pression de travail \u00e9lev\u00e9e : la pression nominale peut atteindre 275 bars (max 310 bars) et convient aux conditions de charge \u00e9lev\u00e9e.<br \/>\nLa pompe hydraulique industrielle a un rendement volum\u00e9trique \u00e9lev\u00e9 : le rendement volum\u00e9trique typique est de 0,94, et le fait de rester stable sous haute pression maintient la consommation d&#039;\u00e9nergie et la production de chaleur plus faibles.<br \/>\nLarge plage de vitesse : le type standard peut atteindre 600 \u00e0 2 800 tr\/min ; le type de v\u00e9hicule peut \u00eatre aussi bas que 400 tr\/min pour r\u00e9pondre \u00e0 toutes les configurations d&#039;\u00e9quipement.<br \/>\nLa pompe \u00e0 palettes T6C pr\u00e9sente des caract\u00e9ristiques de faible bruit : une petite pulsation de pression (environ \u00b1 2 bar), peut r\u00e9duire consid\u00e9rablement le bruit du syst\u00e8me hydraulique et offrir une meilleure stabilit\u00e9 du syst\u00e8me hydraulique.<br \/>\nBonne capacit\u00e9 anti-pollution : avec les lames \u00e0 structure \u00e0 double l\u00e8vre, les aubes peuvent mieux r\u00e9sister \u00e0 la contamination de l&#039;huile avant de provoquer des r\u00e9sultats nocifs pour la pompe et prolonger la dur\u00e9e de vie du corps de la pompe.<\/p>\n<figure id=\"attachment_1995\" aria-describedby=\"caption-attachment-1995\" style=\"width: 1200px\" class=\"wp-caption alignnone\"><img fetchpriority=\"high\" decoding=\"async\" class=\"size-full wp-image-1995\" src=\"https:\/\/www.jinpinlub.net\/wp-content\/uploads\/2025\/07\/T6c-single-vane-pump6.jpg\" alt=\"Pompe \u00e0 palettes simple T6c\" width=\"1200\" height=\"1479\" srcset=\"https:\/\/www.jinpinlub.net\/wp-content\/uploads\/2025\/07\/T6c-single-vane-pump6.jpg 1200w, https:\/\/www.jinpinlub.net\/wp-content\/uploads\/2025\/07\/T6c-single-vane-pump6-325x400.jpg 325w, https:\/\/www.jinpinlub.net\/wp-content\/uploads\/2025\/07\/T6c-single-vane-pump6-831x1024.jpg 831w, https:\/\/www.jinpinlub.net\/wp-content\/uploads\/2025\/07\/T6c-single-vane-pump6-768x947.jpg 768w, https:\/\/www.jinpinlub.net\/wp-content\/uploads\/2025\/07\/T6c-single-vane-pump6-10x12.jpg 10w, https:\/\/www.jinpinlub.net\/wp-content\/uploads\/2025\/07\/T6c-single-vane-pump6-800x986.jpg 800w\" sizes=\"(max-width: 1200px) 100vw, 1200px\" \/><figcaption id=\"caption-attachment-1995\" class=\"wp-caption-text\">Pompe \u00e0 palettes simple T6c<\/figcaption><\/figure>\n<figure id=\"attachment_1996\" aria-describedby=\"caption-attachment-1996\" style=\"width: 1200px\" class=\"wp-caption alignnone\"><img decoding=\"async\" class=\"size-full wp-image-1996\" src=\"https:\/\/www.jinpinlub.net\/wp-content\/uploads\/2025\/07\/T6c-single-vane-pump5.jpg\" alt=\"Pompe \u00e0 palettes simple T6c\" width=\"1200\" height=\"1120\" srcset=\"https:\/\/www.jinpinlub.net\/wp-content\/uploads\/2025\/07\/T6c-single-vane-pump5.jpg 1200w, https:\/\/www.jinpinlub.net\/wp-content\/uploads\/2025\/07\/T6c-single-vane-pump5-400x373.jpg 400w, https:\/\/www.jinpinlub.net\/wp-content\/uploads\/2025\/07\/T6c-single-vane-pump5-1024x956.jpg 1024w, https:\/\/www.jinpinlub.net\/wp-content\/uploads\/2025\/07\/T6c-single-vane-pump5-768x717.jpg 768w, https:\/\/www.jinpinlub.net\/wp-content\/uploads\/2025\/07\/T6c-single-vane-pump5-13x12.jpg 13w, https:\/\/www.jinpinlub.net\/wp-content\/uploads\/2025\/07\/T6c-single-vane-pump5-800x747.jpg 800w\" sizes=\"(max-width: 1200px) 100vw, 1200px\" \/><figcaption id=\"caption-attachment-1996\" class=\"wp-caption-text\">Pompe \u00e0 palettes simple T6c<\/figcaption><\/figure>\n<h2>Remarques<\/h2>\n<p>1. Avant de d\u00e9marrer la pompe simple T6C, il faut mettre de l&#039;huile hydraulique propre dans le corps de la pompe et le remplir.<br \/>\n2. V\u00e9rifiez que le sens de rotation de la pompe \u00e0 palettes simple est coh\u00e9rent avec la fl\u00e8che de sens de rotation indiqu\u00e9e par le moteur.<br \/>\n3. Lors du premier d\u00e9marrage de la pompe hydraulique ou apr\u00e8s un arr\u00eat prolong\u00e9, il peut \u00eatre difficile d&#039;absorber l&#039;huile. Il est donc n\u00e9cessaire d&#039;installer une soupape d&#039;\u00e9chappement \u00e0 la sortie de la pompe ou de desserrer le raccord du tuyau de sortie d&#039;huile pour \u00e9vacuer l&#039;air. Il est conseill\u00e9 de d\u00e9marrer la pompe \u00e0 vide.<br \/>\n4. L&#039;air m\u00e9lang\u00e9 \u00e0 la pompe et \u00e0 la tuyauterie peut g\u00e9n\u00e9rer du bruit et des vibrations. Il est donc n\u00e9cessaire de proc\u00e9der \u00e0 des d\u00e9marrages et des arr\u00eats r\u00e9p\u00e9t\u00e9s de la pompe \u00e0 vide pour \u00e9vacuer l&#039;air.<br \/>\n5. Pour les pompes \u00e0 huile avec entra\u00eenement par servomoteur, la basse vitesse doit d&#039;abord \u00eatre s\u00e9lectionn\u00e9e pour le moteur (le mode pression est commut\u00e9 en mode vitesse) \u00e0 partir du servomoteur, et le moteur doit fonctionner \u00e0 basse vitesse pendant environ 3 \u00e0 5 minutes pour \u00e9vacuer l&#039;air, puis peut \u00eatre ramen\u00e9 \u00e0 la vitesse normale une fois que la pompe \u00e0 huile a sonn\u00e9 normalement.<\/p>\n<h2>T\u00e9l\u00e9charger<\/h2>\n<div class=\"sdm_download_button_box_default\"><div class=\"sdm_download_link\"><a href=\"https:\/\/www.jinpinlub.net\/fr\/?sdm_process_download=1&download_id=1599\" class=\"sdm_download white\" title=\"Priv\u00e9\u00a0: T6\/T7 double vane pump\" target=\"&quot;_blank&quot;\">Fiche technique - Pompe \u00e0 double palettes T6\/T7<\/a><\/div><\/div>","protected":false},"excerpt":{"rendered":"<p>La pompe \u00e0 palettes simples de la s\u00e9rie T6C fabriqu\u00e9e par Denison est une pompe hydraulique haut de gamme qui introduit le nouveau concept \u00ab modulaire \u00bb. Dans les syst\u00e8mes hydrauliques industriels, la T6C peut fournir une alternative \u00e0 haute pression, \u00e0 faible bruit et \u00e0 haute efficacit\u00e9. Sa taille compacte, sa conception modulaire et ses options de montage flexibles en font une excellente option pour plusieurs applications.<\/p>","protected":false},"featured_media":2000,"template":"","meta":{"ocean_post_layout":"","ocean_both_sidebars_style":"","ocean_both_sidebars_content_width":0,"ocean_both_sidebars_sidebars_width":0,"ocean_sidebar":"0","ocean_second_sidebar":"0","ocean_disable_margins":"enable","ocean_add_body_class":"","ocean_shortcode_before_top_bar":"","ocean_shortcode_after_top_bar":"","ocean_shortcode_before_header":"","ocean_shortcode_after_header":"","ocean_has_shortcode":"","ocean_shortcode_after_title":"","ocean_shortcode_before_footer_widgets":"","ocean_shortcode_after_footer_widgets":"","ocean_shortcode_before_footer_bottom":"","ocean_shortcode_after_footer_bottom":"","ocean_display_top_bar":"default","ocean_display_header":"default","ocean_header_style":"","ocean_center_header_left_menu":"0","ocean_custom_header_template":"0","ocean_custom_logo":0,"ocean_custom_retina_logo":0,"ocean_custom_logo_max_width":0,"ocean_custom_logo_tablet_max_width":0,"ocean_custom_logo_mobile_max_width":0,"ocean_custom_logo_max_height":0,"ocean_custom_logo_tablet_max_height":0,"ocean_custom_logo_mobile_max_height":0,"ocean_header_custom_menu":"0","ocean_menu_typo_font_family":"0","ocean_menu_typo_font_subset":"","ocean_menu_typo_font_size":0,"ocean_menu_typo_font_size_tablet":0,"ocean_menu_typo_font_size_mobile":0,"ocean_menu_typo_font_size_unit":"px","ocean_menu_typo_font_weight":"","ocean_menu_typo_font_weight_tablet":"","ocean_menu_typo_font_weight_mobile":"","ocean_menu_typo_transform":"","ocean_menu_typo_transform_tablet":"","ocean_menu_typo_transform_mobile":"","ocean_menu_typo_line_height":0,"ocean_menu_typo_line_height_tablet":0,"ocean_menu_typo_line_height_mobile":0,"ocean_menu_typo_line_height_unit":"","ocean_menu_typo_spacing":0,"ocean_menu_typo_spacing_tablet":0,"ocean_menu_typo_spacing_mobile":0,"ocean_menu_typo_spacing_unit":"","ocean_menu_link_color":"","ocean_menu_link_color_hover":"","ocean_menu_link_color_active":"","ocean_menu_link_background":"","ocean_menu_link_hover_background":"","ocean_menu_link_active_background":"","ocean_menu_social_links_bg":"","ocean_menu_social_hover_links_bg":"","ocean_menu_social_links_color":"","ocean_menu_social_hover_links_color":"","ocean_disable_title":"default","ocean_disable_heading":"default","ocean_post_title":"","ocean_post_subheading":"","ocean_post_title_style":"","ocean_post_title_background_color":"","ocean_post_title_background":0,"ocean_post_title_bg_image_position":"","ocean_post_title_bg_image_attachment":"","ocean_post_title_bg_image_repeat":"","ocean_post_title_bg_image_size":"","ocean_post_title_height":0,"ocean_post_title_bg_overlay":0.5,"ocean_post_title_bg_overlay_color":"","ocean_disable_breadcrumbs":"default","ocean_breadcrumbs_color":"","ocean_breadcrumbs_separator_color":"","ocean_breadcrumbs_links_color":"","ocean_breadcrumbs_links_hover_color":"","ocean_display_footer_widgets":"default","ocean_display_footer_bottom":"default","ocean_custom_footer_template":"0","osh_disable_topbar_sticky":"default","osh_disable_header_sticky":"default","osh_sticky_header_style":"default","osh_sticky_header_effect":"","osh_custom_sticky_logo":0,"osh_custom_retina_sticky_logo":0,"osh_custom_sticky_logo_height":0,"osh_background_color":"","osh_links_color":"","osh_links_hover_color":"","osh_links_active_color":"","osh_links_bg_color":"","osh_links_hover_bg_color":"","osh_links_active_bg_color":"","osh_menu_social_links_color":"","osh_menu_social_hover_links_color":""},"product_brand":[],"product_cat":[37,47],"product_tag":[104,102,105,103,101],"class_list":{"0":"post-1994","1":"product","2":"type-product","3":"status-publish","4":"has-post-thumbnail","6":"product_cat-t6-t7-series-vane-pump","7":"product_cat-t6-t7-single-vane-pump","8":"product_tag-high-efficiency-hydraulic-pump","9":"product_tag-industrial-hydraulic-vane-pump","10":"product_tag-quantitative-vane-pump","11":"product_tag-single-vane-pump","12":"product_tag-t6c-vane-pump","14":"entry","15":"has-media","17":"first","18":"instock","19":"shipping-taxable","20":"product-type-external","21":"col","22":"span_1_of_3","23":"owp-content-center","24":"owp-thumbs-layout-horizontal","25":"owp-btn-very-big","26":"owp-tabs-layout-horizontal","27":"circle-sale"},"_links":{"self":[{"href":"https:\/\/www.jinpinlub.net\/fr\/wp-json\/wp\/v2\/product\/1994","targetHints":{"allow":["GET"]}}],"collection":[{"href":"https:\/\/www.jinpinlub.net\/fr\/wp-json\/wp\/v2\/product"}],"about":[{"href":"https:\/\/www.jinpinlub.net\/fr\/wp-json\/wp\/v2\/types\/product"}],"version-history":[{"count":0,"href":"https:\/\/www.jinpinlub.net\/fr\/wp-json\/wp\/v2\/product\/1994\/revisions"}],"wp:featuredmedia":[{"embeddable":true,"href":"https:\/\/www.jinpinlub.net\/fr\/wp-json\/wp\/v2\/media\/2000"}],"wp:attachment":[{"href":"https:\/\/www.jinpinlub.net\/fr\/wp-json\/wp\/v2\/media?parent=1994"}],"wp:term":[{"taxonomy":"product_brand","embeddable":true,"href":"https:\/\/www.jinpinlub.net\/fr\/wp-json\/wp\/v2\/product_brand?post=1994"},{"taxonomy":"product_cat","embeddable":true,"href":"https:\/\/www.jinpinlub.net\/fr\/wp-json\/wp\/v2\/product_cat?post=1994"},{"taxonomy":"product_tag","embeddable":true,"href":"https:\/\/www.jinpinlub.net\/fr\/wp-json\/wp\/v2\/product_tag?post=1994"}],"curies":[{"name":"wp","href":"https:\/\/api.w.org\/{rel}","templated":true}]}}