{"id":1589,"date":"2025-06-15T06:18:02","date_gmt":"2025-06-15T06:18:02","guid":{"rendered":"https:\/\/www.jinpinlub.net\/?post_type=product&#038;p=1589"},"modified":"2025-06-15T23:33:41","modified_gmt":"2025-06-15T23:33:41","slug":"denison-high-pressure-hydraulic-industry-double-vane-pump-t6cc-025-017","status":"publish","type":"product","link":"https:\/\/www.jinpinlub.net\/fr\/product\/denison-high-pressure-hydraulic-industry-double-vane-pump-t6cc-025-017\/","title":{"rendered":"Pompe hydraulique haute pression \u00e0 double palettes Denison T6CC-025-017"},"content":{"rendered":"<h2>Fonctionnalit\u00e9<\/h2>\n<p>\u2013 Haute efficacit\u00e9 et haute pression : la structure de la pompe \u00e0 palettes T6CC est l\u00e9g\u00e8re et compacte, le rapport puissance\/poids est \u00e9lev\u00e9, l&#039;installation est flexible et la pression de travail nominale peut atteindre 275 bars, ce qui peut r\u00e9duire la taille des actionneurs hydrauliques et des canalisations et r\u00e9duire les co\u00fbts d&#039;installation.<br \/>\n\u2013 Double rendement \u00e9lev\u00e9 : le rendement volum\u00e9trique et le rendement m\u00e9canique de la pompe \u00e0 palettes hydraulique sont tous deux d&#039;environ 0,94, la perte d&#039;\u00e9nergie est faible, la chaleur du syst\u00e8me est r\u00e9duite et les co\u00fbts d&#039;exploitation sont r\u00e9duits.<br \/>\n\u2013 Double combinaison : la pompe \u00e0 palettes est compos\u00e9e de cartouches de pompe \u00e0 d\u00e9placement 025 et 017 et peut fournir une vari\u00e9t\u00e9 de combinaisons de d\u00e9bit \u00e0 la demande ; la conception \u00e0 12 palettes rend la pulsation du d\u00e9bit faible, la sortie stable et adaptable \u00e0 diff\u00e9rentes conditions de travail.<br \/>\n\u2013 Structure anti-pollution et \u00e9quilibr\u00e9e : les aubes \u00e0 double l\u00e8vre am\u00e9liorent la capacit\u00e9 \u00e0 r\u00e9sister \u00e0 la pollution par les particules, et la conception de l&#039;\u00e9quilibre hydraulique r\u00e9duit l&#039;usure de l&#039;arbre et du roulement et prolonge la dur\u00e9e de vie.<br \/>\n\u2013 Aubes m\u00e8re-enfant + 12 aubes : la structure \u00e0 faible bruit inh\u00e9rente \u00e0 la pompe \u00e0 palettes est associ\u00e9e \u00e0 une conception optimis\u00e9e, le bruit de fonctionnement est faible et l&#039;environnement de travail est am\u00e9lior\u00e9.<br \/>\n\u2013 Flexible et pratique : l&#039;orifice d&#039;entr\u00e9e\/sortie d&#039;huile peut \u00eatre orient\u00e9 dans 4 positions et la pompe \u00e0 double palettes dispose de 32 combinaisons d&#039;installation ; le kit de cartouche est s\u00e9par\u00e9 de l&#039;arbre d&#039;entra\u00eenement et la pompe n&#039;a pas besoin d&#039;\u00eatre d\u00e9mont\u00e9e pendant la maintenance, et les composants de d\u00e9bit peuvent \u00eatre rapidement remplac\u00e9s sur place.<br \/>\n\u2013 Large plage de vitesse : ce type de pompe \u00e0 palettes industrielle est de 600 \u00e0 2800 tr\/min, adapt\u00e9 aux conditions de basse temp\u00e9rature, \u00e0 une faible consommation d&#039;\u00e9nergie et sans risque de blocage, fonctionnement stable et fiable.<\/p>\n<figure id=\"attachment_1590\" aria-describedby=\"caption-attachment-1590\" style=\"width: 1200px\" class=\"wp-caption alignnone\"><img fetchpriority=\"high\" decoding=\"async\" class=\"size-full wp-image-1590\" src=\"https:\/\/www.jinpinlub.net\/wp-content\/uploads\/2025\/06\/T6CC-vane-pump-series-1.jpg\" alt=\"S\u00e9rie de pompes \u00e0 palettes T6CC (1)\" width=\"1200\" height=\"675\" srcset=\"https:\/\/www.jinpinlub.net\/wp-content\/uploads\/2025\/06\/T6CC-vane-pump-series-1.jpg 1200w, https:\/\/www.jinpinlub.net\/wp-content\/uploads\/2025\/06\/T6CC-vane-pump-series-1-400x225.jpg 400w, https:\/\/www.jinpinlub.net\/wp-content\/uploads\/2025\/06\/T6CC-vane-pump-series-1-1024x576.jpg 1024w, https:\/\/www.jinpinlub.net\/wp-content\/uploads\/2025\/06\/T6CC-vane-pump-series-1-768x432.jpg 768w, https:\/\/www.jinpinlub.net\/wp-content\/uploads\/2025\/06\/T6CC-vane-pump-series-1-800x450.jpg 800w\" sizes=\"(max-width: 1200px) 100vw, 1200px\" \/><figcaption id=\"caption-attachment-1590\" class=\"wp-caption-text\">S\u00e9rie de pompes \u00e0 palettes T6CC (1)<\/figcaption><\/figure>\n<figure id=\"attachment_1591\" aria-describedby=\"caption-attachment-1591\" style=\"width: 1200px\" class=\"wp-caption alignnone\"><img decoding=\"async\" class=\"size-full wp-image-1591\" src=\"https:\/\/www.jinpinlub.net\/wp-content\/uploads\/2025\/06\/T6CC-vane-pump-series-2.jpg\" alt=\"Pompe \u00e0 palettes s\u00e9rie T6CC (2)\" width=\"1200\" height=\"1580\" srcset=\"https:\/\/www.jinpinlub.net\/wp-content\/uploads\/2025\/06\/T6CC-vane-pump-series-2.jpg 1200w, https:\/\/www.jinpinlub.net\/wp-content\/uploads\/2025\/06\/T6CC-vane-pump-series-2-304x400.jpg 304w, https:\/\/www.jinpinlub.net\/wp-content\/uploads\/2025\/06\/T6CC-vane-pump-series-2-778x1024.jpg 778w, https:\/\/www.jinpinlub.net\/wp-content\/uploads\/2025\/06\/T6CC-vane-pump-series-2-768x1011.jpg 768w, https:\/\/www.jinpinlub.net\/wp-content\/uploads\/2025\/06\/T6CC-vane-pump-series-2-1167x1536.jpg 1167w, https:\/\/www.jinpinlub.net\/wp-content\/uploads\/2025\/06\/T6CC-vane-pump-series-2-800x1053.jpg 800w\" sizes=\"(max-width: 1200px) 100vw, 1200px\" \/><figcaption id=\"caption-attachment-1591\" class=\"wp-caption-text\">Pompe \u00e0 palettes s\u00e9rie T6CC (2)<\/figcaption><\/figure>\n<h2>Installation<\/h2>\n<p>\u2013 Inspection de nettoyage\u00a0: Nettoyer soigneusement la surface d&#039;installation et les canalisations afin de s&#039;assurer de l&#039;absence d&#039;impuret\u00e9s telles que des taches d&#039;huile et de la limaille de fer. V\u00e9rifier l&#039;int\u00e9grit\u00e9 des diff\u00e9rentes pi\u00e8ces du corps de la pompe et la flexibilit\u00e9 des palettes de la pompe hydraulique.<br \/>\n\u2013 Sens d&#039;installation : D\u00e9terminez la position d&#039;entr\u00e9e et de sortie en fonction des exigences de conception pour garantir que la combinaison d&#039;installation de la pompe \u00e0 double palettes (32 en option) correspond au syst\u00e8me.<br \/>\n\u2013 S\u00e9lection de l&#039;huile\u00a0: Utiliser une huile hydraulique conforme aux sp\u00e9cifications, dont la viscosit\u00e9 et la propret\u00e9 doivent \u00eatre conformes aux normes. Filtrer l&#039;huile conform\u00e9ment aux instructions du manuel afin d&#039;\u00e9viter la contamination et l&#039;usure des palettes de la pompe \u00e0 palettes.<br \/>\n\u2013 Sens et vitesse\u00a0: V\u00e9rifiez que le sens du moteur correspond au logo de la pompe hydraulique et que la vitesse est comprise entre 600 et 2\u00a0800 tr\/min. Pr\u00e9chauffez l&#039;huile \u00e0 basse temp\u00e9rature au d\u00e9marrage pour \u00e9viter tout blocage.<br \/>\n\u2013 D\u00e9marrage initial : Remplissez la pompe \u00e0 palettes d&#039;huile hydraulique avant de d\u00e9marrer, vidangez l&#039;air dans la canalisation, faites fonctionner \u00e0 basse vitesse pendant 5 \u00e0 10 minutes, v\u00e9rifiez s&#039;il y a un bruit anormal, une fuite ou une surchauffe, et augmentez progressivement la pression une fois le syst\u00e8me hydraulique stabilis\u00e9.<\/p>\n<h2>T\u00e9l\u00e9charger<\/h2>\n<div class=\"sdm_download_button_box_default\"><div class=\"sdm_download_link\"><a href=\"https:\/\/www.jinpinlub.net\/fr\/?sdm_process_download=1&download_id=1599\" class=\"sdm_download white\" title=\"Priv\u00e9\u00a0: T6\/T7 double vane pump\" target=\"&quot;_blank&quot;\">Fiche technique - Pompe \u00e0 double palettes T6\/T7<\/a><\/div><\/div>","protected":false},"excerpt":{"rendered":"<p>La pompe industrielle \u00e0 palettes T6CC est une pompe double avec une pression nominale de 275 bars et un rendement volum\u00e9trique et m\u00e9canique de 0,94. Sa conception \u00e0 12 palettes offre un d\u00e9bit stable, une grande r\u00e9sistance \u00e0 la pollution, un faible niveau sonore, une installation et un entretien faciles, et une vitesse de rotation de 600 \u00e0 2\u00a0800 tr\/min.<\/p>","protected":false},"featured_media":1593,"template":"","meta":{"ocean_post_layout":"","ocean_both_sidebars_style":"","ocean_both_sidebars_content_width":0,"ocean_both_sidebars_sidebars_width":0,"ocean_sidebar":"0","ocean_second_sidebar":"0","ocean_disable_margins":"enable","ocean_add_body_class":"","ocean_shortcode_before_top_bar":"","ocean_shortcode_after_top_bar":"","ocean_shortcode_before_header":"","ocean_shortcode_after_header":"","ocean_has_shortcode":"","ocean_shortcode_after_title":"","ocean_shortcode_before_footer_widgets":"","ocean_shortcode_after_footer_widgets":"","ocean_shortcode_before_footer_bottom":"","ocean_shortcode_after_footer_bottom":"","ocean_display_top_bar":"default","ocean_display_header":"default","ocean_header_style":"","ocean_center_header_left_menu":"0","ocean_custom_header_template":"0","ocean_custom_logo":0,"ocean_custom_retina_logo":0,"ocean_custom_logo_max_width":0,"ocean_custom_logo_tablet_max_width":0,"ocean_custom_logo_mobile_max_width":0,"ocean_custom_logo_max_height":0,"ocean_custom_logo_tablet_max_height":0,"ocean_custom_logo_mobile_max_height":0,"ocean_header_custom_menu":"0","ocean_menu_typo_font_family":"0","ocean_menu_typo_font_subset":"","ocean_menu_typo_font_size":0,"ocean_menu_typo_font_size_tablet":0,"ocean_menu_typo_font_size_mobile":0,"ocean_menu_typo_font_size_unit":"px","ocean_menu_typo_font_weight":"","ocean_menu_typo_font_weight_tablet":"","ocean_menu_typo_font_weight_mobile":"","ocean_menu_typo_transform":"","ocean_menu_typo_transform_tablet":"","ocean_menu_typo_transform_mobile":"","ocean_menu_typo_line_height":0,"ocean_menu_typo_line_height_tablet":0,"ocean_menu_typo_line_height_mobile":0,"ocean_menu_typo_line_height_unit":"","ocean_menu_typo_spacing":0,"ocean_menu_typo_spacing_tablet":0,"ocean_menu_typo_spacing_mobile":0,"ocean_menu_typo_spacing_unit":"","ocean_menu_link_color":"","ocean_menu_link_color_hover":"","ocean_menu_link_color_active":"","ocean_menu_link_background":"","ocean_menu_link_hover_background":"","ocean_menu_link_active_background":"","ocean_menu_social_links_bg":"","ocean_menu_social_hover_links_bg":"","ocean_menu_social_links_color":"","ocean_menu_social_hover_links_color":"","ocean_disable_title":"default","ocean_disable_heading":"default","ocean_post_title":"","ocean_post_subheading":"","ocean_post_title_style":"","ocean_post_title_background_color":"","ocean_post_title_background":0,"ocean_post_title_bg_image_position":"","ocean_post_title_bg_image_attachment":"","ocean_post_title_bg_image_repeat":"","ocean_post_title_bg_image_size":"","ocean_post_title_height":0,"ocean_post_title_bg_overlay":0.5,"ocean_post_title_bg_overlay_color":"","ocean_disable_breadcrumbs":"default","ocean_breadcrumbs_color":"","ocean_breadcrumbs_separator_color":"","ocean_breadcrumbs_links_color":"","ocean_breadcrumbs_links_hover_color":"","ocean_display_footer_widgets":"default","ocean_display_footer_bottom":"default","ocean_custom_footer_template":"0","osh_disable_topbar_sticky":"default","osh_disable_header_sticky":"default","osh_sticky_header_style":"default","osh_sticky_header_effect":"","osh_custom_sticky_logo":0,"osh_custom_retina_sticky_logo":0,"osh_custom_sticky_logo_height":0,"osh_background_color":"","osh_links_color":"","osh_links_hover_color":"","osh_links_active_color":"","osh_links_bg_color":"","osh_links_hover_bg_color":"","osh_links_active_bg_color":"","osh_menu_social_links_color":"","osh_menu_social_hover_links_color":""},"product_brand":[],"product_cat":[50,37],"product_tag":[84,85,83,87,86],"class_list":{"0":"post-1589","1":"product","2":"type-product","3":"status-publish","4":"has-post-thumbnail","6":"product_cat-t6-t7-double-vane-pump-t6-t7-series-vane-pump","7":"product_cat-t6-t7-series-vane-pump","8":"product_tag-double-vane-pump","9":"product_tag-high-pressure-vane-pump","10":"product_tag-hydraulic-vane-pump","11":"product_tag-industrial-hydraulic-pump","12":"product_tag-vane-oil-pump","14":"entry","15":"has-media","17":"first","18":"instock","19":"shipping-taxable","20":"product-type-external","21":"col","22":"span_1_of_3","23":"owp-content-center","24":"owp-thumbs-layout-horizontal","25":"owp-btn-very-big","26":"owp-tabs-layout-horizontal","27":"circle-sale"},"_links":{"self":[{"href":"https:\/\/www.jinpinlub.net\/fr\/wp-json\/wp\/v2\/product\/1589","targetHints":{"allow":["GET"]}}],"collection":[{"href":"https:\/\/www.jinpinlub.net\/fr\/wp-json\/wp\/v2\/product"}],"about":[{"href":"https:\/\/www.jinpinlub.net\/fr\/wp-json\/wp\/v2\/types\/product"}],"version-history":[{"count":1,"href":"https:\/\/www.jinpinlub.net\/fr\/wp-json\/wp\/v2\/product\/1589\/revisions"}],"predecessor-version":[{"id":1601,"href":"https:\/\/www.jinpinlub.net\/fr\/wp-json\/wp\/v2\/product\/1589\/revisions\/1601"}],"wp:featuredmedia":[{"embeddable":true,"href":"https:\/\/www.jinpinlub.net\/fr\/wp-json\/wp\/v2\/media\/1593"}],"wp:attachment":[{"href":"https:\/\/www.jinpinlub.net\/fr\/wp-json\/wp\/v2\/media?parent=1589"}],"wp:term":[{"taxonomy":"product_brand","embeddable":true,"href":"https:\/\/www.jinpinlub.net\/fr\/wp-json\/wp\/v2\/product_brand?post=1589"},{"taxonomy":"product_cat","embeddable":true,"href":"https:\/\/www.jinpinlub.net\/fr\/wp-json\/wp\/v2\/product_cat?post=1589"},{"taxonomy":"product_tag","embeddable":true,"href":"https:\/\/www.jinpinlub.net\/fr\/wp-json\/wp\/v2\/product_tag?post=1589"}],"curies":[{"name":"wp","href":"https:\/\/api.w.org\/{rel}","templated":true}]}}