{"id":2002,"date":"2025-07-02T00:12:50","date_gmt":"2025-07-01T16:12:50","guid":{"rendered":"https:\/\/www.jinpinlub.net\/?post_type=product&#038;p=2002"},"modified":"2026-04-22T08:51:16","modified_gmt":"2026-04-22T00:51:16","slug":"tokyo-keiki-single-pump-vane-pump-sqp2-series-industrial-hydraulic-oil-pump","status":"publish","type":"product","link":"https:\/\/www.jinpinlub.net\/es\/product\/tokyo-keiki-single-pump-vane-pump-sqp2-series-industrial-hydraulic-oil-pump\/","title":{"rendered":"Bomba de paletas simple Tokyo Keiki, serie SQP2, bomba de aceite hidr\u00e1ulica industrial"},"content":{"rendered":"<h2>Caracter\u00edstica<\/h2>\n<p>La bomba de paletas simple serie SQP2 de Tokyo Keiki es una bomba volum\u00e9trica dise\u00f1ada para sistemas hidr\u00e1ulicos de presi\u00f3n media y alta. La bomba de paletas SQP2 tiene una estructura modular, un cuerpo de bomba compacto y es f\u00e1cil de instalar y mantener. Las piezas principales est\u00e1n fabricadas con tecnolog\u00eda de procesamiento de alta precisi\u00f3n que puede mantener las holguras internas ajustadas de manera \u00f3ptima para ser volum\u00e9tricamente eficiente con bajas fugas.<br \/>\nRespecto al control de ruido, la bomba hidr\u00e1ulica SQP2 utiliza un \u00e1ngulo diferente entre la cuchilla y el estator para optimizar la pulsaci\u00f3n hidr\u00e1ulica como fuente de ruido.<br \/>\nAdem\u00e1s, la bomba utiliza su estructura de amortiguaci\u00f3n de canal de flujo interno. Adem\u00e1s, el dise\u00f1o de engrosamiento agregado de la carcasa del cuerpo de la bomba tambi\u00e9n se puede utilizar para aislar el sonido y resistir los golpes, adem\u00e1s de prolongar su vida \u00fatil.<br \/>\nLa bomba hidr\u00e1ulica SQP2 es compatible con diversos fluidos hidr\u00e1ulicos, como aceite mineral, \u00e9ster de fosfato y agua-glicol, lo que le confiere una gran adaptabilidad. Su presi\u00f3n m\u00e1xima de trabajo en su configuraci\u00f3n est\u00e1ndar alcanza los 14 MPa y su amplio rango de velocidad nominal, ideal para condiciones de trabajo continuo. La serie SQP2 tambi\u00e9n es \u00fanica en ahorro de energ\u00eda. Sus caracter\u00edsticas cuantitativas de salida simplifican el dise\u00f1o del sistema y reducen las p\u00e9rdidas de energ\u00eda.<\/p>\n<figure id=\"attachment_2008\" aria-describedby=\"caption-attachment-2008\" style=\"width: 1200px\" class=\"wp-caption alignnone\"><img fetchpriority=\"high\" decoding=\"async\" class=\"size-full wp-image-2008\" src=\"https:\/\/www.jinpinlub.net\/wp-content\/uploads\/2025\/07\/SQP2-single-vane-pump-6.jpg\" alt=\"Bomba de paletas simple SQP2 (6)\" width=\"1200\" height=\"1182\" srcset=\"https:\/\/www.jinpinlub.net\/wp-content\/uploads\/2025\/07\/SQP2-single-vane-pump-6.jpg 1200w, https:\/\/www.jinpinlub.net\/wp-content\/uploads\/2025\/07\/SQP2-single-vane-pump-6-400x394.jpg 400w, https:\/\/www.jinpinlub.net\/wp-content\/uploads\/2025\/07\/SQP2-single-vane-pump-6-1024x1009.jpg 1024w, https:\/\/www.jinpinlub.net\/wp-content\/uploads\/2025\/07\/SQP2-single-vane-pump-6-768x756.jpg 768w, https:\/\/www.jinpinlub.net\/wp-content\/uploads\/2025\/07\/SQP2-single-vane-pump-6-12x12.jpg 12w, https:\/\/www.jinpinlub.net\/wp-content\/uploads\/2025\/07\/SQP2-single-vane-pump-6-800x788.jpg 800w, https:\/\/www.jinpinlub.net\/wp-content\/uploads\/2025\/07\/SQP2-single-vane-pump-6-100x100.jpg 100w\" sizes=\"(max-width: 1200px) 100vw, 1200px\" \/><figcaption id=\"caption-attachment-2008\" class=\"wp-caption-text\">Bomba de paletas simple SQP2 (6)<\/figcaption><\/figure>\n<figure id=\"attachment_2007\" aria-describedby=\"caption-attachment-2007\" style=\"width: 1200px\" class=\"wp-caption alignnone\"><img decoding=\"async\" class=\"size-full wp-image-2007\" src=\"https:\/\/www.jinpinlub.net\/wp-content\/uploads\/2025\/07\/SQP2-single-vane-pump-5.jpg\" alt=\"Bomba de paletas simple SQP2 (5)\" width=\"1200\" height=\"1745\" srcset=\"https:\/\/www.jinpinlub.net\/wp-content\/uploads\/2025\/07\/SQP2-single-vane-pump-5.jpg 1200w, https:\/\/www.jinpinlub.net\/wp-content\/uploads\/2025\/07\/SQP2-single-vane-pump-5-275x400.jpg 275w, https:\/\/www.jinpinlub.net\/wp-content\/uploads\/2025\/07\/SQP2-single-vane-pump-5-704x1024.jpg 704w, https:\/\/www.jinpinlub.net\/wp-content\/uploads\/2025\/07\/SQP2-single-vane-pump-5-768x1117.jpg 768w, https:\/\/www.jinpinlub.net\/wp-content\/uploads\/2025\/07\/SQP2-single-vane-pump-5-1056x1536.jpg 1056w, https:\/\/www.jinpinlub.net\/wp-content\/uploads\/2025\/07\/SQP2-single-vane-pump-5-8x12.jpg 8w, https:\/\/www.jinpinlub.net\/wp-content\/uploads\/2025\/07\/SQP2-single-vane-pump-5-800x1163.jpg 800w\" sizes=\"(max-width: 1200px) 100vw, 1200px\" \/><figcaption id=\"caption-attachment-2007\" class=\"wp-caption-text\">Bomba de paletas simple SQP2 (5)<\/figcaption><\/figure>\n<h2>Ventajas<\/h2>\n<p>1. La bomba industrial SQP2 utiliza un dise\u00f1o y una tecnolog\u00eda de cuchillas padre-hijo que mitiga la pulsaci\u00f3n y tiene niveles de pulsaci\u00f3n hidr\u00e1ulica y ruido operativo efectivamente m\u00ednimos.<br \/>\n2. Un rotor y unas palas mecanizadas con precisi\u00f3n se ajustan muy firmemente, lo que reduce las fugas internas y mejora la eficiencia general del sistema hidr\u00e1ulico.<br \/>\n3. La carcasa de la bomba est\u00e1 engrosada para ayudar tambi\u00e9n a resistir impactos y vibraciones, lo que resulta bueno en aplicaciones de alta carga.<br \/>\n4. El n\u00facleo\/embalaje de la bomba se puede montar y desmontar r\u00e1pidamente y es conveniente para el mantenimiento y el reemplazo, lo que reduce el tiempo de demora.<br \/>\n5. Se puede utilizar con el n\u00facleo de la bomba de paletas de la serie V, lo que proporciona m\u00e1s versatilidad para reemplazar piezas de repuesto y reducir la eficiencia de la gesti\u00f3n del inventario.<br \/>\n6. La bomba de paletas SQP2 puede admitir muchos tipos diferentes de medios hidr\u00e1ulicos, incluidos aceite mineral, agua, glicol, \u00e9ster de fosfato y es adecuada para diferentes entornos industriales.<br \/>\n7. Tiene aplicaciones maduras desde m\u00e1quinas de moldeo por inyecci\u00f3n hasta m\u00e1quinas de fundici\u00f3n a presi\u00f3n, m\u00e1quinas herramientas, barcos y otros equipos con un rendimiento estable y confiable.<\/p>\n<h2>Descargar<\/h2>\n<div class=\"sdm_download_button_box_default\"><div class=\"sdm_download_link\"><a href=\"https:\/\/www.jinpinlub.net\/es\/?sdm_process_download=1&download_id=1599\" class=\"sdm_download white\" title=\"Privado: T6\/T7 double vane pump\" target=\"&quot;_blank&quot;\">Ficha t\u00e9cnica - Bomba de paletas dobles T6\/T7<\/a><\/div><\/div>","protected":false},"excerpt":{"rendered":"<p>La bomba Tokyo Keiki SQP2 es una bomba de paletas de desplazamiento fijo y silenciosa, ideal para sistemas hidr\u00e1ulicos de media y alta presi\u00f3n. Su rango de desplazamiento es de 10,2 a 65,0 L\/min (a 1000 rpm, 0,7 MPa), la presi\u00f3n m\u00e1xima de funcionamiento puede alcanzar los 17,5 MPa y la velocidad m\u00e1xima es de 1800 rpm.<\/p>","protected":false},"featured_media":2043,"template":"","meta":{"ocean_post_layout":"","ocean_both_sidebars_style":"","ocean_both_sidebars_content_width":0,"ocean_both_sidebars_sidebars_width":0,"ocean_sidebar":"0","ocean_second_sidebar":"0","ocean_disable_margins":"enable","ocean_add_body_class":"","ocean_shortcode_before_top_bar":"","ocean_shortcode_after_top_bar":"","ocean_shortcode_before_header":"","ocean_shortcode_after_header":"","ocean_has_shortcode":"","ocean_shortcode_after_title":"","ocean_shortcode_before_footer_widgets":"","ocean_shortcode_after_footer_widgets":"","ocean_shortcode_before_footer_bottom":"","ocean_shortcode_after_footer_bottom":"","ocean_display_top_bar":"default","ocean_display_header":"default","ocean_header_style":"","ocean_center_header_left_menu":"0","ocean_custom_header_template":"0","ocean_custom_logo":0,"ocean_custom_retina_logo":0,"ocean_custom_logo_max_width":0,"ocean_custom_logo_tablet_max_width":0,"ocean_custom_logo_mobile_max_width":0,"ocean_custom_logo_max_height":0,"ocean_custom_logo_tablet_max_height":0,"ocean_custom_logo_mobile_max_height":0,"ocean_header_custom_menu":"0","ocean_menu_typo_font_family":"0","ocean_menu_typo_font_subset":"","ocean_menu_typo_font_size":0,"ocean_menu_typo_font_size_tablet":0,"ocean_menu_typo_font_size_mobile":0,"ocean_menu_typo_font_size_unit":"px","ocean_menu_typo_font_weight":"","ocean_menu_typo_font_weight_tablet":"","ocean_menu_typo_font_weight_mobile":"","ocean_menu_typo_transform":"","ocean_menu_typo_transform_tablet":"","ocean_menu_typo_transform_mobile":"","ocean_menu_typo_line_height":0,"ocean_menu_typo_line_height_tablet":0,"ocean_menu_typo_line_height_mobile":0,"ocean_menu_typo_line_height_unit":"","ocean_menu_typo_spacing":0,"ocean_menu_typo_spacing_tablet":0,"ocean_menu_typo_spacing_mobile":0,"ocean_menu_typo_spacing_unit":"","ocean_menu_link_color":"","ocean_menu_link_color_hover":"","ocean_menu_link_color_active":"","ocean_menu_link_background":"","ocean_menu_link_hover_background":"","ocean_menu_link_active_background":"","ocean_menu_social_links_bg":"","ocean_menu_social_hover_links_bg":"","ocean_menu_social_links_color":"","ocean_menu_social_hover_links_color":"","ocean_disable_title":"default","ocean_disable_heading":"default","ocean_post_title":"","ocean_post_subheading":"","ocean_post_title_style":"","ocean_post_title_background_color":"","ocean_post_title_background":0,"ocean_post_title_bg_image_position":"","ocean_post_title_bg_image_attachment":"","ocean_post_title_bg_image_repeat":"","ocean_post_title_bg_image_size":"","ocean_post_title_height":0,"ocean_post_title_bg_overlay":0.5,"ocean_post_title_bg_overlay_color":"","ocean_disable_breadcrumbs":"default","ocean_breadcrumbs_color":"","ocean_breadcrumbs_separator_color":"","ocean_breadcrumbs_links_color":"","ocean_breadcrumbs_links_hover_color":"","ocean_display_footer_widgets":"default","ocean_display_footer_bottom":"default","ocean_custom_footer_template":"0","osh_disable_topbar_sticky":"default","osh_disable_header_sticky":"default","osh_sticky_header_style":"default","osh_sticky_header_effect":"","osh_custom_sticky_logo":0,"osh_custom_retina_sticky_logo":0,"osh_custom_sticky_logo_height":0,"osh_background_color":"","osh_links_color":"","osh_links_hover_color":"","osh_links_active_color":"","osh_links_bg_color":"","osh_links_hover_bg_color":"","osh_links_active_bg_color":"","osh_menu_social_links_color":"","osh_menu_social_hover_links_color":""},"product_brand":[],"product_cat":[40,54],"product_tag":[109,87,108,107,106],"class_list":{"0":"post-2002","1":"product","2":"type-product","3":"status-publish","4":"has-post-thumbnail","6":"product_cat-sqp-series-vane-pump","7":"product_cat-sqp-single-vane-pump","8":"product_tag-high-performance-vane-pump","9":"product_tag-industrial-hydraulic-pump","10":"product_tag-sqp-hydraulic-pump","11":"product_tag-sqp-single-vane-pump","12":"product_tag-tokyo-keiki-sqp2","14":"entry","15":"has-media","17":"first","18":"instock","19":"shipping-taxable","20":"product-type-external","21":"col","22":"span_1_of_3","23":"owp-content-center","24":"owp-thumbs-layout-horizontal","25":"owp-btn-very-big","26":"owp-tabs-layout-horizontal","27":"circle-sale"},"_links":{"self":[{"href":"https:\/\/www.jinpinlub.net\/es\/wp-json\/wp\/v2\/product\/2002","targetHints":{"allow":["GET"]}}],"collection":[{"href":"https:\/\/www.jinpinlub.net\/es\/wp-json\/wp\/v2\/product"}],"about":[{"href":"https:\/\/www.jinpinlub.net\/es\/wp-json\/wp\/v2\/types\/product"}],"version-history":[{"count":1,"href":"https:\/\/www.jinpinlub.net\/es\/wp-json\/wp\/v2\/product\/2002\/revisions"}],"predecessor-version":[{"id":2010,"href":"https:\/\/www.jinpinlub.net\/es\/wp-json\/wp\/v2\/product\/2002\/revisions\/2010"}],"wp:featuredmedia":[{"embeddable":true,"href":"https:\/\/www.jinpinlub.net\/es\/wp-json\/wp\/v2\/media\/2043"}],"wp:attachment":[{"href":"https:\/\/www.jinpinlub.net\/es\/wp-json\/wp\/v2\/media?parent=2002"}],"wp:term":[{"taxonomy":"product_brand","embeddable":true,"href":"https:\/\/www.jinpinlub.net\/es\/wp-json\/wp\/v2\/product_brand?post=2002"},{"taxonomy":"product_cat","embeddable":true,"href":"https:\/\/www.jinpinlub.net\/es\/wp-json\/wp\/v2\/product_cat?post=2002"},{"taxonomy":"product_tag","embeddable":true,"href":"https:\/\/www.jinpinlub.net\/es\/wp-json\/wp\/v2\/product_tag?post=2002"}],"curies":[{"name":"wp","href":"https:\/\/api.w.org\/{rel}","templated":true}]}}