{"id":1994,"date":"2025-07-01T22:08:26","date_gmt":"2025-07-01T14:08:26","guid":{"rendered":"https:\/\/www.jinpinlub.net\/?post_type=product&#038;p=1994"},"modified":"2025-07-01T22:29:37","modified_gmt":"2025-07-01T14:29:37","slug":"bomba-de-paletas-hidraulica-de-275-bar-t6c-bomba-de-aceite-simple-para-maquina-de-fundicion-a-presion","status":"publish","type":"product","link":"https:\/\/www.jinpinlub.net\/es\/product\/275-bar-hydraulic-vane-pump-t6c-single-oil-pump-for-die-casting-machine\/","title":{"rendered":"Bomba de paletas hidr\u00e1ulica de 275 bar T6C, bomba de aceite simple para m\u00e1quina de fundici\u00f3n a presi\u00f3n"},"content":{"rendered":"<h2>Caracter\u00edstica<\/h2>\n<p>La bomba de paletas simple serie T6C es una bomba hidr\u00e1ulica de alto rendimiento de Denison. Su dise\u00f1o modular permite su uso en aplicaciones hidr\u00e1ulicas industriales de alta presi\u00f3n, bajo nivel de ruido y alta eficiencia. Su estructura compacta y su flexibilidad de instalaci\u00f3n la hacen ideal para metalurgia, moldeo por inyecci\u00f3n, maquinaria de ingenier\u00eda, m\u00e1quinas herramienta y otras aplicaciones.<br \/>\nCaracter\u00edsticas de rendimiento:<br \/>\nLa bomba de paletas tiene una alta presi\u00f3n de trabajo: la presi\u00f3n nominal es de hasta 275 bar (m\u00e1ximo 310 bar) y es adecuada para condiciones de alta carga.<br \/>\nLa bomba hidr\u00e1ulica industrial tiene una alta eficiencia volum\u00e9trica: la eficiencia volum\u00e9trica t\u00edpica es 0,94 y permanece estable bajo alta presi\u00f3n, lo que reduce el consumo de energ\u00eda y la generaci\u00f3n de calor.<br \/>\nAmplia gama de velocidad: el tipo est\u00e1ndar puede alcanzar entre 600 y 2800 rpm; el tipo de veh\u00edculo puede ser tan bajo como 400 rpm para cumplir con cualquier configuraci\u00f3n de equipo.<br \/>\nLa bomba de paletas T6C tiene caracter\u00edsticas de bajo ruido: una peque\u00f1a pulsaci\u00f3n de presi\u00f3n (aproximadamente \u00b12 bar), puede reducir significativamente el ruido del sistema hidr\u00e1ulico y proporcionar una mejor estabilidad del sistema hidr\u00e1ulico.<br \/>\nBuena capacidad anticontaminaci\u00f3n: con las paletas con estructura de labios dobles, las paletas pueden soportar mejor la contaminaci\u00f3n del aceite antes de causar resultados da\u00f1inos a la bomba y extender la vida \u00fatil del cuerpo de la bomba.<\/p>\n<figure id=\"attachment_1995\" aria-describedby=\"caption-attachment-1995\" style=\"width: 1200px\" class=\"wp-caption alignnone\"><img fetchpriority=\"high\" decoding=\"async\" class=\"size-full wp-image-1995\" src=\"https:\/\/www.jinpinlub.net\/wp-content\/uploads\/2025\/07\/T6c-single-vane-pump6.jpg\" alt=\"Bomba de paletas simple T6c\" width=\"1200\" height=\"1479\" srcset=\"https:\/\/www.jinpinlub.net\/wp-content\/uploads\/2025\/07\/T6c-single-vane-pump6.jpg 1200w, https:\/\/www.jinpinlub.net\/wp-content\/uploads\/2025\/07\/T6c-single-vane-pump6-325x400.jpg 325w, https:\/\/www.jinpinlub.net\/wp-content\/uploads\/2025\/07\/T6c-single-vane-pump6-831x1024.jpg 831w, https:\/\/www.jinpinlub.net\/wp-content\/uploads\/2025\/07\/T6c-single-vane-pump6-768x947.jpg 768w, https:\/\/www.jinpinlub.net\/wp-content\/uploads\/2025\/07\/T6c-single-vane-pump6-10x12.jpg 10w, https:\/\/www.jinpinlub.net\/wp-content\/uploads\/2025\/07\/T6c-single-vane-pump6-800x986.jpg 800w\" sizes=\"(max-width: 1200px) 100vw, 1200px\" \/><figcaption id=\"caption-attachment-1995\" class=\"wp-caption-text\">Bomba de paletas simple T6c<\/figcaption><\/figure>\n<figure id=\"attachment_1996\" aria-describedby=\"caption-attachment-1996\" style=\"width: 1200px\" class=\"wp-caption alignnone\"><img decoding=\"async\" class=\"size-full wp-image-1996\" src=\"https:\/\/www.jinpinlub.net\/wp-content\/uploads\/2025\/07\/T6c-single-vane-pump5.jpg\" alt=\"Bomba de paletas simple T6c\" width=\"1200\" height=\"1120\" srcset=\"https:\/\/www.jinpinlub.net\/wp-content\/uploads\/2025\/07\/T6c-single-vane-pump5.jpg 1200w, https:\/\/www.jinpinlub.net\/wp-content\/uploads\/2025\/07\/T6c-single-vane-pump5-400x373.jpg 400w, https:\/\/www.jinpinlub.net\/wp-content\/uploads\/2025\/07\/T6c-single-vane-pump5-1024x956.jpg 1024w, https:\/\/www.jinpinlub.net\/wp-content\/uploads\/2025\/07\/T6c-single-vane-pump5-768x717.jpg 768w, https:\/\/www.jinpinlub.net\/wp-content\/uploads\/2025\/07\/T6c-single-vane-pump5-13x12.jpg 13w, https:\/\/www.jinpinlub.net\/wp-content\/uploads\/2025\/07\/T6c-single-vane-pump5-800x747.jpg 800w\" sizes=\"(max-width: 1200px) 100vw, 1200px\" \/><figcaption id=\"caption-attachment-1996\" class=\"wp-caption-text\">Bomba de paletas simple T6c<\/figcaption><\/figure>\n<h2>Notas<\/h2>\n<p>1. Antes de poner en marcha la bomba simple T6C, se debe colocar un poco de aceite hidr\u00e1ulico limpio en el cuerpo de la bomba y llenarlo.<br \/>\n2. Verifique que la direcci\u00f3n de rotaci\u00f3n de la bomba de paletas simple coincida con la flecha de direcci\u00f3n de rotaci\u00f3n indicada por el motor.<br \/>\n3. Al arrancar la bomba hidr\u00e1ulica por primera vez o despu\u00e9s de un tiempo prolongado, a veces puede resultar dif\u00edcil absorber aceite. Por lo tanto, se debe instalar una v\u00e1lvula de escape en la salida de la bomba o aflojar la junta de la tuber\u00eda de salida de aceite para purgar el aire. Procure arrancar sin carga.<br \/>\n4. El aire mezclado en la bomba y la tuber\u00eda generar\u00eda ruido y vibraciones. Por lo tanto, se deben realizar arranques y paradas de la bomba en vac\u00edo repetidamente para purgar el aire.<br \/>\n5. Para bombas de aceite con accionamiento por servomotor, primero se debe seleccionar baja velocidad para el motor (el modo de presi\u00f3n se cambia al modo de velocidad) desde el servocontrolador, y el motor se debe hacer funcionar a baja velocidad durante aproximadamente 3 a 5 minutos para expulsar el aire y luego se puede volver a la velocidad normal despu\u00e9s de que la bomba de aceite haya sonado normalmente.<\/p>\n<h2>Descargar<\/h2>\n<div class=\"sdm_download_button_box_default\"><div class=\"sdm_download_link\"><a href=\"https:\/\/www.jinpinlub.net\/es\/?sdm_process_download=1&download_id=1599\" class=\"sdm_download white\" title=\"Privado: T6\/T7 double vane pump\" target=\"&quot;_blank&quot;\">Ficha t\u00e9cnica - Bomba de paletas dobles T6\/T7<\/a><\/div><\/div>","protected":false},"excerpt":{"rendered":"<p>La bomba de paleta simple serie T6C fabricada por Denison es una bomba hidr\u00e1ulica de alta gama que introduce el nuevo concepto &quot;modular&quot;. En los sistemas hidr\u00e1ulicos industriales, la T6C puede proporcionar una alternativa de alta presi\u00f3n, bajo nivel de ruido y alta eficiencia. Su tama\u00f1o compacto, dise\u00f1o modular y opciones de montaje flexibles la convierten en una excelente opci\u00f3n para diversas aplicaciones.<\/p>","protected":false},"featured_media":2000,"template":"","meta":{"ocean_post_layout":"","ocean_both_sidebars_style":"","ocean_both_sidebars_content_width":0,"ocean_both_sidebars_sidebars_width":0,"ocean_sidebar":"0","ocean_second_sidebar":"0","ocean_disable_margins":"enable","ocean_add_body_class":"","ocean_shortcode_before_top_bar":"","ocean_shortcode_after_top_bar":"","ocean_shortcode_before_header":"","ocean_shortcode_after_header":"","ocean_has_shortcode":"","ocean_shortcode_after_title":"","ocean_shortcode_before_footer_widgets":"","ocean_shortcode_after_footer_widgets":"","ocean_shortcode_before_footer_bottom":"","ocean_shortcode_after_footer_bottom":"","ocean_display_top_bar":"default","ocean_display_header":"default","ocean_header_style":"","ocean_center_header_left_menu":"0","ocean_custom_header_template":"0","ocean_custom_logo":0,"ocean_custom_retina_logo":0,"ocean_custom_logo_max_width":0,"ocean_custom_logo_tablet_max_width":0,"ocean_custom_logo_mobile_max_width":0,"ocean_custom_logo_max_height":0,"ocean_custom_logo_tablet_max_height":0,"ocean_custom_logo_mobile_max_height":0,"ocean_header_custom_menu":"0","ocean_menu_typo_font_family":"0","ocean_menu_typo_font_subset":"","ocean_menu_typo_font_size":0,"ocean_menu_typo_font_size_tablet":0,"ocean_menu_typo_font_size_mobile":0,"ocean_menu_typo_font_size_unit":"px","ocean_menu_typo_font_weight":"","ocean_menu_typo_font_weight_tablet":"","ocean_menu_typo_font_weight_mobile":"","ocean_menu_typo_transform":"","ocean_menu_typo_transform_tablet":"","ocean_menu_typo_transform_mobile":"","ocean_menu_typo_line_height":0,"ocean_menu_typo_line_height_tablet":0,"ocean_menu_typo_line_height_mobile":0,"ocean_menu_typo_line_height_unit":"","ocean_menu_typo_spacing":0,"ocean_menu_typo_spacing_tablet":0,"ocean_menu_typo_spacing_mobile":0,"ocean_menu_typo_spacing_unit":"","ocean_menu_link_color":"","ocean_menu_link_color_hover":"","ocean_menu_link_color_active":"","ocean_menu_link_background":"","ocean_menu_link_hover_background":"","ocean_menu_link_active_background":"","ocean_menu_social_links_bg":"","ocean_menu_social_hover_links_bg":"","ocean_menu_social_links_color":"","ocean_menu_social_hover_links_color":"","ocean_disable_title":"default","ocean_disable_heading":"default","ocean_post_title":"","ocean_post_subheading":"","ocean_post_title_style":"","ocean_post_title_background_color":"","ocean_post_title_background":0,"ocean_post_title_bg_image_position":"","ocean_post_title_bg_image_attachment":"","ocean_post_title_bg_image_repeat":"","ocean_post_title_bg_image_size":"","ocean_post_title_height":0,"ocean_post_title_bg_overlay":0.5,"ocean_post_title_bg_overlay_color":"","ocean_disable_breadcrumbs":"default","ocean_breadcrumbs_color":"","ocean_breadcrumbs_separator_color":"","ocean_breadcrumbs_links_color":"","ocean_breadcrumbs_links_hover_color":"","ocean_display_footer_widgets":"default","ocean_display_footer_bottom":"default","ocean_custom_footer_template":"0","osh_disable_topbar_sticky":"default","osh_disable_header_sticky":"default","osh_sticky_header_style":"default","osh_sticky_header_effect":"","osh_custom_sticky_logo":0,"osh_custom_retina_sticky_logo":0,"osh_custom_sticky_logo_height":0,"osh_background_color":"","osh_links_color":"","osh_links_hover_color":"","osh_links_active_color":"","osh_links_bg_color":"","osh_links_hover_bg_color":"","osh_links_active_bg_color":"","osh_menu_social_links_color":"","osh_menu_social_hover_links_color":""},"product_brand":[],"product_cat":[37,47],"product_tag":[104,102,105,103,101],"class_list":{"0":"post-1994","1":"product","2":"type-product","3":"status-publish","4":"has-post-thumbnail","6":"product_cat-t6-t7-series-vane-pump","7":"product_cat-t6-t7-single-vane-pump","8":"product_tag-high-efficiency-hydraulic-pump","9":"product_tag-industrial-hydraulic-vane-pump","10":"product_tag-quantitative-vane-pump","11":"product_tag-single-vane-pump","12":"product_tag-t6c-vane-pump","14":"entry","15":"has-media","17":"first","18":"instock","19":"shipping-taxable","20":"product-type-external","21":"col","22":"span_1_of_3","23":"owp-content-center","24":"owp-thumbs-layout-horizontal","25":"owp-btn-very-big","26":"owp-tabs-layout-horizontal","27":"circle-sale"},"_links":{"self":[{"href":"https:\/\/www.jinpinlub.net\/es\/wp-json\/wp\/v2\/product\/1994","targetHints":{"allow":["GET"]}}],"collection":[{"href":"https:\/\/www.jinpinlub.net\/es\/wp-json\/wp\/v2\/product"}],"about":[{"href":"https:\/\/www.jinpinlub.net\/es\/wp-json\/wp\/v2\/types\/product"}],"version-history":[{"count":0,"href":"https:\/\/www.jinpinlub.net\/es\/wp-json\/wp\/v2\/product\/1994\/revisions"}],"wp:featuredmedia":[{"embeddable":true,"href":"https:\/\/www.jinpinlub.net\/es\/wp-json\/wp\/v2\/media\/2000"}],"wp:attachment":[{"href":"https:\/\/www.jinpinlub.net\/es\/wp-json\/wp\/v2\/media?parent=1994"}],"wp:term":[{"taxonomy":"product_brand","embeddable":true,"href":"https:\/\/www.jinpinlub.net\/es\/wp-json\/wp\/v2\/product_brand?post=1994"},{"taxonomy":"product_cat","embeddable":true,"href":"https:\/\/www.jinpinlub.net\/es\/wp-json\/wp\/v2\/product_cat?post=1994"},{"taxonomy":"product_tag","embeddable":true,"href":"https:\/\/www.jinpinlub.net\/es\/wp-json\/wp\/v2\/product_tag?post=1994"}],"curies":[{"name":"wp","href":"https:\/\/api.w.org\/{rel}","templated":true}]}}