{"id":1613,"date":"2025-06-16T00:13:00","date_gmt":"2025-06-16T00:13:00","guid":{"rendered":"https:\/\/www.jinpinlub.net\/?post_type=product&#038;p=1613"},"modified":"2025-06-20T06:10:07","modified_gmt":"2025-06-20T06:10:07","slug":"bomba-hidraulica-de-doble-paleta-parker-serie-t67dc-300-bar-oem-odm-venta-al-por-mayor","status":"publish","type":"product","link":"https:\/\/www.jinpinlub.net\/es\/product\/wholesale-300bar-t67dc-series-parker-hydraulic-double-vane-pump-oem-odm\/","title":{"rendered":"Bomba hidr\u00e1ulica de doble paleta Parker, serie T67DC, 280 bar, OEM ODM, venta al por mayor"},"content":{"rendered":"<h2>Caracter\u00edstica<\/h2>\n<p>1. Dise\u00f1o de alta presi\u00f3n y alta eficiencia.<br \/>\nLa bomba de paletas adopta un dise\u00f1o de doble paleta, con un caudal de 42 cc\/rev en el cartucho de la bomba principal (B42) y 31 cc\/rev en el cartucho de la bomba secundaria (B31). Su presi\u00f3n m\u00e1xima de trabajo es de 280 bar, por lo que es ideal para equipos de alta presi\u00f3n, como m\u00e1quinas herramienta industriales y equipos pesados. Tanto su eficiencia volum\u00e9trica como su eficiencia mec\u00e1nica son superiores a 94%, lo que reduce la p\u00e9rdida de energ\u00eda y el calentamiento del sistema. Su velocidad puede alcanzar las 600 RPM, ideal para aplicaciones de bajo consumo o de baja velocidad y alto par.<br \/>\n2. Bajo nivel de ruido y capacidad anticontaminaci\u00f3n.<br \/>\nLa bomba hidr\u00e1ulica controla la pulsaci\u00f3n de presi\u00f3n con una precisi\u00f3n de \u00b12 bar, lo que reduce significativamente la vibraci\u00f3n y el ruido de la tuber\u00eda. La tecnolog\u00eda de doble paleta adoptada mejora la resistencia a la contaminaci\u00f3n por part\u00edculas, se adapta a entornos de trabajo rigurosos y reduce el desgaste y las fallas causadas por impurezas.<br \/>\n3. Amplio rango de velocidad y respuesta r\u00e1pida.<br \/>\nEl T67DC, con una velocidad de 600 a 3600 RPM, ofrece flexibilidad para adaptarse a las caracter\u00edsticas de salida de diferentes fuentes de energ\u00eda, como motores. Su r\u00e1pida respuesta a ciclos de presi\u00f3n, como cambios entre circuitos de alta y baja presi\u00f3n, permite alcanzar un error de repetibilidad de flujo inferior a 1,01 TP3T. Esto indica un alto nivel de precisi\u00f3n de control en casos donde se utilizan m\u00e1quinas herramienta o producci\u00f3n automatizada.<\/p>\n<figure id=\"attachment_1614\" aria-describedby=\"caption-attachment-1614\" style=\"width: 1000px\" class=\"wp-caption alignnone\"><img fetchpriority=\"high\" decoding=\"async\" class=\"size-full wp-image-1614\" src=\"https:\/\/www.jinpinlub.net\/wp-content\/uploads\/2025\/06\/T67DC-B42-031-vane-pumps-5.jpg\" alt=\"Bombas de paletas T67DC-B42-031 (5)\" width=\"1000\" height=\"563\" srcset=\"https:\/\/www.jinpinlub.net\/wp-content\/uploads\/2025\/06\/T67DC-B42-031-vane-pumps-5.jpg 1000w, https:\/\/www.jinpinlub.net\/wp-content\/uploads\/2025\/06\/T67DC-B42-031-vane-pumps-5-400x225.jpg 400w, https:\/\/www.jinpinlub.net\/wp-content\/uploads\/2025\/06\/T67DC-B42-031-vane-pumps-5-768x432.jpg 768w, https:\/\/www.jinpinlub.net\/wp-content\/uploads\/2025\/06\/T67DC-B42-031-vane-pumps-5-800x450.jpg 800w\" sizes=\"(max-width: 1000px) 100vw, 1000px\" \/><figcaption id=\"caption-attachment-1614\" class=\"wp-caption-text\">Bombas de paletas T67DC-B42-031 (5)<\/figcaption><\/figure>\n<figure id=\"attachment_1615\" aria-describedby=\"caption-attachment-1615\" style=\"width: 1000px\" class=\"wp-caption alignnone\"><img decoding=\"async\" class=\"size-full wp-image-1615\" src=\"https:\/\/www.jinpinlub.net\/wp-content\/uploads\/2025\/06\/T67DC-B42-031-vane-pumps-6.jpg\" alt=\"Bombas de paletas T67DC-B42-031 (6)\" width=\"1000\" height=\"1300\" srcset=\"https:\/\/www.jinpinlub.net\/wp-content\/uploads\/2025\/06\/T67DC-B42-031-vane-pumps-6.jpg 1000w, https:\/\/www.jinpinlub.net\/wp-content\/uploads\/2025\/06\/T67DC-B42-031-vane-pumps-6-308x400.jpg 308w, https:\/\/www.jinpinlub.net\/wp-content\/uploads\/2025\/06\/T67DC-B42-031-vane-pumps-6-788x1024.jpg 788w, https:\/\/www.jinpinlub.net\/wp-content\/uploads\/2025\/06\/T67DC-B42-031-vane-pumps-6-768x998.jpg 768w, https:\/\/www.jinpinlub.net\/wp-content\/uploads\/2025\/06\/T67DC-B42-031-vane-pumps-6-800x1040.jpg 800w\" sizes=\"(max-width: 1000px) 100vw, 1000px\" \/><figcaption id=\"caption-attachment-1615\" class=\"wp-caption-text\">Bombas de paletas T67DC-B42-031 (6)<\/figcaption><\/figure>\n<h2>Mantenimiento<\/h2>\n<p>\u2013 Alta capacidad anticontaminaci\u00f3n: La bomba de paletas T67DC tiene un dise\u00f1o de paleta de doble labio, que se puede utilizar para mejorar el sellado entre la paleta y el estator y mejorar la resistencia a la contaminaci\u00f3n por part\u00edculas.<br \/>\nF\u00e1cil de mantener: Gracias a su dise\u00f1o modular, la bomba hidr\u00e1ulica T67DC solo requiere retirar el n\u00facleo de la carcasa para su inspecci\u00f3n, reparaci\u00f3n o sustituci\u00f3n. Adem\u00e1s, la conexi\u00f3n entre los distintos componentes de la bomba T67DC es sencilla, lo que facilita su desmontaje e instalaci\u00f3n.<br \/>\nRequisitos de limpieza del aceite: El nivel de limpieza del aceite debe cumplir con la norma ISO 4406 18\/16\/13, es decir, se permiten part\u00edculas s\u00f3lidas de \u22655 \u03bcm y un contenido de \u22641280\/mL. Es adecuado para sistemas de filtraci\u00f3n NAS de 8 niveles. Es necesario revisar y reemplazar regularmente el filtro de aceite hidr\u00e1ulico para reducir el desgaste por impurezas en los componentes internos de la bomba.<br \/>\n-Elementos de mantenimiento regular: incluye inspecci\u00f3n y mantenimiento regulares para verificar si los pernos de montaje de la bomba de paletas est\u00e1n flojos, si el nivel y la calidad del aceite son normales, si el filtro est\u00e1 bloqueado y si el sonido y la temperatura de funcionamiento de la bomba son anormales.<\/p>\n<h2>Descargar<\/h2>\n<div class=\"sdm_download_button_box_default\"><div class=\"sdm_download_link\"><a href=\"https:\/\/www.jinpinlub.net\/es\/?sdm_process_download=1&download_id=1599\" class=\"sdm_download white\" title=\"Privado: T6\/T7 double vane pump\" target=\"&quot;_blank&quot;\">Ficha t\u00e9cnica - Bomba de paletas dobles T6\/T7<\/a><\/div><\/div>","protected":false},"excerpt":{"rendered":"<p>La bomba de paletas industrial T67DC-B42-031 tiene una presi\u00f3n m\u00e1xima de 280 bar, una eficiencia de 94%, una pulsaci\u00f3n de \u00b12 bar y una estructura de bomba modular de doble paleta que la convierten en la opci\u00f3n ideal para aplicaciones de alta presi\u00f3n, ahorro de energ\u00eda, alta precisi\u00f3n y bajo nivel de ruido, adem\u00e1s de un f\u00e1cil mantenimiento.<\/p>","protected":false},"featured_media":1616,"template":"","meta":{"ocean_post_layout":"","ocean_both_sidebars_style":"","ocean_both_sidebars_content_width":0,"ocean_both_sidebars_sidebars_width":0,"ocean_sidebar":"0","ocean_second_sidebar":"0","ocean_disable_margins":"enable","ocean_add_body_class":"","ocean_shortcode_before_top_bar":"","ocean_shortcode_after_top_bar":"","ocean_shortcode_before_header":"","ocean_shortcode_after_header":"","ocean_has_shortcode":"","ocean_shortcode_after_title":"","ocean_shortcode_before_footer_widgets":"","ocean_shortcode_after_footer_widgets":"","ocean_shortcode_before_footer_bottom":"","ocean_shortcode_after_footer_bottom":"","ocean_display_top_bar":"default","ocean_display_header":"default","ocean_header_style":"","ocean_center_header_left_menu":"0","ocean_custom_header_template":"0","ocean_custom_logo":0,"ocean_custom_retina_logo":0,"ocean_custom_logo_max_width":0,"ocean_custom_logo_tablet_max_width":0,"ocean_custom_logo_mobile_max_width":0,"ocean_custom_logo_max_height":0,"ocean_custom_logo_tablet_max_height":0,"ocean_custom_logo_mobile_max_height":0,"ocean_header_custom_menu":"0","ocean_menu_typo_font_family":"0","ocean_menu_typo_font_subset":"","ocean_menu_typo_font_size":0,"ocean_menu_typo_font_size_tablet":0,"ocean_menu_typo_font_size_mobile":0,"ocean_menu_typo_font_size_unit":"px","ocean_menu_typo_font_weight":"","ocean_menu_typo_font_weight_tablet":"","ocean_menu_typo_font_weight_mobile":"","ocean_menu_typo_transform":"","ocean_menu_typo_transform_tablet":"","ocean_menu_typo_transform_mobile":"","ocean_menu_typo_line_height":0,"ocean_menu_typo_line_height_tablet":0,"ocean_menu_typo_line_height_mobile":0,"ocean_menu_typo_line_height_unit":"","ocean_menu_typo_spacing":0,"ocean_menu_typo_spacing_tablet":0,"ocean_menu_typo_spacing_mobile":0,"ocean_menu_typo_spacing_unit":"","ocean_menu_link_color":"","ocean_menu_link_color_hover":"","ocean_menu_link_color_active":"","ocean_menu_link_background":"","ocean_menu_link_hover_background":"","ocean_menu_link_active_background":"","ocean_menu_social_links_bg":"","ocean_menu_social_hover_links_bg":"","ocean_menu_social_links_color":"","ocean_menu_social_hover_links_color":"","ocean_disable_title":"default","ocean_disable_heading":"default","ocean_post_title":"","ocean_post_subheading":"","ocean_post_title_style":"","ocean_post_title_background_color":"","ocean_post_title_background":0,"ocean_post_title_bg_image_position":"","ocean_post_title_bg_image_attachment":"","ocean_post_title_bg_image_repeat":"","ocean_post_title_bg_image_size":"","ocean_post_title_height":0,"ocean_post_title_bg_overlay":0.5,"ocean_post_title_bg_overlay_color":"","ocean_disable_breadcrumbs":"default","ocean_breadcrumbs_color":"","ocean_breadcrumbs_separator_color":"","ocean_breadcrumbs_links_color":"","ocean_breadcrumbs_links_hover_color":"","ocean_display_footer_widgets":"default","ocean_display_footer_bottom":"default","ocean_custom_footer_template":"0","osh_disable_topbar_sticky":"default","osh_disable_header_sticky":"default","osh_sticky_header_style":"default","osh_sticky_header_effect":"","osh_custom_sticky_logo":0,"osh_custom_retina_sticky_logo":0,"osh_custom_sticky_logo_height":0,"osh_background_color":"","osh_links_color":"","osh_links_hover_color":"","osh_links_active_color":"","osh_links_bg_color":"","osh_links_hover_bg_color":"","osh_links_active_bg_color":"","osh_menu_social_links_color":"","osh_menu_social_hover_links_color":""},"product_brand":[],"product_cat":[50,37],"product_tag":[96,97,87,98,99],"class_list":{"0":"post-1613","1":"product","2":"type-product","3":"status-publish","4":"has-post-thumbnail","6":"product_cat-t6-t7-double-vane-pump-t6-t7-series-vane-pump","7":"product_cat-t6-t7-series-vane-pump","8":"product_tag-double-vane-pump-factory","9":"product_tag-hydraulic-vane-pump-wholesale","10":"product_tag-industrial-hydraulic-pump","11":"product_tag-t67dc-vane-pump","12":"product_tag-t6dc-vane-pump","14":"entry","15":"has-media","17":"first","18":"instock","19":"shipping-taxable","20":"product-type-external","21":"col","22":"span_1_of_3","23":"owp-content-center","24":"owp-thumbs-layout-horizontal","25":"owp-btn-very-big","26":"owp-tabs-layout-horizontal","27":"circle-sale"},"_links":{"self":[{"href":"https:\/\/www.jinpinlub.net\/es\/wp-json\/wp\/v2\/product\/1613","targetHints":{"allow":["GET"]}}],"collection":[{"href":"https:\/\/www.jinpinlub.net\/es\/wp-json\/wp\/v2\/product"}],"about":[{"href":"https:\/\/www.jinpinlub.net\/es\/wp-json\/wp\/v2\/types\/product"}],"version-history":[{"count":0,"href":"https:\/\/www.jinpinlub.net\/es\/wp-json\/wp\/v2\/product\/1613\/revisions"}],"wp:featuredmedia":[{"embeddable":true,"href":"https:\/\/www.jinpinlub.net\/es\/wp-json\/wp\/v2\/media\/1616"}],"wp:attachment":[{"href":"https:\/\/www.jinpinlub.net\/es\/wp-json\/wp\/v2\/media?parent=1613"}],"wp:term":[{"taxonomy":"product_brand","embeddable":true,"href":"https:\/\/www.jinpinlub.net\/es\/wp-json\/wp\/v2\/product_brand?post=1613"},{"taxonomy":"product_cat","embeddable":true,"href":"https:\/\/www.jinpinlub.net\/es\/wp-json\/wp\/v2\/product_cat?post=1613"},{"taxonomy":"product_tag","embeddable":true,"href":"https:\/\/www.jinpinlub.net\/es\/wp-json\/wp\/v2\/product_tag?post=1613"}],"curies":[{"name":"wp","href":"https:\/\/api.w.org\/{rel}","templated":true}]}}