{"id":1994,"date":"2025-07-01T22:08:26","date_gmt":"2025-07-01T14:08:26","guid":{"rendered":"https:\/\/www.jinpinlub.net\/?post_type=product&#038;p=1994"},"modified":"2025-07-01T22:29:37","modified_gmt":"2025-07-01T14:29:37","slug":"275-bar-hydraulic-vane-pump-t6c-single-oil-pump-for-die-casting-machine","status":"publish","type":"product","link":"https:\/\/www.jinpinlub.net\/de\/product\/275-bar-hydraulic-vane-pump-t6c-single-oil-pump-for-die-casting-machine\/","title":{"rendered":"275 bar Hydraulische Fl\u00fcgelzellenpumpe T6C Einzel\u00f6lpumpe f\u00fcr Druckgussmaschine"},"content":{"rendered":"<h2>Besonderheit<\/h2>\n<p>Die Einfl\u00fcgelpumpen der T6C-Serie sind Hochleistungs-Hydraulikpumpen von Denison. Sie sind modular aufgebaut und eignen sich f\u00fcr Hochdruck-, ger\u00e4uscharme und hocheffiziente industrielle Hydraulikanwendungen. Dank ihrer kompakten Bauweise und flexiblen Installation eignet sie sich ideal f\u00fcr Anwendungen in der Metallurgie, im Spritzguss, im Maschinenbau, im Werkzeugmaschinenbau und anderen Bereichen.<br \/>\nLeistungsmerkmale:<br \/>\nDie Fl\u00fcgelzellenpumpe verf\u00fcgt \u00fcber einen hohen Arbeitsdruck: Der Nenndruck betr\u00e4gt bis zu 275 bar (max. 310 bar) und ist f\u00fcr Hochlastbedingungen geeignet.<br \/>\nEine industrielle Hydraulikpumpe weist einen hohen volumetrischen Wirkungsgrad auf: Der typische volumetrische Wirkungsgrad liegt bei 0,94. Durch die Stabilit\u00e4t unter hohem Druck wird der Stromverbrauch gesenkt und die W\u00e4rmeentwicklung verringert.<br \/>\nGro\u00dfer Drehzahlbereich: Der Standardtyp kann 600\u20132800 U\/min erreichen; der Fahrzeugtyp kann bis auf 400 U\/min heruntergehen, um allen Ger\u00e4tekonfigurationen gerecht zu werden.<br \/>\nDie Fl\u00fcgelzellenpumpe T6C ist ger\u00e4uscharm: Geringe Druckpulsationen (ca. \u00b12 Bar) k\u00f6nnen die Ger\u00e4uschentwicklung des Hydrauliksystems deutlich reduzieren und f\u00fcr eine bessere Stabilit\u00e4t des Hydrauliksystems sorgen.<br \/>\nGute Anti-Verschmutzungsf\u00e4higkeit: Mit den Schaufelbl\u00e4ttern mit Doppellippenstruktur k\u00f6nnen die Fl\u00fcgel \u00d6lverschmutzungen besser standhalten, bevor sie sch\u00e4dliche Auswirkungen auf die Pumpe haben, und die Lebensdauer des Pumpenk\u00f6rpers verl\u00e4ngern.<\/p>\n<figure id=\"attachment_1995\" aria-describedby=\"caption-attachment-1995\" style=\"width: 1200px\" class=\"wp-caption alignnone\"><img fetchpriority=\"high\" decoding=\"async\" class=\"size-full wp-image-1995\" src=\"https:\/\/www.jinpinlub.net\/wp-content\/uploads\/2025\/07\/T6c-single-vane-pump6.jpg\" alt=\"T6c Einzelfl\u00fcgelzellenpumpe\" width=\"1200\" height=\"1479\" srcset=\"https:\/\/www.jinpinlub.net\/wp-content\/uploads\/2025\/07\/T6c-single-vane-pump6.jpg 1200w, https:\/\/www.jinpinlub.net\/wp-content\/uploads\/2025\/07\/T6c-single-vane-pump6-325x400.jpg 325w, https:\/\/www.jinpinlub.net\/wp-content\/uploads\/2025\/07\/T6c-single-vane-pump6-831x1024.jpg 831w, https:\/\/www.jinpinlub.net\/wp-content\/uploads\/2025\/07\/T6c-single-vane-pump6-768x947.jpg 768w, https:\/\/www.jinpinlub.net\/wp-content\/uploads\/2025\/07\/T6c-single-vane-pump6-10x12.jpg 10w, https:\/\/www.jinpinlub.net\/wp-content\/uploads\/2025\/07\/T6c-single-vane-pump6-800x986.jpg 800w\" sizes=\"(max-width: 1200px) 100vw, 1200px\" \/><figcaption id=\"caption-attachment-1995\" class=\"wp-caption-text\">T6c Einzelfl\u00fcgelzellenpumpe<\/figcaption><\/figure>\n<figure id=\"attachment_1996\" aria-describedby=\"caption-attachment-1996\" style=\"width: 1200px\" class=\"wp-caption alignnone\"><img decoding=\"async\" class=\"size-full wp-image-1996\" src=\"https:\/\/www.jinpinlub.net\/wp-content\/uploads\/2025\/07\/T6c-single-vane-pump5.jpg\" alt=\"T6c Einzelfl\u00fcgelzellenpumpe\" width=\"1200\" height=\"1120\" srcset=\"https:\/\/www.jinpinlub.net\/wp-content\/uploads\/2025\/07\/T6c-single-vane-pump5.jpg 1200w, https:\/\/www.jinpinlub.net\/wp-content\/uploads\/2025\/07\/T6c-single-vane-pump5-400x373.jpg 400w, https:\/\/www.jinpinlub.net\/wp-content\/uploads\/2025\/07\/T6c-single-vane-pump5-1024x956.jpg 1024w, https:\/\/www.jinpinlub.net\/wp-content\/uploads\/2025\/07\/T6c-single-vane-pump5-768x717.jpg 768w, https:\/\/www.jinpinlub.net\/wp-content\/uploads\/2025\/07\/T6c-single-vane-pump5-13x12.jpg 13w, https:\/\/www.jinpinlub.net\/wp-content\/uploads\/2025\/07\/T6c-single-vane-pump5-800x747.jpg 800w\" sizes=\"(max-width: 1200px) 100vw, 1200px\" \/><figcaption id=\"caption-attachment-1996\" class=\"wp-caption-text\">T6c Einzelfl\u00fcgelzellenpumpe<\/figcaption><\/figure>\n<h2>Hinweise<\/h2>\n<p>1. Vor dem Starten der T6C-Einzelpumpe muss etwas sauberes Hydraulik\u00f6l in den Pumpenk\u00f6rper gegeben und aufgef\u00fcllt werden.<br \/>\n2. Pr\u00fcfen Sie, ob die Drehrichtung der Einfl\u00fcgelpumpe mit dem vom Motor angezeigten Drehrichtungspfeil \u00fcbereinstimmt.<br \/>\n3. Beim ersten Anlauf der Hydraulikpumpe oder nach l\u00e4ngerem Stillstand kann es manchmal schwierig sein, \u00d6l aufzunehmen. Daher sollte am Pumpenauslass ein Auslassventil installiert oder die \u00d6lauslassrohrverbindung gel\u00f6st werden, um die Luft abzulassen. Versuchen Sie, die Pumpe im Leerlauf zu starten.<br \/>\n4. Die in der Pumpe und der Rohrleitung vermischte Luft verursacht L\u00e4rm und Vibrationen. Daher sollte die Pumpe wiederholt ohne Last gestartet und gestoppt werden, um die Luft abzulassen.<br \/>\n5. Bei \u00d6lpumpen mit Servomotorantrieb sollte zun\u00e4chst am Servotreiber eine niedrige Drehzahl f\u00fcr den Motor ausgew\u00e4hlt werden (vom Druckmodus wird auf den Drehzahlmodus umgeschaltet), und der Motor sollte etwa 3\u20135 Minuten lang mit niedriger Drehzahl laufen, um die Luft abzulassen. Nachdem die \u00d6lpumpe normal get\u00f6nt hat, kann er wieder auf die normale Drehzahl umgeschaltet werden.<\/p>\n<h2>Herunterladen<\/h2>\n<div class=\"sdm_download_button_box_default\"><div class=\"sdm_download_link\"><a href=\"https:\/\/www.jinpinlub.net\/de\/?sdm_process_download=1&download_id=1599\" class=\"sdm_download white\" title=\"Privat: T6\/T7 double vane pump\" target=\"&quot;_blank&quot;\">Datenblatt - T6\/T7 Doppelfl\u00fcgelpumpe<\/a><\/div><\/div>","protected":false},"excerpt":{"rendered":"<p>Die von Denison hergestellte Einzelfl\u00fcgelzellenpumpe der Serie T6C ist eine Hydraulikpumpe der Spitzenklasse, die das neue \u201emodulare\u201c Konzept einf\u00fchrt. In industriellen Hydrauliksystemen kann die T6C eine Alternative mit hohem Druck, geringer Ger\u00e4uschentwicklung und hoher Effizienz bieten. Kompakte Gr\u00f6\u00dfe, modulares Design und flexible Montageoptionen machen sie zu einer ausgezeichneten Option f\u00fcr zahlreiche Anwendungen.<\/p>","protected":false},"featured_media":2000,"template":"","meta":{"ocean_post_layout":"","ocean_both_sidebars_style":"","ocean_both_sidebars_content_width":0,"ocean_both_sidebars_sidebars_width":0,"ocean_sidebar":"0","ocean_second_sidebar":"0","ocean_disable_margins":"enable","ocean_add_body_class":"","ocean_shortcode_before_top_bar":"","ocean_shortcode_after_top_bar":"","ocean_shortcode_before_header":"","ocean_shortcode_after_header":"","ocean_has_shortcode":"","ocean_shortcode_after_title":"","ocean_shortcode_before_footer_widgets":"","ocean_shortcode_after_footer_widgets":"","ocean_shortcode_before_footer_bottom":"","ocean_shortcode_after_footer_bottom":"","ocean_display_top_bar":"default","ocean_display_header":"default","ocean_header_style":"","ocean_center_header_left_menu":"0","ocean_custom_header_template":"0","ocean_custom_logo":0,"ocean_custom_retina_logo":0,"ocean_custom_logo_max_width":0,"ocean_custom_logo_tablet_max_width":0,"ocean_custom_logo_mobile_max_width":0,"ocean_custom_logo_max_height":0,"ocean_custom_logo_tablet_max_height":0,"ocean_custom_logo_mobile_max_height":0,"ocean_header_custom_menu":"0","ocean_menu_typo_font_family":"0","ocean_menu_typo_font_subset":"","ocean_menu_typo_font_size":0,"ocean_menu_typo_font_size_tablet":0,"ocean_menu_typo_font_size_mobile":0,"ocean_menu_typo_font_size_unit":"px","ocean_menu_typo_font_weight":"","ocean_menu_typo_font_weight_tablet":"","ocean_menu_typo_font_weight_mobile":"","ocean_menu_typo_transform":"","ocean_menu_typo_transform_tablet":"","ocean_menu_typo_transform_mobile":"","ocean_menu_typo_line_height":0,"ocean_menu_typo_line_height_tablet":0,"ocean_menu_typo_line_height_mobile":0,"ocean_menu_typo_line_height_unit":"","ocean_menu_typo_spacing":0,"ocean_menu_typo_spacing_tablet":0,"ocean_menu_typo_spacing_mobile":0,"ocean_menu_typo_spacing_unit":"","ocean_menu_link_color":"","ocean_menu_link_color_hover":"","ocean_menu_link_color_active":"","ocean_menu_link_background":"","ocean_menu_link_hover_background":"","ocean_menu_link_active_background":"","ocean_menu_social_links_bg":"","ocean_menu_social_hover_links_bg":"","ocean_menu_social_links_color":"","ocean_menu_social_hover_links_color":"","ocean_disable_title":"default","ocean_disable_heading":"default","ocean_post_title":"","ocean_post_subheading":"","ocean_post_title_style":"","ocean_post_title_background_color":"","ocean_post_title_background":0,"ocean_post_title_bg_image_position":"","ocean_post_title_bg_image_attachment":"","ocean_post_title_bg_image_repeat":"","ocean_post_title_bg_image_size":"","ocean_post_title_height":0,"ocean_post_title_bg_overlay":0.5,"ocean_post_title_bg_overlay_color":"","ocean_disable_breadcrumbs":"default","ocean_breadcrumbs_color":"","ocean_breadcrumbs_separator_color":"","ocean_breadcrumbs_links_color":"","ocean_breadcrumbs_links_hover_color":"","ocean_display_footer_widgets":"default","ocean_display_footer_bottom":"default","ocean_custom_footer_template":"0","osh_disable_topbar_sticky":"default","osh_disable_header_sticky":"default","osh_sticky_header_style":"default","osh_sticky_header_effect":"","osh_custom_sticky_logo":0,"osh_custom_retina_sticky_logo":0,"osh_custom_sticky_logo_height":0,"osh_background_color":"","osh_links_color":"","osh_links_hover_color":"","osh_links_active_color":"","osh_links_bg_color":"","osh_links_hover_bg_color":"","osh_links_active_bg_color":"","osh_menu_social_links_color":"","osh_menu_social_hover_links_color":""},"product_brand":[],"product_cat":[37,47],"product_tag":[104,102,105,103,101],"class_list":{"0":"post-1994","1":"product","2":"type-product","3":"status-publish","4":"has-post-thumbnail","6":"product_cat-t6-t7-series-vane-pump","7":"product_cat-t6-t7-single-vane-pump","8":"product_tag-high-efficiency-hydraulic-pump","9":"product_tag-industrial-hydraulic-vane-pump","10":"product_tag-quantitative-vane-pump","11":"product_tag-single-vane-pump","12":"product_tag-t6c-vane-pump","14":"entry","15":"has-media","17":"first","18":"instock","19":"shipping-taxable","20":"product-type-external","21":"col","22":"span_1_of_3","23":"owp-content-center","24":"owp-thumbs-layout-horizontal","25":"owp-btn-very-big","26":"owp-tabs-layout-horizontal","27":"circle-sale"},"_links":{"self":[{"href":"https:\/\/www.jinpinlub.net\/de\/wp-json\/wp\/v2\/product\/1994","targetHints":{"allow":["GET"]}}],"collection":[{"href":"https:\/\/www.jinpinlub.net\/de\/wp-json\/wp\/v2\/product"}],"about":[{"href":"https:\/\/www.jinpinlub.net\/de\/wp-json\/wp\/v2\/types\/product"}],"version-history":[{"count":0,"href":"https:\/\/www.jinpinlub.net\/de\/wp-json\/wp\/v2\/product\/1994\/revisions"}],"wp:featuredmedia":[{"embeddable":true,"href":"https:\/\/www.jinpinlub.net\/de\/wp-json\/wp\/v2\/media\/2000"}],"wp:attachment":[{"href":"https:\/\/www.jinpinlub.net\/de\/wp-json\/wp\/v2\/media?parent=1994"}],"wp:term":[{"taxonomy":"product_brand","embeddable":true,"href":"https:\/\/www.jinpinlub.net\/de\/wp-json\/wp\/v2\/product_brand?post=1994"},{"taxonomy":"product_cat","embeddable":true,"href":"https:\/\/www.jinpinlub.net\/de\/wp-json\/wp\/v2\/product_cat?post=1994"},{"taxonomy":"product_tag","embeddable":true,"href":"https:\/\/www.jinpinlub.net\/de\/wp-json\/wp\/v2\/product_tag?post=1994"}],"curies":[{"name":"wp","href":"https:\/\/api.w.org\/{rel}","templated":true}]}}